{"id":841,"date":"2025-10-29T00:21:05","date_gmt":"2025-10-29T03:21:05","guid":{"rendered":"https:\/\/techcode4u.com\/lojavirtual\/?post_type=product&#038;p=841"},"modified":"2025-10-29T00:21:06","modified_gmt":"2025-10-29T03:21:06","slug":"placa-arduino-uno-atmega328-ch340-cabo-usb","status":"publish","type":"product","link":"https:\/\/techcode4u.com\/lojavirtual\/produto\/placa-arduino-uno-atmega328-ch340-cabo-usb\/","title":{"rendered":"Placa Arduino Uno Atmega328 Ch340 + Cabo Usb"},"content":{"rendered":"<h2>Placa Compat\u00edvel com Arduino Uno R3 ATmega328 (Chip CH340) + Cabo USB<\/h2>\n<p>&nbsp;<\/p>\n<p>A <b>Placa compat\u00edvel com Arduino Uno R3<\/b> \u00e9 o ponto de partida ideal para o mundo da eletr\u00f4nica e programa\u00e7\u00e3o. Baseada no microcontrolador <b>ATmega328<\/b>, ela oferece a mesma funcionalidade e pinagem da vers\u00e3o original, com a vantagem de um <b>custo-benef\u00edcio excelente<\/b> para estudantes, hobbistas e profissionais.<\/p>\n<p>Este kit inclui o essencial para voc\u00ea come\u00e7ar imediatamente: <b>a placa e o cabo USB<\/b> para programa\u00e7\u00e3o e alimenta\u00e7\u00e3o.<\/p>\n<p>&nbsp;<\/p>\n<h3>\u2728 Destaques Essenciais<\/h3>\n<p>&nbsp;<\/p>\n<ul>\n<li><b>Microcontrolador ATmega328:<\/b> A espinha dorsal do Arduino Uno, garantindo compatibilidade total com a IDE e bibliotecas existentes.<\/li>\n<li><b>Conversor USB\/Serial CH340:<\/b> Utiliza o chip CH340 para comunica\u00e7\u00e3o com o computador, oferecendo uma alternativa econ\u00f4mica ao chip original, mas com o mesmo desempenho (pode exigir a instala\u00e7\u00e3o de driver espec\u00edfico).<\/li>\n<li><b>Vers\u00e3o SMD:<\/b> O microcontrolador (ATmega328) \u00e9 montado diretamente na superf\u00edcie da placa (<i>Surface-Mount Device<\/i>), tornando-a mais compacta e robusta.<\/li>\n<li><b>Conex\u00e3o Imediata:<\/b> Acompanha <b>Cabo USB<\/b> para conex\u00e3o r\u00e1pida e segura ao seu computador.<\/li>\n<li><b>Plataforma de C\u00f3digo Aberto:<\/b> Perfeita para prototipagem r\u00e1pida, automa\u00e7\u00e3o residencial, rob\u00f3tica e projetos de IoT.<\/li>\n<\/ul>\n","protected":false},"excerpt":{"rendered":"<p>Placa Compat\u00edvel com Arduino Uno R3 ATmega328 (Chip CH340) + Cabo USB &nbsp; A Placa compat\u00edvel com Arduino Uno R3 \u00e9 o ponto de partida ideal para o mundo da eletr\u00f4nica e programa\u00e7\u00e3o. Baseada no microcontrolador ATmega328, ela oferece a mesma funcionalidade e pinagem da vers\u00e3o original, com a vantagem de um custo-benef\u00edcio excelente para [&hellip;]<\/p>\n","protected":false},"featured_media":842,"comment_status":"open","ping_status":"closed","template":"","meta":[],"pwb-brand":[],"product_brand":[],"product_cat":[41],"product_tag":[],"class_list":{"0":"post-841","1":"product","2":"type-product","3":"status-publish","4":"has-post-thumbnail","6":"product_cat-placas","8":"first","9":"instock","10":"shipping-taxable","11":"purchasable","12":"product-type-simple"},"yoast_head":"<!-- This site is optimized with the Yoast SEO plugin v26.5 - https:\/\/yoast.com\/wordpress\/plugins\/seo\/ -->\n<title>Placa Arduino Uno Atmega328 Ch340 + Cabo Usb - LojaVirtual<\/title>\n<meta name=\"robots\" content=\"index, follow, max-snippet:-1, max-image-preview:large, max-video-preview:-1\" \/>\n<link rel=\"canonical\" href=\"https:\/\/techcode4u.com\/lojavirtual\/produto\/placa-arduino-uno-atmega328-ch340-cabo-usb\/\" \/>\n<meta property=\"og:locale\" content=\"pt_BR\" \/>\n<meta property=\"og:type\" content=\"article\" \/>\n<meta property=\"og:title\" content=\"Placa Arduino Uno Atmega328 Ch340 + Cabo Usb - LojaVirtual\" \/>\n<meta property=\"og:description\" content=\"Placa Compat\u00edvel com Arduino Uno R3 ATmega328 (Chip CH340) + Cabo USB &nbsp; A Placa compat\u00edvel com Arduino Uno R3 \u00e9 o ponto de partida ideal para o mundo da eletr\u00f4nica e programa\u00e7\u00e3o. Baseada no microcontrolador ATmega328, ela oferece a mesma funcionalidade e pinagem da vers\u00e3o original, com a vantagem de um custo-benef\u00edcio excelente para [&hellip;]\" \/>\n<meta property=\"og:url\" content=\"https:\/\/techcode4u.com\/lojavirtual\/produto\/placa-arduino-uno-atmega328-ch340-cabo-usb\/\" \/>\n<meta property=\"og:site_name\" content=\"LojaVirtual\" \/>\n<meta property=\"article:modified_time\" content=\"2025-10-29T03:21:06+00:00\" \/>\n<meta property=\"og:image\" content=\"https:\/\/techcode4u.com\/lojavirtual\/wp-content\/uploads\/2025\/10\/placa-controladora-uno-r3-2-600x600-1.webp\" \/>\n\t<meta property=\"og:image:width\" content=\"600\" \/>\n\t<meta property=\"og:image:height\" content=\"600\" \/>\n\t<meta property=\"og:image:type\" content=\"image\/webp\" \/>\n<meta name=\"twitter:card\" content=\"summary_large_image\" \/>\n<meta name=\"twitter:label1\" content=\"Est. tempo de leitura\" \/>\n\t<meta name=\"twitter:data1\" content=\"1 minuto\" \/>\n<script type=\"application\/ld+json\" class=\"yoast-schema-graph\">{\"@context\":\"https:\/\/schema.org\",\"@graph\":[{\"@type\":\"WebPage\",\"@id\":\"https:\/\/techcode4u.com\/lojavirtual\/produto\/placa-arduino-uno-atmega328-ch340-cabo-usb\/\",\"url\":\"https:\/\/techcode4u.com\/lojavirtual\/produto\/placa-arduino-uno-atmega328-ch340-cabo-usb\/\",\"name\":\"Placa Arduino Uno Atmega328 Ch340 + Cabo Usb - LojaVirtual\",\"isPartOf\":{\"@id\":\"https:\/\/techcode4u.com\/lojavirtual\/#website\"},\"primaryImageOfPage\":{\"@id\":\"https:\/\/techcode4u.com\/lojavirtual\/produto\/placa-arduino-uno-atmega328-ch340-cabo-usb\/#primaryimage\"},\"image\":{\"@id\":\"https:\/\/techcode4u.com\/lojavirtual\/produto\/placa-arduino-uno-atmega328-ch340-cabo-usb\/#primaryimage\"},\"thumbnailUrl\":\"https:\/\/techcode4u.com\/lojavirtual\/wp-content\/uploads\/2025\/10\/placa-controladora-uno-r3-2-600x600-1.webp\",\"datePublished\":\"2025-10-29T03:21:05+00:00\",\"dateModified\":\"2025-10-29T03:21:06+00:00\",\"breadcrumb\":{\"@id\":\"https:\/\/techcode4u.com\/lojavirtual\/produto\/placa-arduino-uno-atmega328-ch340-cabo-usb\/#breadcrumb\"},\"inLanguage\":\"pt-BR\",\"potentialAction\":[{\"@type\":\"ReadAction\",\"target\":[\"https:\/\/techcode4u.com\/lojavirtual\/produto\/placa-arduino-uno-atmega328-ch340-cabo-usb\/\"]}]},{\"@type\":\"ImageObject\",\"inLanguage\":\"pt-BR\",\"@id\":\"https:\/\/techcode4u.com\/lojavirtual\/produto\/placa-arduino-uno-atmega328-ch340-cabo-usb\/#primaryimage\",\"url\":\"https:\/\/techcode4u.com\/lojavirtual\/wp-content\/uploads\/2025\/10\/placa-controladora-uno-r3-2-600x600-1.webp\",\"contentUrl\":\"https:\/\/techcode4u.com\/lojavirtual\/wp-content\/uploads\/2025\/10\/placa-controladora-uno-r3-2-600x600-1.webp\",\"width\":600,\"height\":600},{\"@type\":\"BreadcrumbList\",\"@id\":\"https:\/\/techcode4u.com\/lojavirtual\/produto\/placa-arduino-uno-atmega328-ch340-cabo-usb\/#breadcrumb\",\"itemListElement\":[{\"@type\":\"ListItem\",\"position\":1,\"name\":\"In\u00edcio\",\"item\":\"https:\/\/techcode4u.com\/lojavirtual\/\"},{\"@type\":\"ListItem\",\"position\":2,\"name\":\"Loja\",\"item\":\"https:\/\/techcode4u.com\/lojavirtual\/loja\/\"},{\"@type\":\"ListItem\",\"position\":3,\"name\":\"Placa Arduino Uno Atmega328 Ch340 + Cabo Usb\"}]},{\"@type\":\"WebSite\",\"@id\":\"https:\/\/techcode4u.com\/lojavirtual\/#website\",\"url\":\"https:\/\/techcode4u.com\/lojavirtual\/\",\"name\":\"Loja Virtual\",\"description\":\"LojaVirtual\",\"publisher\":{\"@id\":\"https:\/\/techcode4u.com\/lojavirtual\/#organization\"},\"potentialAction\":[{\"@type\":\"SearchAction\",\"target\":{\"@type\":\"EntryPoint\",\"urlTemplate\":\"https:\/\/techcode4u.com\/lojavirtual\/?s={search_term_string}\"},\"query-input\":{\"@type\":\"PropertyValueSpecification\",\"valueRequired\":true,\"valueName\":\"search_term_string\"}}],\"inLanguage\":\"pt-BR\"},{\"@type\":\"Organization\",\"@id\":\"https:\/\/techcode4u.com\/lojavirtual\/#organization\",\"name\":\"Bruno Eletr\u00f4nica\",\"url\":\"https:\/\/techcode4u.com\/lojavirtual\/\",\"logo\":{\"@type\":\"ImageObject\",\"inLanguage\":\"pt-BR\",\"@id\":\"https:\/\/techcode4u.com\/lojavirtual\/#\/schema\/logo\/image\/\",\"url\":\"https:\/\/techcode4u.com\/lojavirtual\/wp-content\/uploads\/2025\/10\/cropped-logomarca.png\",\"contentUrl\":\"https:\/\/techcode4u.com\/lojavirtual\/wp-content\/uploads\/2025\/10\/cropped-logomarca.png\",\"width\":595,\"height\":129,\"caption\":\"Bruno Eletr\u00f4nica\"},\"image\":{\"@id\":\"https:\/\/techcode4u.com\/lojavirtual\/#\/schema\/logo\/image\/\"}}]}<\/script>\n<!-- \/ Yoast SEO plugin. -->","yoast_head_json":{"title":"Placa Arduino Uno Atmega328 Ch340 + Cabo Usb - LojaVirtual","robots":{"index":"index","follow":"follow","max-snippet":"max-snippet:-1","max-image-preview":"max-image-preview:large","max-video-preview":"max-video-preview:-1"},"canonical":"https:\/\/techcode4u.com\/lojavirtual\/produto\/placa-arduino-uno-atmega328-ch340-cabo-usb\/","og_locale":"pt_BR","og_type":"article","og_title":"Placa Arduino Uno Atmega328 Ch340 + Cabo Usb - LojaVirtual","og_description":"Placa Compat\u00edvel com Arduino Uno R3 ATmega328 (Chip CH340) + Cabo USB &nbsp; A Placa compat\u00edvel com Arduino Uno R3 \u00e9 o ponto de partida ideal para o mundo da eletr\u00f4nica e programa\u00e7\u00e3o. Baseada no microcontrolador ATmega328, ela oferece a mesma funcionalidade e pinagem da vers\u00e3o original, com a vantagem de um custo-benef\u00edcio excelente para [&hellip;]","og_url":"https:\/\/techcode4u.com\/lojavirtual\/produto\/placa-arduino-uno-atmega328-ch340-cabo-usb\/","og_site_name":"LojaVirtual","article_modified_time":"2025-10-29T03:21:06+00:00","og_image":[{"width":600,"height":600,"url":"https:\/\/techcode4u.com\/lojavirtual\/wp-content\/uploads\/2025\/10\/placa-controladora-uno-r3-2-600x600-1.webp","type":"image\/webp"}],"twitter_card":"summary_large_image","twitter_misc":{"Est. tempo de leitura":"1 minuto"},"schema":{"@context":"https:\/\/schema.org","@graph":[{"@type":"WebPage","@id":"https:\/\/techcode4u.com\/lojavirtual\/produto\/placa-arduino-uno-atmega328-ch340-cabo-usb\/","url":"https:\/\/techcode4u.com\/lojavirtual\/produto\/placa-arduino-uno-atmega328-ch340-cabo-usb\/","name":"Placa Arduino Uno Atmega328 Ch340 + Cabo Usb - LojaVirtual","isPartOf":{"@id":"https:\/\/techcode4u.com\/lojavirtual\/#website"},"primaryImageOfPage":{"@id":"https:\/\/techcode4u.com\/lojavirtual\/produto\/placa-arduino-uno-atmega328-ch340-cabo-usb\/#primaryimage"},"image":{"@id":"https:\/\/techcode4u.com\/lojavirtual\/produto\/placa-arduino-uno-atmega328-ch340-cabo-usb\/#primaryimage"},"thumbnailUrl":"https:\/\/techcode4u.com\/lojavirtual\/wp-content\/uploads\/2025\/10\/placa-controladora-uno-r3-2-600x600-1.webp","datePublished":"2025-10-29T03:21:05+00:00","dateModified":"2025-10-29T03:21:06+00:00","breadcrumb":{"@id":"https:\/\/techcode4u.com\/lojavirtual\/produto\/placa-arduino-uno-atmega328-ch340-cabo-usb\/#breadcrumb"},"inLanguage":"pt-BR","potentialAction":[{"@type":"ReadAction","target":["https:\/\/techcode4u.com\/lojavirtual\/produto\/placa-arduino-uno-atmega328-ch340-cabo-usb\/"]}]},{"@type":"ImageObject","inLanguage":"pt-BR","@id":"https:\/\/techcode4u.com\/lojavirtual\/produto\/placa-arduino-uno-atmega328-ch340-cabo-usb\/#primaryimage","url":"https:\/\/techcode4u.com\/lojavirtual\/wp-content\/uploads\/2025\/10\/placa-controladora-uno-r3-2-600x600-1.webp","contentUrl":"https:\/\/techcode4u.com\/lojavirtual\/wp-content\/uploads\/2025\/10\/placa-controladora-uno-r3-2-600x600-1.webp","width":600,"height":600},{"@type":"BreadcrumbList","@id":"https:\/\/techcode4u.com\/lojavirtual\/produto\/placa-arduino-uno-atmega328-ch340-cabo-usb\/#breadcrumb","itemListElement":[{"@type":"ListItem","position":1,"name":"In\u00edcio","item":"https:\/\/techcode4u.com\/lojavirtual\/"},{"@type":"ListItem","position":2,"name":"Loja","item":"https:\/\/techcode4u.com\/lojavirtual\/loja\/"},{"@type":"ListItem","position":3,"name":"Placa Arduino Uno Atmega328 Ch340 + Cabo Usb"}]},{"@type":"WebSite","@id":"https:\/\/techcode4u.com\/lojavirtual\/#website","url":"https:\/\/techcode4u.com\/lojavirtual\/","name":"Loja Virtual","description":"LojaVirtual","publisher":{"@id":"https:\/\/techcode4u.com\/lojavirtual\/#organization"},"potentialAction":[{"@type":"SearchAction","target":{"@type":"EntryPoint","urlTemplate":"https:\/\/techcode4u.com\/lojavirtual\/?s={search_term_string}"},"query-input":{"@type":"PropertyValueSpecification","valueRequired":true,"valueName":"search_term_string"}}],"inLanguage":"pt-BR"},{"@type":"Organization","@id":"https:\/\/techcode4u.com\/lojavirtual\/#organization","name":"Bruno Eletr\u00f4nica","url":"https:\/\/techcode4u.com\/lojavirtual\/","logo":{"@type":"ImageObject","inLanguage":"pt-BR","@id":"https:\/\/techcode4u.com\/lojavirtual\/#\/schema\/logo\/image\/","url":"https:\/\/techcode4u.com\/lojavirtual\/wp-content\/uploads\/2025\/10\/cropped-logomarca.png","contentUrl":"https:\/\/techcode4u.com\/lojavirtual\/wp-content\/uploads\/2025\/10\/cropped-logomarca.png","width":595,"height":129,"caption":"Bruno Eletr\u00f4nica"},"image":{"@id":"https:\/\/techcode4u.com\/lojavirtual\/#\/schema\/logo\/image\/"}}]}},"brands":[],"_links":{"self":[{"href":"https:\/\/techcode4u.com\/lojavirtual\/wp-json\/wp\/v2\/product\/841","targetHints":{"allow":["GET"]}}],"collection":[{"href":"https:\/\/techcode4u.com\/lojavirtual\/wp-json\/wp\/v2\/product"}],"about":[{"href":"https:\/\/techcode4u.com\/lojavirtual\/wp-json\/wp\/v2\/types\/product"}],"replies":[{"embeddable":true,"href":"https:\/\/techcode4u.com\/lojavirtual\/wp-json\/wp\/v2\/comments?post=841"}],"wp:featuredmedia":[{"embeddable":true,"href":"https:\/\/techcode4u.com\/lojavirtual\/wp-json\/wp\/v2\/media\/842"}],"wp:attachment":[{"href":"https:\/\/techcode4u.com\/lojavirtual\/wp-json\/wp\/v2\/media?parent=841"}],"wp:term":[{"taxonomy":"pwb-brand","embeddable":true,"href":"https:\/\/techcode4u.com\/lojavirtual\/wp-json\/wp\/v2\/pwb-brand?post=841"},{"taxonomy":"product_brand","embeddable":true,"href":"https:\/\/techcode4u.com\/lojavirtual\/wp-json\/wp\/v2\/product_brand?post=841"},{"taxonomy":"product_cat","embeddable":true,"href":"https:\/\/techcode4u.com\/lojavirtual\/wp-json\/wp\/v2\/product_cat?post=841"},{"taxonomy":"product_tag","embeddable":true,"href":"https:\/\/techcode4u.com\/lojavirtual\/wp-json\/wp\/v2\/product_tag?post=841"}],"curies":[{"name":"wp","href":"https:\/\/api.w.org\/{rel}","templated":true}]}}