{"id":839,"date":"2025-10-29T00:18:49","date_gmt":"2025-10-29T03:18:49","guid":{"rendered":"https:\/\/techcode4u.com\/lojavirtual\/?post_type=product&#038;p=839"},"modified":"2025-10-29T00:19:02","modified_gmt":"2025-10-29T03:19:02","slug":"caixa-de-som-amplif-aquario-hype-250-8-pol-preta","status":"publish","type":"product","link":"https:\/\/techcode4u.com\/lojavirtual\/produto\/caixa-de-som-amplif-aquario-hype-250-8-pol-preta\/","title":{"rendered":"Caixa De Som Amplif. Aquario Hype 250 8 Pol. Preta"},"content":{"rendered":"<h2>Caixa de Som Amplificada Port\u00e1til Aqu\u00e1rio Hype 250 (8 Polegadas)<\/h2>\n<p>&nbsp;<\/p>\n<p>Leve a festa para onde quiser! A <b>Aqu\u00e1rio Hype 250<\/b> combina <b>250W de pot\u00eancia<\/b> com a praticidade da portabilidade. Com um <b>Woofer de 8 polegadas<\/b>, esta caixa garante graves potentes e o \u00e1udio de alta qualidade que seu evento merece, seja em casa, na praia ou na festa.<\/p>\n<p>&nbsp;<\/p>\n<h3>\u2728 Destaques da Hype 250<\/h3>\n<p>&nbsp;<\/p>\n<ul>\n<li><b>Pot\u00eancia e \u00c1udio:<\/b> 250W de pot\u00eancia de pico e Woofer de 8&#8243; para um som alto e claro.<\/li>\n<li><b>Conex\u00e3o TWS (True Wireless Stereo):<\/b> Conecte duas caixas Hype 250 (vendidas separadamente) para dobrar a pot\u00eancia e criar um som est\u00e9reo envolvente.<\/li>\n<li><b>Bateria de Longa Dura\u00e7\u00e3o:<\/b> Curta suas m\u00fasicas por horas com a bateria recarreg\u00e1vel.<\/li>\n<li><b>Multiconex\u00e3o:<\/b> Bluetooth 5.0, R\u00e1dio FM, entradas USB (Pen Drive), Micro SD e AUX (P2).<\/li>\n<li><b>Karaok\u00ea Garantido:<\/b> Possui entrada P10 para microfone, ideal para soltar a voz! (Acompanha 1 microfone em algumas vers\u00f5es).<\/li>\n<li><b>Design Port\u00e1til:<\/b> Tamanho compacto, al\u00e7a para transporte e luzes LED coloridas para animar o ambiente.<\/li>\n<\/ul>\n<p><b>Leve a Hype 250 e garanta a batida perfeita em qualquer lugar!<\/b><\/p>\n","protected":false},"excerpt":{"rendered":"<p>Caixa de Som Amplificada Port\u00e1til Aqu\u00e1rio Hype 250 (8 Polegadas) &nbsp; Leve a festa para onde quiser! A Aqu\u00e1rio Hype 250 combina 250W de pot\u00eancia com a praticidade da portabilidade. Com um Woofer de 8 polegadas, esta caixa garante graves potentes e o \u00e1udio de alta qualidade que seu evento merece, seja em casa, na [&hellip;]<\/p>\n","protected":false},"featured_media":840,"comment_status":"open","ping_status":"closed","template":"","meta":[],"pwb-brand":[],"product_brand":[],"product_cat":[39],"product_tag":[],"class_list":{"0":"post-839","1":"product","2":"type-product","3":"status-publish","4":"has-post-thumbnail","6":"product_cat-perifericos","8":"first","9":"instock","10":"shipping-taxable","11":"purchasable","12":"product-type-simple"},"yoast_head":"<!-- This site is optimized with the Yoast SEO plugin v26.5 - https:\/\/yoast.com\/wordpress\/plugins\/seo\/ -->\n<title>Caixa De Som Amplif. Aquario Hype 250 8 Pol. Preta - LojaVirtual<\/title>\n<meta name=\"robots\" content=\"index, follow, max-snippet:-1, max-image-preview:large, max-video-preview:-1\" \/>\n<link rel=\"canonical\" href=\"https:\/\/techcode4u.com\/lojavirtual\/produto\/caixa-de-som-amplif-aquario-hype-250-8-pol-preta\/\" \/>\n<meta property=\"og:locale\" content=\"pt_BR\" \/>\n<meta property=\"og:type\" content=\"article\" \/>\n<meta property=\"og:title\" content=\"Caixa De Som Amplif. Aquario Hype 250 8 Pol. Preta - LojaVirtual\" \/>\n<meta property=\"og:description\" content=\"Caixa de Som Amplificada Port\u00e1til Aqu\u00e1rio Hype 250 (8 Polegadas) &nbsp; Leve a festa para onde quiser! A Aqu\u00e1rio Hype 250 combina 250W de pot\u00eancia com a praticidade da portabilidade. Com um Woofer de 8 polegadas, esta caixa garante graves potentes e o \u00e1udio de alta qualidade que seu evento merece, seja em casa, na [&hellip;]\" \/>\n<meta property=\"og:url\" content=\"https:\/\/techcode4u.com\/lojavirtual\/produto\/caixa-de-som-amplif-aquario-hype-250-8-pol-preta\/\" \/>\n<meta property=\"og:site_name\" content=\"LojaVirtual\" \/>\n<meta property=\"article:modified_time\" content=\"2025-10-29T03:19:02+00:00\" \/>\n<meta property=\"og:image\" content=\"https:\/\/techcode4u.com\/lojavirtual\/wp-content\/uploads\/2025\/10\/27907.jpg\" \/>\n\t<meta property=\"og:image:width\" content=\"1080\" \/>\n\t<meta property=\"og:image:height\" content=\"1080\" \/>\n\t<meta property=\"og:image:type\" content=\"image\/jpeg\" \/>\n<meta name=\"twitter:card\" content=\"summary_large_image\" \/>\n<meta name=\"twitter:label1\" content=\"Est. tempo de leitura\" \/>\n\t<meta name=\"twitter:data1\" content=\"1 minuto\" \/>\n<script type=\"application\/ld+json\" class=\"yoast-schema-graph\">{\"@context\":\"https:\/\/schema.org\",\"@graph\":[{\"@type\":\"WebPage\",\"@id\":\"https:\/\/techcode4u.com\/lojavirtual\/produto\/caixa-de-som-amplif-aquario-hype-250-8-pol-preta\/\",\"url\":\"https:\/\/techcode4u.com\/lojavirtual\/produto\/caixa-de-som-amplif-aquario-hype-250-8-pol-preta\/\",\"name\":\"Caixa De Som Amplif. Aquario Hype 250 8 Pol. Preta - LojaVirtual\",\"isPartOf\":{\"@id\":\"https:\/\/techcode4u.com\/lojavirtual\/#website\"},\"primaryImageOfPage\":{\"@id\":\"https:\/\/techcode4u.com\/lojavirtual\/produto\/caixa-de-som-amplif-aquario-hype-250-8-pol-preta\/#primaryimage\"},\"image\":{\"@id\":\"https:\/\/techcode4u.com\/lojavirtual\/produto\/caixa-de-som-amplif-aquario-hype-250-8-pol-preta\/#primaryimage\"},\"thumbnailUrl\":\"https:\/\/techcode4u.com\/lojavirtual\/wp-content\/uploads\/2025\/10\/27907.jpg\",\"datePublished\":\"2025-10-29T03:18:49+00:00\",\"dateModified\":\"2025-10-29T03:19:02+00:00\",\"breadcrumb\":{\"@id\":\"https:\/\/techcode4u.com\/lojavirtual\/produto\/caixa-de-som-amplif-aquario-hype-250-8-pol-preta\/#breadcrumb\"},\"inLanguage\":\"pt-BR\",\"potentialAction\":[{\"@type\":\"ReadAction\",\"target\":[\"https:\/\/techcode4u.com\/lojavirtual\/produto\/caixa-de-som-amplif-aquario-hype-250-8-pol-preta\/\"]}]},{\"@type\":\"ImageObject\",\"inLanguage\":\"pt-BR\",\"@id\":\"https:\/\/techcode4u.com\/lojavirtual\/produto\/caixa-de-som-amplif-aquario-hype-250-8-pol-preta\/#primaryimage\",\"url\":\"https:\/\/techcode4u.com\/lojavirtual\/wp-content\/uploads\/2025\/10\/27907.jpg\",\"contentUrl\":\"https:\/\/techcode4u.com\/lojavirtual\/wp-content\/uploads\/2025\/10\/27907.jpg\",\"width\":1080,\"height\":1080},{\"@type\":\"BreadcrumbList\",\"@id\":\"https:\/\/techcode4u.com\/lojavirtual\/produto\/caixa-de-som-amplif-aquario-hype-250-8-pol-preta\/#breadcrumb\",\"itemListElement\":[{\"@type\":\"ListItem\",\"position\":1,\"name\":\"In\u00edcio\",\"item\":\"https:\/\/techcode4u.com\/lojavirtual\/\"},{\"@type\":\"ListItem\",\"position\":2,\"name\":\"Loja\",\"item\":\"https:\/\/techcode4u.com\/lojavirtual\/loja\/\"},{\"@type\":\"ListItem\",\"position\":3,\"name\":\"Caixa De Som Amplif. Aquario Hype 250 8 Pol. Preta\"}]},{\"@type\":\"WebSite\",\"@id\":\"https:\/\/techcode4u.com\/lojavirtual\/#website\",\"url\":\"https:\/\/techcode4u.com\/lojavirtual\/\",\"name\":\"Loja Virtual\",\"description\":\"LojaVirtual\",\"publisher\":{\"@id\":\"https:\/\/techcode4u.com\/lojavirtual\/#organization\"},\"potentialAction\":[{\"@type\":\"SearchAction\",\"target\":{\"@type\":\"EntryPoint\",\"urlTemplate\":\"https:\/\/techcode4u.com\/lojavirtual\/?s={search_term_string}\"},\"query-input\":{\"@type\":\"PropertyValueSpecification\",\"valueRequired\":true,\"valueName\":\"search_term_string\"}}],\"inLanguage\":\"pt-BR\"},{\"@type\":\"Organization\",\"@id\":\"https:\/\/techcode4u.com\/lojavirtual\/#organization\",\"name\":\"Bruno Eletr\u00f4nica\",\"url\":\"https:\/\/techcode4u.com\/lojavirtual\/\",\"logo\":{\"@type\":\"ImageObject\",\"inLanguage\":\"pt-BR\",\"@id\":\"https:\/\/techcode4u.com\/lojavirtual\/#\/schema\/logo\/image\/\",\"url\":\"https:\/\/techcode4u.com\/lojavirtual\/wp-content\/uploads\/2025\/10\/cropped-logomarca.png\",\"contentUrl\":\"https:\/\/techcode4u.com\/lojavirtual\/wp-content\/uploads\/2025\/10\/cropped-logomarca.png\",\"width\":595,\"height\":129,\"caption\":\"Bruno Eletr\u00f4nica\"},\"image\":{\"@id\":\"https:\/\/techcode4u.com\/lojavirtual\/#\/schema\/logo\/image\/\"}}]}<\/script>\n<!-- \/ Yoast SEO plugin. -->","yoast_head_json":{"title":"Caixa De Som Amplif. Aquario Hype 250 8 Pol. Preta - LojaVirtual","robots":{"index":"index","follow":"follow","max-snippet":"max-snippet:-1","max-image-preview":"max-image-preview:large","max-video-preview":"max-video-preview:-1"},"canonical":"https:\/\/techcode4u.com\/lojavirtual\/produto\/caixa-de-som-amplif-aquario-hype-250-8-pol-preta\/","og_locale":"pt_BR","og_type":"article","og_title":"Caixa De Som Amplif. Aquario Hype 250 8 Pol. Preta - LojaVirtual","og_description":"Caixa de Som Amplificada Port\u00e1til Aqu\u00e1rio Hype 250 (8 Polegadas) &nbsp; Leve a festa para onde quiser! A Aqu\u00e1rio Hype 250 combina 250W de pot\u00eancia com a praticidade da portabilidade. Com um Woofer de 8 polegadas, esta caixa garante graves potentes e o \u00e1udio de alta qualidade que seu evento merece, seja em casa, na [&hellip;]","og_url":"https:\/\/techcode4u.com\/lojavirtual\/produto\/caixa-de-som-amplif-aquario-hype-250-8-pol-preta\/","og_site_name":"LojaVirtual","article_modified_time":"2025-10-29T03:19:02+00:00","og_image":[{"width":1080,"height":1080,"url":"https:\/\/techcode4u.com\/lojavirtual\/wp-content\/uploads\/2025\/10\/27907.jpg","type":"image\/jpeg"}],"twitter_card":"summary_large_image","twitter_misc":{"Est. tempo de leitura":"1 minuto"},"schema":{"@context":"https:\/\/schema.org","@graph":[{"@type":"WebPage","@id":"https:\/\/techcode4u.com\/lojavirtual\/produto\/caixa-de-som-amplif-aquario-hype-250-8-pol-preta\/","url":"https:\/\/techcode4u.com\/lojavirtual\/produto\/caixa-de-som-amplif-aquario-hype-250-8-pol-preta\/","name":"Caixa De Som Amplif. Aquario Hype 250 8 Pol. Preta - LojaVirtual","isPartOf":{"@id":"https:\/\/techcode4u.com\/lojavirtual\/#website"},"primaryImageOfPage":{"@id":"https:\/\/techcode4u.com\/lojavirtual\/produto\/caixa-de-som-amplif-aquario-hype-250-8-pol-preta\/#primaryimage"},"image":{"@id":"https:\/\/techcode4u.com\/lojavirtual\/produto\/caixa-de-som-amplif-aquario-hype-250-8-pol-preta\/#primaryimage"},"thumbnailUrl":"https:\/\/techcode4u.com\/lojavirtual\/wp-content\/uploads\/2025\/10\/27907.jpg","datePublished":"2025-10-29T03:18:49+00:00","dateModified":"2025-10-29T03:19:02+00:00","breadcrumb":{"@id":"https:\/\/techcode4u.com\/lojavirtual\/produto\/caixa-de-som-amplif-aquario-hype-250-8-pol-preta\/#breadcrumb"},"inLanguage":"pt-BR","potentialAction":[{"@type":"ReadAction","target":["https:\/\/techcode4u.com\/lojavirtual\/produto\/caixa-de-som-amplif-aquario-hype-250-8-pol-preta\/"]}]},{"@type":"ImageObject","inLanguage":"pt-BR","@id":"https:\/\/techcode4u.com\/lojavirtual\/produto\/caixa-de-som-amplif-aquario-hype-250-8-pol-preta\/#primaryimage","url":"https:\/\/techcode4u.com\/lojavirtual\/wp-content\/uploads\/2025\/10\/27907.jpg","contentUrl":"https:\/\/techcode4u.com\/lojavirtual\/wp-content\/uploads\/2025\/10\/27907.jpg","width":1080,"height":1080},{"@type":"BreadcrumbList","@id":"https:\/\/techcode4u.com\/lojavirtual\/produto\/caixa-de-som-amplif-aquario-hype-250-8-pol-preta\/#breadcrumb","itemListElement":[{"@type":"ListItem","position":1,"name":"In\u00edcio","item":"https:\/\/techcode4u.com\/lojavirtual\/"},{"@type":"ListItem","position":2,"name":"Loja","item":"https:\/\/techcode4u.com\/lojavirtual\/loja\/"},{"@type":"ListItem","position":3,"name":"Caixa De Som Amplif. Aquario Hype 250 8 Pol. Preta"}]},{"@type":"WebSite","@id":"https:\/\/techcode4u.com\/lojavirtual\/#website","url":"https:\/\/techcode4u.com\/lojavirtual\/","name":"Loja Virtual","description":"LojaVirtual","publisher":{"@id":"https:\/\/techcode4u.com\/lojavirtual\/#organization"},"potentialAction":[{"@type":"SearchAction","target":{"@type":"EntryPoint","urlTemplate":"https:\/\/techcode4u.com\/lojavirtual\/?s={search_term_string}"},"query-input":{"@type":"PropertyValueSpecification","valueRequired":true,"valueName":"search_term_string"}}],"inLanguage":"pt-BR"},{"@type":"Organization","@id":"https:\/\/techcode4u.com\/lojavirtual\/#organization","name":"Bruno Eletr\u00f4nica","url":"https:\/\/techcode4u.com\/lojavirtual\/","logo":{"@type":"ImageObject","inLanguage":"pt-BR","@id":"https:\/\/techcode4u.com\/lojavirtual\/#\/schema\/logo\/image\/","url":"https:\/\/techcode4u.com\/lojavirtual\/wp-content\/uploads\/2025\/10\/cropped-logomarca.png","contentUrl":"https:\/\/techcode4u.com\/lojavirtual\/wp-content\/uploads\/2025\/10\/cropped-logomarca.png","width":595,"height":129,"caption":"Bruno Eletr\u00f4nica"},"image":{"@id":"https:\/\/techcode4u.com\/lojavirtual\/#\/schema\/logo\/image\/"}}]}},"brands":[],"_links":{"self":[{"href":"https:\/\/techcode4u.com\/lojavirtual\/wp-json\/wp\/v2\/product\/839","targetHints":{"allow":["GET"]}}],"collection":[{"href":"https:\/\/techcode4u.com\/lojavirtual\/wp-json\/wp\/v2\/product"}],"about":[{"href":"https:\/\/techcode4u.com\/lojavirtual\/wp-json\/wp\/v2\/types\/product"}],"replies":[{"embeddable":true,"href":"https:\/\/techcode4u.com\/lojavirtual\/wp-json\/wp\/v2\/comments?post=839"}],"wp:featuredmedia":[{"embeddable":true,"href":"https:\/\/techcode4u.com\/lojavirtual\/wp-json\/wp\/v2\/media\/840"}],"wp:attachment":[{"href":"https:\/\/techcode4u.com\/lojavirtual\/wp-json\/wp\/v2\/media?parent=839"}],"wp:term":[{"taxonomy":"pwb-brand","embeddable":true,"href":"https:\/\/techcode4u.com\/lojavirtual\/wp-json\/wp\/v2\/pwb-brand?post=839"},{"taxonomy":"product_brand","embeddable":true,"href":"https:\/\/techcode4u.com\/lojavirtual\/wp-json\/wp\/v2\/product_brand?post=839"},{"taxonomy":"product_cat","embeddable":true,"href":"https:\/\/techcode4u.com\/lojavirtual\/wp-json\/wp\/v2\/product_cat?post=839"},{"taxonomy":"product_tag","embeddable":true,"href":"https:\/\/techcode4u.com\/lojavirtual\/wp-json\/wp\/v2\/product_tag?post=839"}],"curies":[{"name":"wp","href":"https:\/\/api.w.org\/{rel}","templated":true}]}}