{"id":837,"date":"2025-10-29T00:12:11","date_gmt":"2025-10-29T03:12:11","guid":{"rendered":"https:\/\/techcode4u.com\/lojavirtual\/?post_type=product&#038;p=837"},"modified":"2025-10-29T00:12:11","modified_gmt":"2025-10-29T03:12:11","slug":"fone-de-ouv-jbl-t110blk-preto","status":"publish","type":"product","link":"https:\/\/techcode4u.com\/lojavirtual\/produto\/fone-de-ouv-jbl-t110blk-preto\/","title":{"rendered":"Fone De Ouv.jbl T110blk Preto"},"content":{"rendered":"<h2>Fone de Ouvido JBL T110BLK Preto | Som Pure Bass<\/h2>\n<p>&nbsp;<\/p>\n<p>O <b>Fone de Ouvido Intra-auricular JBL T110<\/b> na cor preta \u00e9 o seu companheiro ideal para o dia a dia. Leve, confort\u00e1vel e compacto, ele traz a renomada <b>Sonoridade JBL Pure Bass<\/b> que voc\u00ea experimenta em grandes palcos e est\u00fadios de grava\u00e7\u00e3o, com graves profundos e potentes.<\/p>\n<p>&nbsp;<\/p>\n<h3>\u2728 Destaques Essenciais<\/h3>\n<p>&nbsp;<\/p>\n<ul>\n<li><b>JBL Pure Bass Sound:<\/b> Desfrute de um \u00e1udio grandioso, com graves poderosos e o som de qualidade JBL.<\/li>\n<li><b>Cabo Chato que N\u00e3o Enrola:<\/b> Projetado com cabo flat, garante durabilidade e evita emaranhados e n\u00f3s na hora de guardar.<\/li>\n<li><b>Controle de 1 Bot\u00e3o e Microfone:<\/b> Controle a reprodu\u00e7\u00e3o de m\u00fasicas e atenda chamadas em tempo real com facilidade usando o microfone embutido.<\/li>\n<li><b>Conex\u00e3o Universal:<\/b> Plugue P2 de 3,5 mm, compat\u00edvel com a maioria dos smartphones (iOS e Android), tablets e dispositivos de \u00e1udio.<\/li>\n<\/ul>\n<p>&nbsp;<\/p>\n<h3>\ud83d\udccb Especifica\u00e7\u00f5es Principais<\/h3>\n<p>&nbsp;<\/p>\n<table>\n<thead>\n<tr>\n<td><strong>Caracter\u00edstica<\/strong><\/td>\n<td><strong>Detalhe<\/strong><\/td>\n<\/tr>\n<\/thead>\n<tbody>\n<tr>\n<td><b>Tipo<\/b><\/td>\n<td>Intra-auricular (In-ear) com fio<\/td>\n<\/tr>\n<tr>\n<td><b>Driver<\/b><\/td>\n<td>9 mm<\/td>\n<\/tr>\n<tr>\n<td><b>Resposta de Frequ\u00eancia<\/b><\/td>\n<td>20 Hz \u2013 20 kHz<\/td>\n<\/tr>\n<tr>\n<td><b>Imped\u00e2ncia<\/b><\/td>\n<td>16 ohms<\/td>\n<\/tr>\n<tr>\n<td><b>Conector<\/b><\/td>\n<td>P2 (3,5 mm)<\/td>\n<\/tr>\n<tr>\n<td><b>Microfone<\/b><\/td>\n<td>Sim (integrado no controle de 1 bot\u00e3o)<\/td>\n<\/tr>\n<tr>\n<td><b>Cor<\/b><\/td>\n<td>Preto (BLK)<\/td>\n<\/tr>\n<\/tbody>\n<\/table>\n","protected":false},"excerpt":{"rendered":"<p>Fone de Ouvido JBL T110BLK Preto | Som Pure Bass &nbsp; O Fone de Ouvido Intra-auricular JBL T110 na cor preta \u00e9 o seu companheiro ideal para o dia a dia. Leve, confort\u00e1vel e compacto, ele traz a renomada Sonoridade JBL Pure Bass que voc\u00ea experimenta em grandes palcos e est\u00fadios de grava\u00e7\u00e3o, com graves [&hellip;]<\/p>\n","protected":false},"featured_media":838,"comment_status":"open","ping_status":"closed","template":"","meta":[],"pwb-brand":[],"product_brand":[],"product_cat":[39],"product_tag":[],"class_list":{"0":"post-837","1":"product","2":"type-product","3":"status-publish","4":"has-post-thumbnail","6":"product_cat-perifericos","8":"first","9":"instock","10":"shipping-taxable","11":"purchasable","12":"product-type-simple"},"yoast_head":"<!-- This site is optimized with the Yoast SEO plugin v26.5 - https:\/\/yoast.com\/wordpress\/plugins\/seo\/ -->\n<title>Fone De Ouv.jbl T110blk Preto - LojaVirtual<\/title>\n<meta name=\"robots\" content=\"index, follow, max-snippet:-1, max-image-preview:large, max-video-preview:-1\" \/>\n<link rel=\"canonical\" href=\"https:\/\/techcode4u.com\/lojavirtual\/produto\/fone-de-ouv-jbl-t110blk-preto\/\" \/>\n<meta property=\"og:locale\" content=\"pt_BR\" \/>\n<meta property=\"og:type\" content=\"article\" \/>\n<meta property=\"og:title\" content=\"Fone De Ouv.jbl T110blk Preto - LojaVirtual\" \/>\n<meta property=\"og:description\" content=\"Fone de Ouvido JBL T110BLK Preto | Som Pure Bass &nbsp; O Fone de Ouvido Intra-auricular JBL T110 na cor preta \u00e9 o seu companheiro ideal para o dia a dia. Leve, confort\u00e1vel e compacto, ele traz a renomada Sonoridade JBL Pure Bass que voc\u00ea experimenta em grandes palcos e est\u00fadios de grava\u00e7\u00e3o, com graves [&hellip;]\" \/>\n<meta property=\"og:url\" content=\"https:\/\/techcode4u.com\/lojavirtual\/produto\/fone-de-ouv-jbl-t110blk-preto\/\" \/>\n<meta property=\"og:site_name\" content=\"LojaVirtual\" \/>\n<meta property=\"og:image\" content=\"https:\/\/techcode4u.com\/lojavirtual\/wp-content\/uploads\/2025\/10\/D_NQ_NP_960962-MLB53313583109_012023-O-fone-de-ouvido-jbl-t110-blk-preto.webp\" \/>\n\t<meta property=\"og:image:width\" content=\"455\" \/>\n\t<meta property=\"og:image:height\" content=\"500\" \/>\n\t<meta property=\"og:image:type\" content=\"image\/webp\" \/>\n<meta name=\"twitter:card\" content=\"summary_large_image\" \/>\n<meta name=\"twitter:label1\" content=\"Est. tempo de leitura\" \/>\n\t<meta name=\"twitter:data1\" content=\"1 minuto\" \/>\n<script type=\"application\/ld+json\" class=\"yoast-schema-graph\">{\"@context\":\"https:\/\/schema.org\",\"@graph\":[{\"@type\":\"WebPage\",\"@id\":\"https:\/\/techcode4u.com\/lojavirtual\/produto\/fone-de-ouv-jbl-t110blk-preto\/\",\"url\":\"https:\/\/techcode4u.com\/lojavirtual\/produto\/fone-de-ouv-jbl-t110blk-preto\/\",\"name\":\"Fone De Ouv.jbl T110blk Preto - LojaVirtual\",\"isPartOf\":{\"@id\":\"https:\/\/techcode4u.com\/lojavirtual\/#website\"},\"primaryImageOfPage\":{\"@id\":\"https:\/\/techcode4u.com\/lojavirtual\/produto\/fone-de-ouv-jbl-t110blk-preto\/#primaryimage\"},\"image\":{\"@id\":\"https:\/\/techcode4u.com\/lojavirtual\/produto\/fone-de-ouv-jbl-t110blk-preto\/#primaryimage\"},\"thumbnailUrl\":\"https:\/\/techcode4u.com\/lojavirtual\/wp-content\/uploads\/2025\/10\/D_NQ_NP_960962-MLB53313583109_012023-O-fone-de-ouvido-jbl-t110-blk-preto.webp\",\"datePublished\":\"2025-10-29T03:12:11+00:00\",\"breadcrumb\":{\"@id\":\"https:\/\/techcode4u.com\/lojavirtual\/produto\/fone-de-ouv-jbl-t110blk-preto\/#breadcrumb\"},\"inLanguage\":\"pt-BR\",\"potentialAction\":[{\"@type\":\"ReadAction\",\"target\":[\"https:\/\/techcode4u.com\/lojavirtual\/produto\/fone-de-ouv-jbl-t110blk-preto\/\"]}]},{\"@type\":\"ImageObject\",\"inLanguage\":\"pt-BR\",\"@id\":\"https:\/\/techcode4u.com\/lojavirtual\/produto\/fone-de-ouv-jbl-t110blk-preto\/#primaryimage\",\"url\":\"https:\/\/techcode4u.com\/lojavirtual\/wp-content\/uploads\/2025\/10\/D_NQ_NP_960962-MLB53313583109_012023-O-fone-de-ouvido-jbl-t110-blk-preto.webp\",\"contentUrl\":\"https:\/\/techcode4u.com\/lojavirtual\/wp-content\/uploads\/2025\/10\/D_NQ_NP_960962-MLB53313583109_012023-O-fone-de-ouvido-jbl-t110-blk-preto.webp\",\"width\":455,\"height\":500},{\"@type\":\"BreadcrumbList\",\"@id\":\"https:\/\/techcode4u.com\/lojavirtual\/produto\/fone-de-ouv-jbl-t110blk-preto\/#breadcrumb\",\"itemListElement\":[{\"@type\":\"ListItem\",\"position\":1,\"name\":\"In\u00edcio\",\"item\":\"https:\/\/techcode4u.com\/lojavirtual\/\"},{\"@type\":\"ListItem\",\"position\":2,\"name\":\"Loja\",\"item\":\"https:\/\/techcode4u.com\/lojavirtual\/loja\/\"},{\"@type\":\"ListItem\",\"position\":3,\"name\":\"Fone De Ouv.jbl T110blk Preto\"}]},{\"@type\":\"WebSite\",\"@id\":\"https:\/\/techcode4u.com\/lojavirtual\/#website\",\"url\":\"https:\/\/techcode4u.com\/lojavirtual\/\",\"name\":\"Loja Virtual\",\"description\":\"LojaVirtual\",\"publisher\":{\"@id\":\"https:\/\/techcode4u.com\/lojavirtual\/#organization\"},\"potentialAction\":[{\"@type\":\"SearchAction\",\"target\":{\"@type\":\"EntryPoint\",\"urlTemplate\":\"https:\/\/techcode4u.com\/lojavirtual\/?s={search_term_string}\"},\"query-input\":{\"@type\":\"PropertyValueSpecification\",\"valueRequired\":true,\"valueName\":\"search_term_string\"}}],\"inLanguage\":\"pt-BR\"},{\"@type\":\"Organization\",\"@id\":\"https:\/\/techcode4u.com\/lojavirtual\/#organization\",\"name\":\"Bruno Eletr\u00f4nica\",\"url\":\"https:\/\/techcode4u.com\/lojavirtual\/\",\"logo\":{\"@type\":\"ImageObject\",\"inLanguage\":\"pt-BR\",\"@id\":\"https:\/\/techcode4u.com\/lojavirtual\/#\/schema\/logo\/image\/\",\"url\":\"https:\/\/techcode4u.com\/lojavirtual\/wp-content\/uploads\/2025\/10\/cropped-logomarca.png\",\"contentUrl\":\"https:\/\/techcode4u.com\/lojavirtual\/wp-content\/uploads\/2025\/10\/cropped-logomarca.png\",\"width\":595,\"height\":129,\"caption\":\"Bruno Eletr\u00f4nica\"},\"image\":{\"@id\":\"https:\/\/techcode4u.com\/lojavirtual\/#\/schema\/logo\/image\/\"}}]}<\/script>\n<!-- \/ Yoast SEO plugin. -->","yoast_head_json":{"title":"Fone De Ouv.jbl T110blk Preto - LojaVirtual","robots":{"index":"index","follow":"follow","max-snippet":"max-snippet:-1","max-image-preview":"max-image-preview:large","max-video-preview":"max-video-preview:-1"},"canonical":"https:\/\/techcode4u.com\/lojavirtual\/produto\/fone-de-ouv-jbl-t110blk-preto\/","og_locale":"pt_BR","og_type":"article","og_title":"Fone De Ouv.jbl T110blk Preto - LojaVirtual","og_description":"Fone de Ouvido JBL T110BLK Preto | Som Pure Bass &nbsp; O Fone de Ouvido Intra-auricular JBL T110 na cor preta \u00e9 o seu companheiro ideal para o dia a dia. Leve, confort\u00e1vel e compacto, ele traz a renomada Sonoridade JBL Pure Bass que voc\u00ea experimenta em grandes palcos e est\u00fadios de grava\u00e7\u00e3o, com graves [&hellip;]","og_url":"https:\/\/techcode4u.com\/lojavirtual\/produto\/fone-de-ouv-jbl-t110blk-preto\/","og_site_name":"LojaVirtual","og_image":[{"width":455,"height":500,"url":"https:\/\/techcode4u.com\/lojavirtual\/wp-content\/uploads\/2025\/10\/D_NQ_NP_960962-MLB53313583109_012023-O-fone-de-ouvido-jbl-t110-blk-preto.webp","type":"image\/webp"}],"twitter_card":"summary_large_image","twitter_misc":{"Est. tempo de leitura":"1 minuto"},"schema":{"@context":"https:\/\/schema.org","@graph":[{"@type":"WebPage","@id":"https:\/\/techcode4u.com\/lojavirtual\/produto\/fone-de-ouv-jbl-t110blk-preto\/","url":"https:\/\/techcode4u.com\/lojavirtual\/produto\/fone-de-ouv-jbl-t110blk-preto\/","name":"Fone De Ouv.jbl T110blk Preto - LojaVirtual","isPartOf":{"@id":"https:\/\/techcode4u.com\/lojavirtual\/#website"},"primaryImageOfPage":{"@id":"https:\/\/techcode4u.com\/lojavirtual\/produto\/fone-de-ouv-jbl-t110blk-preto\/#primaryimage"},"image":{"@id":"https:\/\/techcode4u.com\/lojavirtual\/produto\/fone-de-ouv-jbl-t110blk-preto\/#primaryimage"},"thumbnailUrl":"https:\/\/techcode4u.com\/lojavirtual\/wp-content\/uploads\/2025\/10\/D_NQ_NP_960962-MLB53313583109_012023-O-fone-de-ouvido-jbl-t110-blk-preto.webp","datePublished":"2025-10-29T03:12:11+00:00","breadcrumb":{"@id":"https:\/\/techcode4u.com\/lojavirtual\/produto\/fone-de-ouv-jbl-t110blk-preto\/#breadcrumb"},"inLanguage":"pt-BR","potentialAction":[{"@type":"ReadAction","target":["https:\/\/techcode4u.com\/lojavirtual\/produto\/fone-de-ouv-jbl-t110blk-preto\/"]}]},{"@type":"ImageObject","inLanguage":"pt-BR","@id":"https:\/\/techcode4u.com\/lojavirtual\/produto\/fone-de-ouv-jbl-t110blk-preto\/#primaryimage","url":"https:\/\/techcode4u.com\/lojavirtual\/wp-content\/uploads\/2025\/10\/D_NQ_NP_960962-MLB53313583109_012023-O-fone-de-ouvido-jbl-t110-blk-preto.webp","contentUrl":"https:\/\/techcode4u.com\/lojavirtual\/wp-content\/uploads\/2025\/10\/D_NQ_NP_960962-MLB53313583109_012023-O-fone-de-ouvido-jbl-t110-blk-preto.webp","width":455,"height":500},{"@type":"BreadcrumbList","@id":"https:\/\/techcode4u.com\/lojavirtual\/produto\/fone-de-ouv-jbl-t110blk-preto\/#breadcrumb","itemListElement":[{"@type":"ListItem","position":1,"name":"In\u00edcio","item":"https:\/\/techcode4u.com\/lojavirtual\/"},{"@type":"ListItem","position":2,"name":"Loja","item":"https:\/\/techcode4u.com\/lojavirtual\/loja\/"},{"@type":"ListItem","position":3,"name":"Fone De Ouv.jbl T110blk Preto"}]},{"@type":"WebSite","@id":"https:\/\/techcode4u.com\/lojavirtual\/#website","url":"https:\/\/techcode4u.com\/lojavirtual\/","name":"Loja Virtual","description":"LojaVirtual","publisher":{"@id":"https:\/\/techcode4u.com\/lojavirtual\/#organization"},"potentialAction":[{"@type":"SearchAction","target":{"@type":"EntryPoint","urlTemplate":"https:\/\/techcode4u.com\/lojavirtual\/?s={search_term_string}"},"query-input":{"@type":"PropertyValueSpecification","valueRequired":true,"valueName":"search_term_string"}}],"inLanguage":"pt-BR"},{"@type":"Organization","@id":"https:\/\/techcode4u.com\/lojavirtual\/#organization","name":"Bruno Eletr\u00f4nica","url":"https:\/\/techcode4u.com\/lojavirtual\/","logo":{"@type":"ImageObject","inLanguage":"pt-BR","@id":"https:\/\/techcode4u.com\/lojavirtual\/#\/schema\/logo\/image\/","url":"https:\/\/techcode4u.com\/lojavirtual\/wp-content\/uploads\/2025\/10\/cropped-logomarca.png","contentUrl":"https:\/\/techcode4u.com\/lojavirtual\/wp-content\/uploads\/2025\/10\/cropped-logomarca.png","width":595,"height":129,"caption":"Bruno Eletr\u00f4nica"},"image":{"@id":"https:\/\/techcode4u.com\/lojavirtual\/#\/schema\/logo\/image\/"}}]}},"brands":[],"_links":{"self":[{"href":"https:\/\/techcode4u.com\/lojavirtual\/wp-json\/wp\/v2\/product\/837","targetHints":{"allow":["GET"]}}],"collection":[{"href":"https:\/\/techcode4u.com\/lojavirtual\/wp-json\/wp\/v2\/product"}],"about":[{"href":"https:\/\/techcode4u.com\/lojavirtual\/wp-json\/wp\/v2\/types\/product"}],"replies":[{"embeddable":true,"href":"https:\/\/techcode4u.com\/lojavirtual\/wp-json\/wp\/v2\/comments?post=837"}],"wp:featuredmedia":[{"embeddable":true,"href":"https:\/\/techcode4u.com\/lojavirtual\/wp-json\/wp\/v2\/media\/838"}],"wp:attachment":[{"href":"https:\/\/techcode4u.com\/lojavirtual\/wp-json\/wp\/v2\/media?parent=837"}],"wp:term":[{"taxonomy":"pwb-brand","embeddable":true,"href":"https:\/\/techcode4u.com\/lojavirtual\/wp-json\/wp\/v2\/pwb-brand?post=837"},{"taxonomy":"product_brand","embeddable":true,"href":"https:\/\/techcode4u.com\/lojavirtual\/wp-json\/wp\/v2\/product_brand?post=837"},{"taxonomy":"product_cat","embeddable":true,"href":"https:\/\/techcode4u.com\/lojavirtual\/wp-json\/wp\/v2\/product_cat?post=837"},{"taxonomy":"product_tag","embeddable":true,"href":"https:\/\/techcode4u.com\/lojavirtual\/wp-json\/wp\/v2\/product_tag?post=837"}],"curies":[{"name":"wp","href":"https:\/\/api.w.org\/{rel}","templated":true}]}}