{"id":830,"date":"2025-10-29T00:00:29","date_gmt":"2025-10-29T03:00:29","guid":{"rendered":"https:\/\/techcode4u.com\/lojavirtual\/?post_type=product&#038;p=830"},"modified":"2025-10-29T00:00:30","modified_gmt":"2025-10-29T03:00:30","slug":"bloco-de-ilum-intelbras-bla-600-autonomo","status":"publish","type":"product","link":"https:\/\/techcode4u.com\/lojavirtual\/produto\/bloco-de-ilum-intelbras-bla-600-autonomo\/","title":{"rendered":"Bloco De Ilum.intelbras Bla 600 Autonomo"},"content":{"rendered":"<h2>Bloco de Ilumina\u00e7\u00e3o de Emerg\u00eancia Intelbras BLA 600 Aut\u00f4nomo<\/h2>\n<p>&nbsp;<\/p>\n<p>O <b>BLA 600<\/b> \u00e9 a solu\u00e7\u00e3o ideal para seguran\u00e7a em casos de falta de energia.<\/p>\n<p>Com <b>600 l\u00famens<\/b> de fluxo luminoso e at\u00e9 <b>2 horas de autonomia<\/b>, este bloco de ilumina\u00e7\u00e3o com tecnologia LED acende automaticamente, garantindo visibilidade em ambientes de at\u00e9 150 m\u00b2. Seus far\u00f3is s\u00e3o <b>direcion\u00e1veis (120\u00b0)<\/b>, permitindo focar a luz onde \u00e9 mais necess\u00e1rio.<\/p>\n<p><b>Principais Vantagens:<\/b><\/p>\n<ul>\n<li>Acendimento autom\u00e1tico.<\/li>\n<li>Far\u00f3is de LED direcion\u00e1veis.<\/li>\n<li>Bateria de L\u00edtio (longa vida \u00fatil).<\/li>\n<li>F\u00e1cil instala\u00e7\u00e3o (acompanha kit).<\/li>\n<\/ul>\n","protected":false},"excerpt":{"rendered":"<p>Bloco de Ilumina\u00e7\u00e3o de Emerg\u00eancia Intelbras BLA 600 Aut\u00f4nomo &nbsp; O BLA 600 \u00e9 a solu\u00e7\u00e3o ideal para seguran\u00e7a em casos de falta de energia. Com 600 l\u00famens de fluxo luminoso e at\u00e9 2 horas de autonomia, este bloco de ilumina\u00e7\u00e3o com tecnologia LED acende automaticamente, garantindo visibilidade em ambientes de at\u00e9 150 m\u00b2. Seus [&hellip;]<\/p>\n","protected":false},"featured_media":831,"comment_status":"open","ping_status":"closed","template":"","meta":[],"pwb-brand":[],"product_brand":[],"product_cat":[44],"product_tag":[],"class_list":{"0":"post-830","1":"product","2":"type-product","3":"status-publish","4":"has-post-thumbnail","6":"product_cat-componetes","8":"first","9":"instock","10":"shipping-taxable","11":"purchasable","12":"product-type-simple"},"yoast_head":"<!-- This site is optimized with the Yoast SEO plugin v26.5 - https:\/\/yoast.com\/wordpress\/plugins\/seo\/ -->\n<title>Bloco De Ilum.intelbras Bla 600 Autonomo - LojaVirtual<\/title>\n<meta name=\"robots\" content=\"index, follow, max-snippet:-1, max-image-preview:large, max-video-preview:-1\" \/>\n<link rel=\"canonical\" href=\"https:\/\/techcode4u.com\/lojavirtual\/produto\/bloco-de-ilum-intelbras-bla-600-autonomo\/\" \/>\n<meta property=\"og:locale\" content=\"pt_BR\" \/>\n<meta property=\"og:type\" content=\"article\" \/>\n<meta property=\"og:title\" content=\"Bloco De Ilum.intelbras Bla 600 Autonomo - LojaVirtual\" \/>\n<meta property=\"og:description\" content=\"Bloco de Ilumina\u00e7\u00e3o de Emerg\u00eancia Intelbras BLA 600 Aut\u00f4nomo &nbsp; O BLA 600 \u00e9 a solu\u00e7\u00e3o ideal para seguran\u00e7a em casos de falta de energia. Com 600 l\u00famens de fluxo luminoso e at\u00e9 2 horas de autonomia, este bloco de ilumina\u00e7\u00e3o com tecnologia LED acende automaticamente, garantindo visibilidade em ambientes de at\u00e9 150 m\u00b2. Seus [&hellip;]\" \/>\n<meta property=\"og:url\" content=\"https:\/\/techcode4u.com\/lojavirtual\/produto\/bloco-de-ilum-intelbras-bla-600-autonomo\/\" \/>\n<meta property=\"og:site_name\" content=\"LojaVirtual\" \/>\n<meta property=\"article:modified_time\" content=\"2025-10-29T03:00:30+00:00\" \/>\n<meta name=\"twitter:card\" content=\"summary_large_image\" \/>\n<script type=\"application\/ld+json\" class=\"yoast-schema-graph\">{\"@context\":\"https:\/\/schema.org\",\"@graph\":[{\"@type\":\"WebPage\",\"@id\":\"https:\/\/techcode4u.com\/lojavirtual\/produto\/bloco-de-ilum-intelbras-bla-600-autonomo\/\",\"url\":\"https:\/\/techcode4u.com\/lojavirtual\/produto\/bloco-de-ilum-intelbras-bla-600-autonomo\/\",\"name\":\"Bloco De Ilum.intelbras Bla 600 Autonomo - LojaVirtual\",\"isPartOf\":{\"@id\":\"https:\/\/techcode4u.com\/lojavirtual\/#website\"},\"primaryImageOfPage\":{\"@id\":\"https:\/\/techcode4u.com\/lojavirtual\/produto\/bloco-de-ilum-intelbras-bla-600-autonomo\/#primaryimage\"},\"image\":{\"@id\":\"https:\/\/techcode4u.com\/lojavirtual\/produto\/bloco-de-ilum-intelbras-bla-600-autonomo\/#primaryimage\"},\"thumbnailUrl\":\"https:\/\/techcode4u.com\/lojavirtual\/wp-content\/uploads\/2025\/10\/bloco-de-iluminacao-de-emergencia-1202-lumens-bla-1202-1-1.avif\",\"datePublished\":\"2025-10-29T03:00:29+00:00\",\"dateModified\":\"2025-10-29T03:00:30+00:00\",\"breadcrumb\":{\"@id\":\"https:\/\/techcode4u.com\/lojavirtual\/produto\/bloco-de-ilum-intelbras-bla-600-autonomo\/#breadcrumb\"},\"inLanguage\":\"pt-BR\",\"potentialAction\":[{\"@type\":\"ReadAction\",\"target\":[\"https:\/\/techcode4u.com\/lojavirtual\/produto\/bloco-de-ilum-intelbras-bla-600-autonomo\/\"]}]},{\"@type\":\"ImageObject\",\"inLanguage\":\"pt-BR\",\"@id\":\"https:\/\/techcode4u.com\/lojavirtual\/produto\/bloco-de-ilum-intelbras-bla-600-autonomo\/#primaryimage\",\"url\":\"https:\/\/techcode4u.com\/lojavirtual\/wp-content\/uploads\/2025\/10\/bloco-de-iluminacao-de-emergencia-1202-lumens-bla-1202-1-1.avif\",\"contentUrl\":\"https:\/\/techcode4u.com\/lojavirtual\/wp-content\/uploads\/2025\/10\/bloco-de-iluminacao-de-emergencia-1202-lumens-bla-1202-1-1.avif\",\"width\":700,\"height\":700},{\"@type\":\"BreadcrumbList\",\"@id\":\"https:\/\/techcode4u.com\/lojavirtual\/produto\/bloco-de-ilum-intelbras-bla-600-autonomo\/#breadcrumb\",\"itemListElement\":[{\"@type\":\"ListItem\",\"position\":1,\"name\":\"In\u00edcio\",\"item\":\"https:\/\/techcode4u.com\/lojavirtual\/\"},{\"@type\":\"ListItem\",\"position\":2,\"name\":\"Loja\",\"item\":\"https:\/\/techcode4u.com\/lojavirtual\/loja\/\"},{\"@type\":\"ListItem\",\"position\":3,\"name\":\"Bloco De Ilum.intelbras Bla 600 Autonomo\"}]},{\"@type\":\"WebSite\",\"@id\":\"https:\/\/techcode4u.com\/lojavirtual\/#website\",\"url\":\"https:\/\/techcode4u.com\/lojavirtual\/\",\"name\":\"Loja Virtual\",\"description\":\"LojaVirtual\",\"publisher\":{\"@id\":\"https:\/\/techcode4u.com\/lojavirtual\/#organization\"},\"potentialAction\":[{\"@type\":\"SearchAction\",\"target\":{\"@type\":\"EntryPoint\",\"urlTemplate\":\"https:\/\/techcode4u.com\/lojavirtual\/?s={search_term_string}\"},\"query-input\":{\"@type\":\"PropertyValueSpecification\",\"valueRequired\":true,\"valueName\":\"search_term_string\"}}],\"inLanguage\":\"pt-BR\"},{\"@type\":\"Organization\",\"@id\":\"https:\/\/techcode4u.com\/lojavirtual\/#organization\",\"name\":\"Bruno Eletr\u00f4nica\",\"url\":\"https:\/\/techcode4u.com\/lojavirtual\/\",\"logo\":{\"@type\":\"ImageObject\",\"inLanguage\":\"pt-BR\",\"@id\":\"https:\/\/techcode4u.com\/lojavirtual\/#\/schema\/logo\/image\/\",\"url\":\"https:\/\/techcode4u.com\/lojavirtual\/wp-content\/uploads\/2025\/10\/cropped-logomarca.png\",\"contentUrl\":\"https:\/\/techcode4u.com\/lojavirtual\/wp-content\/uploads\/2025\/10\/cropped-logomarca.png\",\"width\":595,\"height\":129,\"caption\":\"Bruno Eletr\u00f4nica\"},\"image\":{\"@id\":\"https:\/\/techcode4u.com\/lojavirtual\/#\/schema\/logo\/image\/\"}}]}<\/script>\n<!-- \/ Yoast SEO plugin. -->","yoast_head_json":{"title":"Bloco De Ilum.intelbras Bla 600 Autonomo - LojaVirtual","robots":{"index":"index","follow":"follow","max-snippet":"max-snippet:-1","max-image-preview":"max-image-preview:large","max-video-preview":"max-video-preview:-1"},"canonical":"https:\/\/techcode4u.com\/lojavirtual\/produto\/bloco-de-ilum-intelbras-bla-600-autonomo\/","og_locale":"pt_BR","og_type":"article","og_title":"Bloco De Ilum.intelbras Bla 600 Autonomo - LojaVirtual","og_description":"Bloco de Ilumina\u00e7\u00e3o de Emerg\u00eancia Intelbras BLA 600 Aut\u00f4nomo &nbsp; O BLA 600 \u00e9 a solu\u00e7\u00e3o ideal para seguran\u00e7a em casos de falta de energia. Com 600 l\u00famens de fluxo luminoso e at\u00e9 2 horas de autonomia, este bloco de ilumina\u00e7\u00e3o com tecnologia LED acende automaticamente, garantindo visibilidade em ambientes de at\u00e9 150 m\u00b2. Seus [&hellip;]","og_url":"https:\/\/techcode4u.com\/lojavirtual\/produto\/bloco-de-ilum-intelbras-bla-600-autonomo\/","og_site_name":"LojaVirtual","article_modified_time":"2025-10-29T03:00:30+00:00","twitter_card":"summary_large_image","schema":{"@context":"https:\/\/schema.org","@graph":[{"@type":"WebPage","@id":"https:\/\/techcode4u.com\/lojavirtual\/produto\/bloco-de-ilum-intelbras-bla-600-autonomo\/","url":"https:\/\/techcode4u.com\/lojavirtual\/produto\/bloco-de-ilum-intelbras-bla-600-autonomo\/","name":"Bloco De Ilum.intelbras Bla 600 Autonomo - LojaVirtual","isPartOf":{"@id":"https:\/\/techcode4u.com\/lojavirtual\/#website"},"primaryImageOfPage":{"@id":"https:\/\/techcode4u.com\/lojavirtual\/produto\/bloco-de-ilum-intelbras-bla-600-autonomo\/#primaryimage"},"image":{"@id":"https:\/\/techcode4u.com\/lojavirtual\/produto\/bloco-de-ilum-intelbras-bla-600-autonomo\/#primaryimage"},"thumbnailUrl":"https:\/\/techcode4u.com\/lojavirtual\/wp-content\/uploads\/2025\/10\/bloco-de-iluminacao-de-emergencia-1202-lumens-bla-1202-1-1.avif","datePublished":"2025-10-29T03:00:29+00:00","dateModified":"2025-10-29T03:00:30+00:00","breadcrumb":{"@id":"https:\/\/techcode4u.com\/lojavirtual\/produto\/bloco-de-ilum-intelbras-bla-600-autonomo\/#breadcrumb"},"inLanguage":"pt-BR","potentialAction":[{"@type":"ReadAction","target":["https:\/\/techcode4u.com\/lojavirtual\/produto\/bloco-de-ilum-intelbras-bla-600-autonomo\/"]}]},{"@type":"ImageObject","inLanguage":"pt-BR","@id":"https:\/\/techcode4u.com\/lojavirtual\/produto\/bloco-de-ilum-intelbras-bla-600-autonomo\/#primaryimage","url":"https:\/\/techcode4u.com\/lojavirtual\/wp-content\/uploads\/2025\/10\/bloco-de-iluminacao-de-emergencia-1202-lumens-bla-1202-1-1.avif","contentUrl":"https:\/\/techcode4u.com\/lojavirtual\/wp-content\/uploads\/2025\/10\/bloco-de-iluminacao-de-emergencia-1202-lumens-bla-1202-1-1.avif","width":700,"height":700},{"@type":"BreadcrumbList","@id":"https:\/\/techcode4u.com\/lojavirtual\/produto\/bloco-de-ilum-intelbras-bla-600-autonomo\/#breadcrumb","itemListElement":[{"@type":"ListItem","position":1,"name":"In\u00edcio","item":"https:\/\/techcode4u.com\/lojavirtual\/"},{"@type":"ListItem","position":2,"name":"Loja","item":"https:\/\/techcode4u.com\/lojavirtual\/loja\/"},{"@type":"ListItem","position":3,"name":"Bloco De Ilum.intelbras Bla 600 Autonomo"}]},{"@type":"WebSite","@id":"https:\/\/techcode4u.com\/lojavirtual\/#website","url":"https:\/\/techcode4u.com\/lojavirtual\/","name":"Loja Virtual","description":"LojaVirtual","publisher":{"@id":"https:\/\/techcode4u.com\/lojavirtual\/#organization"},"potentialAction":[{"@type":"SearchAction","target":{"@type":"EntryPoint","urlTemplate":"https:\/\/techcode4u.com\/lojavirtual\/?s={search_term_string}"},"query-input":{"@type":"PropertyValueSpecification","valueRequired":true,"valueName":"search_term_string"}}],"inLanguage":"pt-BR"},{"@type":"Organization","@id":"https:\/\/techcode4u.com\/lojavirtual\/#organization","name":"Bruno Eletr\u00f4nica","url":"https:\/\/techcode4u.com\/lojavirtual\/","logo":{"@type":"ImageObject","inLanguage":"pt-BR","@id":"https:\/\/techcode4u.com\/lojavirtual\/#\/schema\/logo\/image\/","url":"https:\/\/techcode4u.com\/lojavirtual\/wp-content\/uploads\/2025\/10\/cropped-logomarca.png","contentUrl":"https:\/\/techcode4u.com\/lojavirtual\/wp-content\/uploads\/2025\/10\/cropped-logomarca.png","width":595,"height":129,"caption":"Bruno Eletr\u00f4nica"},"image":{"@id":"https:\/\/techcode4u.com\/lojavirtual\/#\/schema\/logo\/image\/"}}]}},"brands":[],"_links":{"self":[{"href":"https:\/\/techcode4u.com\/lojavirtual\/wp-json\/wp\/v2\/product\/830","targetHints":{"allow":["GET"]}}],"collection":[{"href":"https:\/\/techcode4u.com\/lojavirtual\/wp-json\/wp\/v2\/product"}],"about":[{"href":"https:\/\/techcode4u.com\/lojavirtual\/wp-json\/wp\/v2\/types\/product"}],"replies":[{"embeddable":true,"href":"https:\/\/techcode4u.com\/lojavirtual\/wp-json\/wp\/v2\/comments?post=830"}],"wp:featuredmedia":[{"embeddable":true,"href":"https:\/\/techcode4u.com\/lojavirtual\/wp-json\/wp\/v2\/media\/831"}],"wp:attachment":[{"href":"https:\/\/techcode4u.com\/lojavirtual\/wp-json\/wp\/v2\/media?parent=830"}],"wp:term":[{"taxonomy":"pwb-brand","embeddable":true,"href":"https:\/\/techcode4u.com\/lojavirtual\/wp-json\/wp\/v2\/pwb-brand?post=830"},{"taxonomy":"product_brand","embeddable":true,"href":"https:\/\/techcode4u.com\/lojavirtual\/wp-json\/wp\/v2\/product_brand?post=830"},{"taxonomy":"product_cat","embeddable":true,"href":"https:\/\/techcode4u.com\/lojavirtual\/wp-json\/wp\/v2\/product_cat?post=830"},{"taxonomy":"product_tag","embeddable":true,"href":"https:\/\/techcode4u.com\/lojavirtual\/wp-json\/wp\/v2\/product_tag?post=830"}],"curies":[{"name":"wp","href":"https:\/\/api.w.org\/{rel}","templated":true}]}}