{"id":824,"date":"2025-10-28T23:53:59","date_gmt":"2025-10-29T02:53:59","guid":{"rendered":"https:\/\/techcode4u.com\/lojavirtual\/?post_type=product&#038;p=824"},"modified":"2025-10-28T23:54:00","modified_gmt":"2025-10-29T02:54:00","slug":"cabo-elg-lightinig-l810-bco-1m","status":"publish","type":"product","link":"https:\/\/techcode4u.com\/lojavirtual\/produto\/cabo-elg-lightinig-l810-bco-1m\/","title":{"rendered":"Cabo Elg Lightinig L810 Bco 1m"},"content":{"rendered":"<p data-start=\"0\" data-end=\"46\"><strong data-start=\"0\" data-end=\"44\">Cabo Lightning ELG L810 Branco \u2013 1 Metro<\/strong><\/p>\n<p data-start=\"48\" data-end=\"295\">O <strong data-start=\"50\" data-end=\"77\">Cabo Lightning ELG L810<\/strong> oferece <strong data-start=\"86\" data-end=\"142\">carregamento r\u00e1pido e transfer\u00eancia de dados est\u00e1vel<\/strong> para seus dispositivos Apple. Com <strong data-start=\"177\" data-end=\"203\">1 metro de comprimento<\/strong>, ele proporciona praticidade no uso di\u00e1rio, seja em casa, no trabalho ou durante viagens.<\/p>\n<p data-start=\"297\" data-end=\"502\">Compat\u00edvel com <strong data-start=\"312\" data-end=\"338\">iPhones, iPads e iPods<\/strong> que utilizam conex\u00e3o Lightning, o cabo \u00e9 fabricado com <strong data-start=\"394\" data-end=\"425\">materiais de alta qualidade<\/strong>, garantindo <strong data-start=\"438\" data-end=\"476\">durabilidade, resist\u00eancia a dobras<\/strong> e excelente desempenho.<\/p>\n<p data-start=\"504\" data-end=\"727\" data-is-last-node=\"\" data-is-only-node=\"\">Seu <strong data-start=\"508\" data-end=\"540\">design moderno na cor branca<\/strong> combina com qualquer ambiente e mant\u00e9m o visual elegante dos produtos Apple. Ideal para quem busca <strong data-start=\"640\" data-end=\"682\">efici\u00eancia, seguran\u00e7a e confiabilidade<\/strong> em um cabo de <strong data-start=\"697\" data-end=\"726\">excelente custo-benef\u00edcio<\/strong>.<\/p>\n","protected":false},"excerpt":{"rendered":"<p>Cabo Lightning ELG L810 Branco \u2013 1 Metro O Cabo Lightning ELG L810 oferece carregamento r\u00e1pido e transfer\u00eancia de dados est\u00e1vel para seus dispositivos Apple. Com 1 metro de comprimento, ele proporciona praticidade no uso di\u00e1rio, seja em casa, no trabalho ou durante viagens. Compat\u00edvel com iPhones, iPads e iPods que utilizam conex\u00e3o Lightning, o [&hellip;]<\/p>\n","protected":false},"featured_media":825,"comment_status":"open","ping_status":"closed","template":"","meta":[],"pwb-brand":[],"product_brand":[],"product_cat":[43],"product_tag":[],"class_list":{"0":"post-824","1":"product","2":"type-product","3":"status-publish","4":"has-post-thumbnail","6":"product_cat-automacao","8":"first","9":"instock","10":"shipping-taxable","11":"purchasable","12":"product-type-simple"},"yoast_head":"<!-- This site is optimized with the Yoast SEO plugin v26.5 - https:\/\/yoast.com\/wordpress\/plugins\/seo\/ -->\n<title>Cabo Elg Lightinig L810 Bco 1m - LojaVirtual<\/title>\n<meta name=\"robots\" content=\"index, follow, max-snippet:-1, max-image-preview:large, max-video-preview:-1\" \/>\n<link rel=\"canonical\" href=\"https:\/\/techcode4u.com\/lojavirtual\/produto\/cabo-elg-lightinig-l810-bco-1m\/\" \/>\n<meta property=\"og:locale\" content=\"pt_BR\" \/>\n<meta property=\"og:type\" content=\"article\" \/>\n<meta property=\"og:title\" content=\"Cabo Elg Lightinig L810 Bco 1m - LojaVirtual\" \/>\n<meta property=\"og:description\" content=\"Cabo Lightning ELG L810 Branco \u2013 1 Metro O Cabo Lightning ELG L810 oferece carregamento r\u00e1pido e transfer\u00eancia de dados est\u00e1vel para seus dispositivos Apple. Com 1 metro de comprimento, ele proporciona praticidade no uso di\u00e1rio, seja em casa, no trabalho ou durante viagens. Compat\u00edvel com iPhones, iPads e iPods que utilizam conex\u00e3o Lightning, o [&hellip;]\" \/>\n<meta property=\"og:url\" content=\"https:\/\/techcode4u.com\/lojavirtual\/produto\/cabo-elg-lightinig-l810-bco-1m\/\" \/>\n<meta property=\"og:site_name\" content=\"LojaVirtual\" \/>\n<meta property=\"article:modified_time\" content=\"2025-10-29T02:54:00+00:00\" \/>\n<meta property=\"og:image\" content=\"https:\/\/techcode4u.com\/lojavirtual\/wp-content\/uploads\/2025\/10\/Cabo-Usb-a-lightning-1-Metro-Elg-L810_1759517012.webp\" \/>\n\t<meta property=\"og:image:width\" content=\"1000\" \/>\n\t<meta property=\"og:image:height\" content=\"1000\" \/>\n\t<meta property=\"og:image:type\" content=\"image\/webp\" \/>\n<meta name=\"twitter:card\" content=\"summary_large_image\" \/>\n<meta name=\"twitter:label1\" content=\"Est. tempo de leitura\" \/>\n\t<meta name=\"twitter:data1\" content=\"1 minuto\" \/>\n<script type=\"application\/ld+json\" class=\"yoast-schema-graph\">{\"@context\":\"https:\/\/schema.org\",\"@graph\":[{\"@type\":\"WebPage\",\"@id\":\"https:\/\/techcode4u.com\/lojavirtual\/produto\/cabo-elg-lightinig-l810-bco-1m\/\",\"url\":\"https:\/\/techcode4u.com\/lojavirtual\/produto\/cabo-elg-lightinig-l810-bco-1m\/\",\"name\":\"Cabo Elg Lightinig L810 Bco 1m - LojaVirtual\",\"isPartOf\":{\"@id\":\"https:\/\/techcode4u.com\/lojavirtual\/#website\"},\"primaryImageOfPage\":{\"@id\":\"https:\/\/techcode4u.com\/lojavirtual\/produto\/cabo-elg-lightinig-l810-bco-1m\/#primaryimage\"},\"image\":{\"@id\":\"https:\/\/techcode4u.com\/lojavirtual\/produto\/cabo-elg-lightinig-l810-bco-1m\/#primaryimage\"},\"thumbnailUrl\":\"https:\/\/techcode4u.com\/lojavirtual\/wp-content\/uploads\/2025\/10\/Cabo-Usb-a-lightning-1-Metro-Elg-L810_1759517012.webp\",\"datePublished\":\"2025-10-29T02:53:59+00:00\",\"dateModified\":\"2025-10-29T02:54:00+00:00\",\"breadcrumb\":{\"@id\":\"https:\/\/techcode4u.com\/lojavirtual\/produto\/cabo-elg-lightinig-l810-bco-1m\/#breadcrumb\"},\"inLanguage\":\"pt-BR\",\"potentialAction\":[{\"@type\":\"ReadAction\",\"target\":[\"https:\/\/techcode4u.com\/lojavirtual\/produto\/cabo-elg-lightinig-l810-bco-1m\/\"]}]},{\"@type\":\"ImageObject\",\"inLanguage\":\"pt-BR\",\"@id\":\"https:\/\/techcode4u.com\/lojavirtual\/produto\/cabo-elg-lightinig-l810-bco-1m\/#primaryimage\",\"url\":\"https:\/\/techcode4u.com\/lojavirtual\/wp-content\/uploads\/2025\/10\/Cabo-Usb-a-lightning-1-Metro-Elg-L810_1759517012.webp\",\"contentUrl\":\"https:\/\/techcode4u.com\/lojavirtual\/wp-content\/uploads\/2025\/10\/Cabo-Usb-a-lightning-1-Metro-Elg-L810_1759517012.webp\",\"width\":1000,\"height\":1000},{\"@type\":\"BreadcrumbList\",\"@id\":\"https:\/\/techcode4u.com\/lojavirtual\/produto\/cabo-elg-lightinig-l810-bco-1m\/#breadcrumb\",\"itemListElement\":[{\"@type\":\"ListItem\",\"position\":1,\"name\":\"In\u00edcio\",\"item\":\"https:\/\/techcode4u.com\/lojavirtual\/\"},{\"@type\":\"ListItem\",\"position\":2,\"name\":\"Loja\",\"item\":\"https:\/\/techcode4u.com\/lojavirtual\/loja\/\"},{\"@type\":\"ListItem\",\"position\":3,\"name\":\"Cabo Elg Lightinig L810 Bco 1m\"}]},{\"@type\":\"WebSite\",\"@id\":\"https:\/\/techcode4u.com\/lojavirtual\/#website\",\"url\":\"https:\/\/techcode4u.com\/lojavirtual\/\",\"name\":\"Loja Virtual\",\"description\":\"LojaVirtual\",\"publisher\":{\"@id\":\"https:\/\/techcode4u.com\/lojavirtual\/#organization\"},\"potentialAction\":[{\"@type\":\"SearchAction\",\"target\":{\"@type\":\"EntryPoint\",\"urlTemplate\":\"https:\/\/techcode4u.com\/lojavirtual\/?s={search_term_string}\"},\"query-input\":{\"@type\":\"PropertyValueSpecification\",\"valueRequired\":true,\"valueName\":\"search_term_string\"}}],\"inLanguage\":\"pt-BR\"},{\"@type\":\"Organization\",\"@id\":\"https:\/\/techcode4u.com\/lojavirtual\/#organization\",\"name\":\"Bruno Eletr\u00f4nica\",\"url\":\"https:\/\/techcode4u.com\/lojavirtual\/\",\"logo\":{\"@type\":\"ImageObject\",\"inLanguage\":\"pt-BR\",\"@id\":\"https:\/\/techcode4u.com\/lojavirtual\/#\/schema\/logo\/image\/\",\"url\":\"https:\/\/techcode4u.com\/lojavirtual\/wp-content\/uploads\/2025\/10\/cropped-logomarca.png\",\"contentUrl\":\"https:\/\/techcode4u.com\/lojavirtual\/wp-content\/uploads\/2025\/10\/cropped-logomarca.png\",\"width\":595,\"height\":129,\"caption\":\"Bruno Eletr\u00f4nica\"},\"image\":{\"@id\":\"https:\/\/techcode4u.com\/lojavirtual\/#\/schema\/logo\/image\/\"}}]}<\/script>\n<!-- \/ Yoast SEO plugin. -->","yoast_head_json":{"title":"Cabo Elg Lightinig L810 Bco 1m - LojaVirtual","robots":{"index":"index","follow":"follow","max-snippet":"max-snippet:-1","max-image-preview":"max-image-preview:large","max-video-preview":"max-video-preview:-1"},"canonical":"https:\/\/techcode4u.com\/lojavirtual\/produto\/cabo-elg-lightinig-l810-bco-1m\/","og_locale":"pt_BR","og_type":"article","og_title":"Cabo Elg Lightinig L810 Bco 1m - LojaVirtual","og_description":"Cabo Lightning ELG L810 Branco \u2013 1 Metro O Cabo Lightning ELG L810 oferece carregamento r\u00e1pido e transfer\u00eancia de dados est\u00e1vel para seus dispositivos Apple. Com 1 metro de comprimento, ele proporciona praticidade no uso di\u00e1rio, seja em casa, no trabalho ou durante viagens. Compat\u00edvel com iPhones, iPads e iPods que utilizam conex\u00e3o Lightning, o [&hellip;]","og_url":"https:\/\/techcode4u.com\/lojavirtual\/produto\/cabo-elg-lightinig-l810-bco-1m\/","og_site_name":"LojaVirtual","article_modified_time":"2025-10-29T02:54:00+00:00","og_image":[{"width":1000,"height":1000,"url":"https:\/\/techcode4u.com\/lojavirtual\/wp-content\/uploads\/2025\/10\/Cabo-Usb-a-lightning-1-Metro-Elg-L810_1759517012.webp","type":"image\/webp"}],"twitter_card":"summary_large_image","twitter_misc":{"Est. tempo de leitura":"1 minuto"},"schema":{"@context":"https:\/\/schema.org","@graph":[{"@type":"WebPage","@id":"https:\/\/techcode4u.com\/lojavirtual\/produto\/cabo-elg-lightinig-l810-bco-1m\/","url":"https:\/\/techcode4u.com\/lojavirtual\/produto\/cabo-elg-lightinig-l810-bco-1m\/","name":"Cabo Elg Lightinig L810 Bco 1m - LojaVirtual","isPartOf":{"@id":"https:\/\/techcode4u.com\/lojavirtual\/#website"},"primaryImageOfPage":{"@id":"https:\/\/techcode4u.com\/lojavirtual\/produto\/cabo-elg-lightinig-l810-bco-1m\/#primaryimage"},"image":{"@id":"https:\/\/techcode4u.com\/lojavirtual\/produto\/cabo-elg-lightinig-l810-bco-1m\/#primaryimage"},"thumbnailUrl":"https:\/\/techcode4u.com\/lojavirtual\/wp-content\/uploads\/2025\/10\/Cabo-Usb-a-lightning-1-Metro-Elg-L810_1759517012.webp","datePublished":"2025-10-29T02:53:59+00:00","dateModified":"2025-10-29T02:54:00+00:00","breadcrumb":{"@id":"https:\/\/techcode4u.com\/lojavirtual\/produto\/cabo-elg-lightinig-l810-bco-1m\/#breadcrumb"},"inLanguage":"pt-BR","potentialAction":[{"@type":"ReadAction","target":["https:\/\/techcode4u.com\/lojavirtual\/produto\/cabo-elg-lightinig-l810-bco-1m\/"]}]},{"@type":"ImageObject","inLanguage":"pt-BR","@id":"https:\/\/techcode4u.com\/lojavirtual\/produto\/cabo-elg-lightinig-l810-bco-1m\/#primaryimage","url":"https:\/\/techcode4u.com\/lojavirtual\/wp-content\/uploads\/2025\/10\/Cabo-Usb-a-lightning-1-Metro-Elg-L810_1759517012.webp","contentUrl":"https:\/\/techcode4u.com\/lojavirtual\/wp-content\/uploads\/2025\/10\/Cabo-Usb-a-lightning-1-Metro-Elg-L810_1759517012.webp","width":1000,"height":1000},{"@type":"BreadcrumbList","@id":"https:\/\/techcode4u.com\/lojavirtual\/produto\/cabo-elg-lightinig-l810-bco-1m\/#breadcrumb","itemListElement":[{"@type":"ListItem","position":1,"name":"In\u00edcio","item":"https:\/\/techcode4u.com\/lojavirtual\/"},{"@type":"ListItem","position":2,"name":"Loja","item":"https:\/\/techcode4u.com\/lojavirtual\/loja\/"},{"@type":"ListItem","position":3,"name":"Cabo Elg Lightinig L810 Bco 1m"}]},{"@type":"WebSite","@id":"https:\/\/techcode4u.com\/lojavirtual\/#website","url":"https:\/\/techcode4u.com\/lojavirtual\/","name":"Loja Virtual","description":"LojaVirtual","publisher":{"@id":"https:\/\/techcode4u.com\/lojavirtual\/#organization"},"potentialAction":[{"@type":"SearchAction","target":{"@type":"EntryPoint","urlTemplate":"https:\/\/techcode4u.com\/lojavirtual\/?s={search_term_string}"},"query-input":{"@type":"PropertyValueSpecification","valueRequired":true,"valueName":"search_term_string"}}],"inLanguage":"pt-BR"},{"@type":"Organization","@id":"https:\/\/techcode4u.com\/lojavirtual\/#organization","name":"Bruno Eletr\u00f4nica","url":"https:\/\/techcode4u.com\/lojavirtual\/","logo":{"@type":"ImageObject","inLanguage":"pt-BR","@id":"https:\/\/techcode4u.com\/lojavirtual\/#\/schema\/logo\/image\/","url":"https:\/\/techcode4u.com\/lojavirtual\/wp-content\/uploads\/2025\/10\/cropped-logomarca.png","contentUrl":"https:\/\/techcode4u.com\/lojavirtual\/wp-content\/uploads\/2025\/10\/cropped-logomarca.png","width":595,"height":129,"caption":"Bruno Eletr\u00f4nica"},"image":{"@id":"https:\/\/techcode4u.com\/lojavirtual\/#\/schema\/logo\/image\/"}}]}},"brands":[],"_links":{"self":[{"href":"https:\/\/techcode4u.com\/lojavirtual\/wp-json\/wp\/v2\/product\/824","targetHints":{"allow":["GET"]}}],"collection":[{"href":"https:\/\/techcode4u.com\/lojavirtual\/wp-json\/wp\/v2\/product"}],"about":[{"href":"https:\/\/techcode4u.com\/lojavirtual\/wp-json\/wp\/v2\/types\/product"}],"replies":[{"embeddable":true,"href":"https:\/\/techcode4u.com\/lojavirtual\/wp-json\/wp\/v2\/comments?post=824"}],"wp:featuredmedia":[{"embeddable":true,"href":"https:\/\/techcode4u.com\/lojavirtual\/wp-json\/wp\/v2\/media\/825"}],"wp:attachment":[{"href":"https:\/\/techcode4u.com\/lojavirtual\/wp-json\/wp\/v2\/media?parent=824"}],"wp:term":[{"taxonomy":"pwb-brand","embeddable":true,"href":"https:\/\/techcode4u.com\/lojavirtual\/wp-json\/wp\/v2\/pwb-brand?post=824"},{"taxonomy":"product_brand","embeddable":true,"href":"https:\/\/techcode4u.com\/lojavirtual\/wp-json\/wp\/v2\/product_brand?post=824"},{"taxonomy":"product_cat","embeddable":true,"href":"https:\/\/techcode4u.com\/lojavirtual\/wp-json\/wp\/v2\/product_cat?post=824"},{"taxonomy":"product_tag","embeddable":true,"href":"https:\/\/techcode4u.com\/lojavirtual\/wp-json\/wp\/v2\/product_tag?post=824"}],"curies":[{"name":"wp","href":"https:\/\/api.w.org\/{rel}","templated":true}]}}