{"id":822,"date":"2025-10-28T23:52:05","date_gmt":"2025-10-29T02:52:05","guid":{"rendered":"https:\/\/techcode4u.com\/lojavirtual\/?post_type=product&#038;p=822"},"modified":"2025-10-28T23:52:05","modified_gmt":"2025-10-29T02:52:05","slug":"adaptador-l-4-saidas-branco","status":"publish","type":"product","link":"https:\/\/techcode4u.com\/lojavirtual\/produto\/adaptador-l-4-saidas-branco\/","title":{"rendered":"Adaptador L 4 Saidas Branco"},"content":{"rendered":"<p data-start=\"0\" data-end=\"44\"><strong data-start=\"0\" data-end=\"42\">Adaptador em \u201cL\u201d com 4 Sa\u00eddas \u2013 Branco<\/strong><\/p>\n<p data-start=\"46\" data-end=\"354\">O <strong data-start=\"48\" data-end=\"81\">Adaptador em \u201cL\u201d com 4 sa\u00eddas<\/strong> \u00e9 a solu\u00e7\u00e3o pr\u00e1tica e segura para <strong data-start=\"116\" data-end=\"152\">expandir suas conex\u00f5es el\u00e9tricas<\/strong> de forma organizada e eficiente. Com <strong data-start=\"190\" data-end=\"227\">design compacto em formato de \u201cL\u201d<\/strong>, ele permite aproveitar melhor o espa\u00e7o, ideal para <strong data-start=\"280\" data-end=\"351\">ambientes com tomadas pr\u00f3ximas a m\u00f3veis ou locais de dif\u00edcil acesso<\/strong>.<\/p>\n<p data-start=\"356\" data-end=\"634\">Fabricado em <strong data-start=\"369\" data-end=\"402\">material resistente e dur\u00e1vel<\/strong>, o adaptador suporta o uso de <strong data-start=\"433\" data-end=\"471\">at\u00e9 quatro plugues simultaneamente<\/strong>, garantindo <strong data-start=\"484\" data-end=\"518\">distribui\u00e7\u00e3o segura de energia<\/strong> para diversos aparelhos, como <strong data-start=\"549\" data-end=\"631\">carregadores, lumin\u00e1rias, equipamentos eletr\u00f4nicos e pequenos eletrodom\u00e9sticos<\/strong>.<\/p>\n<p data-start=\"636\" data-end=\"773\" data-is-last-node=\"\" data-is-only-node=\"\">Com <strong data-start=\"640\" data-end=\"668\">acabamento na cor branca<\/strong>, combina com qualquer ambiente, oferecendo <strong data-start=\"712\" data-end=\"755\">praticidade, funcionalidade e seguran\u00e7a<\/strong> no seu dia a dia.<\/p>\n","protected":false},"excerpt":{"rendered":"<p>Adaptador em \u201cL\u201d com 4 Sa\u00eddas \u2013 Branco O Adaptador em \u201cL\u201d com 4 sa\u00eddas \u00e9 a solu\u00e7\u00e3o pr\u00e1tica e segura para expandir suas conex\u00f5es el\u00e9tricas de forma organizada e eficiente. Com design compacto em formato de \u201cL\u201d, ele permite aproveitar melhor o espa\u00e7o, ideal para ambientes com tomadas pr\u00f3ximas a m\u00f3veis ou locais de [&hellip;]<\/p>\n","protected":false},"featured_media":823,"comment_status":"open","ping_status":"closed","template":"","meta":[],"pwb-brand":[],"product_brand":[],"product_cat":[43],"product_tag":[],"class_list":{"0":"post-822","1":"product","2":"type-product","3":"status-publish","4":"has-post-thumbnail","6":"product_cat-automacao","8":"first","9":"instock","10":"shipping-taxable","11":"purchasable","12":"product-type-simple"},"yoast_head":"<!-- This site is optimized with the Yoast SEO plugin v26.5 - https:\/\/yoast.com\/wordpress\/plugins\/seo\/ -->\n<title>Adaptador L 4 Saidas Branco - LojaVirtual<\/title>\n<meta name=\"robots\" content=\"index, follow, max-snippet:-1, max-image-preview:large, max-video-preview:-1\" \/>\n<link rel=\"canonical\" href=\"https:\/\/techcode4u.com\/lojavirtual\/produto\/adaptador-l-4-saidas-branco\/\" \/>\n<meta property=\"og:locale\" content=\"pt_BR\" \/>\n<meta property=\"og:type\" content=\"article\" \/>\n<meta property=\"og:title\" content=\"Adaptador L 4 Saidas Branco - LojaVirtual\" \/>\n<meta property=\"og:description\" content=\"Adaptador em \u201cL\u201d com 4 Sa\u00eddas \u2013 Branco O Adaptador em \u201cL\u201d com 4 sa\u00eddas \u00e9 a solu\u00e7\u00e3o pr\u00e1tica e segura para expandir suas conex\u00f5es el\u00e9tricas de forma organizada e eficiente. Com design compacto em formato de \u201cL\u201d, ele permite aproveitar melhor o espa\u00e7o, ideal para ambientes com tomadas pr\u00f3ximas a m\u00f3veis ou locais de [&hellip;]\" \/>\n<meta property=\"og:url\" content=\"https:\/\/techcode4u.com\/lojavirtual\/produto\/adaptador-l-4-saidas-branco\/\" \/>\n<meta property=\"og:site_name\" content=\"LojaVirtual\" \/>\n<meta property=\"og:image\" content=\"https:\/\/techcode4u.com\/lojavirtual\/wp-content\/uploads\/2025\/10\/175425-800-450.webp\" \/>\n\t<meta property=\"og:image:width\" content=\"800\" \/>\n\t<meta property=\"og:image:height\" content=\"450\" \/>\n\t<meta property=\"og:image:type\" content=\"image\/webp\" \/>\n<meta name=\"twitter:card\" content=\"summary_large_image\" \/>\n<meta name=\"twitter:label1\" content=\"Est. tempo de leitura\" \/>\n\t<meta name=\"twitter:data1\" content=\"1 minuto\" \/>\n<script type=\"application\/ld+json\" class=\"yoast-schema-graph\">{\"@context\":\"https:\/\/schema.org\",\"@graph\":[{\"@type\":\"WebPage\",\"@id\":\"https:\/\/techcode4u.com\/lojavirtual\/produto\/adaptador-l-4-saidas-branco\/\",\"url\":\"https:\/\/techcode4u.com\/lojavirtual\/produto\/adaptador-l-4-saidas-branco\/\",\"name\":\"Adaptador L 4 Saidas Branco - LojaVirtual\",\"isPartOf\":{\"@id\":\"https:\/\/techcode4u.com\/lojavirtual\/#website\"},\"primaryImageOfPage\":{\"@id\":\"https:\/\/techcode4u.com\/lojavirtual\/produto\/adaptador-l-4-saidas-branco\/#primaryimage\"},\"image\":{\"@id\":\"https:\/\/techcode4u.com\/lojavirtual\/produto\/adaptador-l-4-saidas-branco\/#primaryimage\"},\"thumbnailUrl\":\"https:\/\/techcode4u.com\/lojavirtual\/wp-content\/uploads\/2025\/10\/175425-800-450.webp\",\"datePublished\":\"2025-10-29T02:52:05+00:00\",\"breadcrumb\":{\"@id\":\"https:\/\/techcode4u.com\/lojavirtual\/produto\/adaptador-l-4-saidas-branco\/#breadcrumb\"},\"inLanguage\":\"pt-BR\",\"potentialAction\":[{\"@type\":\"ReadAction\",\"target\":[\"https:\/\/techcode4u.com\/lojavirtual\/produto\/adaptador-l-4-saidas-branco\/\"]}]},{\"@type\":\"ImageObject\",\"inLanguage\":\"pt-BR\",\"@id\":\"https:\/\/techcode4u.com\/lojavirtual\/produto\/adaptador-l-4-saidas-branco\/#primaryimage\",\"url\":\"https:\/\/techcode4u.com\/lojavirtual\/wp-content\/uploads\/2025\/10\/175425-800-450.webp\",\"contentUrl\":\"https:\/\/techcode4u.com\/lojavirtual\/wp-content\/uploads\/2025\/10\/175425-800-450.webp\",\"width\":800,\"height\":450},{\"@type\":\"BreadcrumbList\",\"@id\":\"https:\/\/techcode4u.com\/lojavirtual\/produto\/adaptador-l-4-saidas-branco\/#breadcrumb\",\"itemListElement\":[{\"@type\":\"ListItem\",\"position\":1,\"name\":\"In\u00edcio\",\"item\":\"https:\/\/techcode4u.com\/lojavirtual\/\"},{\"@type\":\"ListItem\",\"position\":2,\"name\":\"Loja\",\"item\":\"https:\/\/techcode4u.com\/lojavirtual\/loja\/\"},{\"@type\":\"ListItem\",\"position\":3,\"name\":\"Adaptador L 4 Saidas Branco\"}]},{\"@type\":\"WebSite\",\"@id\":\"https:\/\/techcode4u.com\/lojavirtual\/#website\",\"url\":\"https:\/\/techcode4u.com\/lojavirtual\/\",\"name\":\"Loja Virtual\",\"description\":\"LojaVirtual\",\"publisher\":{\"@id\":\"https:\/\/techcode4u.com\/lojavirtual\/#organization\"},\"potentialAction\":[{\"@type\":\"SearchAction\",\"target\":{\"@type\":\"EntryPoint\",\"urlTemplate\":\"https:\/\/techcode4u.com\/lojavirtual\/?s={search_term_string}\"},\"query-input\":{\"@type\":\"PropertyValueSpecification\",\"valueRequired\":true,\"valueName\":\"search_term_string\"}}],\"inLanguage\":\"pt-BR\"},{\"@type\":\"Organization\",\"@id\":\"https:\/\/techcode4u.com\/lojavirtual\/#organization\",\"name\":\"Bruno Eletr\u00f4nica\",\"url\":\"https:\/\/techcode4u.com\/lojavirtual\/\",\"logo\":{\"@type\":\"ImageObject\",\"inLanguage\":\"pt-BR\",\"@id\":\"https:\/\/techcode4u.com\/lojavirtual\/#\/schema\/logo\/image\/\",\"url\":\"https:\/\/techcode4u.com\/lojavirtual\/wp-content\/uploads\/2025\/10\/cropped-logomarca.png\",\"contentUrl\":\"https:\/\/techcode4u.com\/lojavirtual\/wp-content\/uploads\/2025\/10\/cropped-logomarca.png\",\"width\":595,\"height\":129,\"caption\":\"Bruno Eletr\u00f4nica\"},\"image\":{\"@id\":\"https:\/\/techcode4u.com\/lojavirtual\/#\/schema\/logo\/image\/\"}}]}<\/script>\n<!-- \/ Yoast SEO plugin. -->","yoast_head_json":{"title":"Adaptador L 4 Saidas Branco - LojaVirtual","robots":{"index":"index","follow":"follow","max-snippet":"max-snippet:-1","max-image-preview":"max-image-preview:large","max-video-preview":"max-video-preview:-1"},"canonical":"https:\/\/techcode4u.com\/lojavirtual\/produto\/adaptador-l-4-saidas-branco\/","og_locale":"pt_BR","og_type":"article","og_title":"Adaptador L 4 Saidas Branco - LojaVirtual","og_description":"Adaptador em \u201cL\u201d com 4 Sa\u00eddas \u2013 Branco O Adaptador em \u201cL\u201d com 4 sa\u00eddas \u00e9 a solu\u00e7\u00e3o pr\u00e1tica e segura para expandir suas conex\u00f5es el\u00e9tricas de forma organizada e eficiente. Com design compacto em formato de \u201cL\u201d, ele permite aproveitar melhor o espa\u00e7o, ideal para ambientes com tomadas pr\u00f3ximas a m\u00f3veis ou locais de [&hellip;]","og_url":"https:\/\/techcode4u.com\/lojavirtual\/produto\/adaptador-l-4-saidas-branco\/","og_site_name":"LojaVirtual","og_image":[{"width":800,"height":450,"url":"https:\/\/techcode4u.com\/lojavirtual\/wp-content\/uploads\/2025\/10\/175425-800-450.webp","type":"image\/webp"}],"twitter_card":"summary_large_image","twitter_misc":{"Est. tempo de leitura":"1 minuto"},"schema":{"@context":"https:\/\/schema.org","@graph":[{"@type":"WebPage","@id":"https:\/\/techcode4u.com\/lojavirtual\/produto\/adaptador-l-4-saidas-branco\/","url":"https:\/\/techcode4u.com\/lojavirtual\/produto\/adaptador-l-4-saidas-branco\/","name":"Adaptador L 4 Saidas Branco - LojaVirtual","isPartOf":{"@id":"https:\/\/techcode4u.com\/lojavirtual\/#website"},"primaryImageOfPage":{"@id":"https:\/\/techcode4u.com\/lojavirtual\/produto\/adaptador-l-4-saidas-branco\/#primaryimage"},"image":{"@id":"https:\/\/techcode4u.com\/lojavirtual\/produto\/adaptador-l-4-saidas-branco\/#primaryimage"},"thumbnailUrl":"https:\/\/techcode4u.com\/lojavirtual\/wp-content\/uploads\/2025\/10\/175425-800-450.webp","datePublished":"2025-10-29T02:52:05+00:00","breadcrumb":{"@id":"https:\/\/techcode4u.com\/lojavirtual\/produto\/adaptador-l-4-saidas-branco\/#breadcrumb"},"inLanguage":"pt-BR","potentialAction":[{"@type":"ReadAction","target":["https:\/\/techcode4u.com\/lojavirtual\/produto\/adaptador-l-4-saidas-branco\/"]}]},{"@type":"ImageObject","inLanguage":"pt-BR","@id":"https:\/\/techcode4u.com\/lojavirtual\/produto\/adaptador-l-4-saidas-branco\/#primaryimage","url":"https:\/\/techcode4u.com\/lojavirtual\/wp-content\/uploads\/2025\/10\/175425-800-450.webp","contentUrl":"https:\/\/techcode4u.com\/lojavirtual\/wp-content\/uploads\/2025\/10\/175425-800-450.webp","width":800,"height":450},{"@type":"BreadcrumbList","@id":"https:\/\/techcode4u.com\/lojavirtual\/produto\/adaptador-l-4-saidas-branco\/#breadcrumb","itemListElement":[{"@type":"ListItem","position":1,"name":"In\u00edcio","item":"https:\/\/techcode4u.com\/lojavirtual\/"},{"@type":"ListItem","position":2,"name":"Loja","item":"https:\/\/techcode4u.com\/lojavirtual\/loja\/"},{"@type":"ListItem","position":3,"name":"Adaptador L 4 Saidas Branco"}]},{"@type":"WebSite","@id":"https:\/\/techcode4u.com\/lojavirtual\/#website","url":"https:\/\/techcode4u.com\/lojavirtual\/","name":"Loja Virtual","description":"LojaVirtual","publisher":{"@id":"https:\/\/techcode4u.com\/lojavirtual\/#organization"},"potentialAction":[{"@type":"SearchAction","target":{"@type":"EntryPoint","urlTemplate":"https:\/\/techcode4u.com\/lojavirtual\/?s={search_term_string}"},"query-input":{"@type":"PropertyValueSpecification","valueRequired":true,"valueName":"search_term_string"}}],"inLanguage":"pt-BR"},{"@type":"Organization","@id":"https:\/\/techcode4u.com\/lojavirtual\/#organization","name":"Bruno Eletr\u00f4nica","url":"https:\/\/techcode4u.com\/lojavirtual\/","logo":{"@type":"ImageObject","inLanguage":"pt-BR","@id":"https:\/\/techcode4u.com\/lojavirtual\/#\/schema\/logo\/image\/","url":"https:\/\/techcode4u.com\/lojavirtual\/wp-content\/uploads\/2025\/10\/cropped-logomarca.png","contentUrl":"https:\/\/techcode4u.com\/lojavirtual\/wp-content\/uploads\/2025\/10\/cropped-logomarca.png","width":595,"height":129,"caption":"Bruno Eletr\u00f4nica"},"image":{"@id":"https:\/\/techcode4u.com\/lojavirtual\/#\/schema\/logo\/image\/"}}]}},"brands":[],"_links":{"self":[{"href":"https:\/\/techcode4u.com\/lojavirtual\/wp-json\/wp\/v2\/product\/822","targetHints":{"allow":["GET"]}}],"collection":[{"href":"https:\/\/techcode4u.com\/lojavirtual\/wp-json\/wp\/v2\/product"}],"about":[{"href":"https:\/\/techcode4u.com\/lojavirtual\/wp-json\/wp\/v2\/types\/product"}],"replies":[{"embeddable":true,"href":"https:\/\/techcode4u.com\/lojavirtual\/wp-json\/wp\/v2\/comments?post=822"}],"wp:featuredmedia":[{"embeddable":true,"href":"https:\/\/techcode4u.com\/lojavirtual\/wp-json\/wp\/v2\/media\/823"}],"wp:attachment":[{"href":"https:\/\/techcode4u.com\/lojavirtual\/wp-json\/wp\/v2\/media?parent=822"}],"wp:term":[{"taxonomy":"pwb-brand","embeddable":true,"href":"https:\/\/techcode4u.com\/lojavirtual\/wp-json\/wp\/v2\/pwb-brand?post=822"},{"taxonomy":"product_brand","embeddable":true,"href":"https:\/\/techcode4u.com\/lojavirtual\/wp-json\/wp\/v2\/product_brand?post=822"},{"taxonomy":"product_cat","embeddable":true,"href":"https:\/\/techcode4u.com\/lojavirtual\/wp-json\/wp\/v2\/product_cat?post=822"},{"taxonomy":"product_tag","embeddable":true,"href":"https:\/\/techcode4u.com\/lojavirtual\/wp-json\/wp\/v2\/product_tag?post=822"}],"curies":[{"name":"wp","href":"https:\/\/api.w.org\/{rel}","templated":true}]}}