{"id":820,"date":"2025-10-28T23:49:19","date_gmt":"2025-10-29T02:49:19","guid":{"rendered":"https:\/\/techcode4u.com\/lojavirtual\/?post_type=product&#038;p=820"},"modified":"2025-10-28T23:49:19","modified_gmt":"2025-10-29T02:49:19","slug":"cabo-1-p2-st-2-p10-mono-3-metros-sa2x-santo-angelo","status":"publish","type":"product","link":"https:\/\/techcode4u.com\/lojavirtual\/produto\/cabo-1-p2-st-2-p10-mono-3-metros-sa2x-santo-angelo\/","title":{"rendered":"Cabo 1 P2 ST\/2 P10 Mono 3 Metros SA2X \u2013 Santo Angelo"},"content":{"rendered":"<p data-start=\"0\" data-end=\"60\"><strong data-start=\"0\" data-end=\"58\">Cabo 1 P2 ST \/ 2 P10 Mono 3 Metros SA2X \u2013 Santo Angelo<\/strong><\/p>\n<p data-start=\"62\" data-end=\"340\">O <strong data-start=\"64\" data-end=\"93\">Cabo SA2X da Santo Angelo<\/strong> \u00e9 ideal para quem busca <strong data-start=\"118\" data-end=\"189\">qualidade sonora profissional e versatilidade nas conex\u00f5es de \u00e1udio<\/strong>. Com <strong data-start=\"195\" data-end=\"222\">3 metros de comprimento<\/strong>, ele garante <strong data-start=\"236\" data-end=\"272\">alcance e liberdade de movimento<\/strong>, sendo perfeito para uso em est\u00fadios, palcos e setups dom\u00e9sticos.<\/p>\n<p data-start=\"342\" data-end=\"638\">Com <strong data-start=\"346\" data-end=\"380\">um conector P2 est\u00e9reo (macho)<\/strong> e <strong data-start=\"383\" data-end=\"420\">dois conectores P10 mono (machos)<\/strong>, o cabo realiza a <strong data-start=\"439\" data-end=\"481\">separa\u00e7\u00e3o de canais esquerdo e direito<\/strong>, permitindo a liga\u00e7\u00e3o de dispositivos como <strong data-start=\"525\" data-end=\"599\">celulares, notebooks, mesas de som, instrumentos e caixas amplificadas<\/strong> com <strong data-start=\"604\" data-end=\"635\">fidelidade e clareza de som<\/strong>.<\/p>\n<p data-start=\"640\" data-end=\"977\" data-is-last-node=\"\" data-is-only-node=\"\">Produzido com <strong data-start=\"654\" data-end=\"685\">materiais de alta qualidade<\/strong>, blindagem eficiente e conectores resistentes, o SA2X proporciona <strong data-start=\"752\" data-end=\"805\">transmiss\u00e3o est\u00e1vel, sem ru\u00eddos ou interfer\u00eancias<\/strong>. Com o <strong data-start=\"813\" data-end=\"853\">padr\u00e3o de excel\u00eancia da Santo Angelo<\/strong>, \u00e9 a escolha certa para <strong data-start=\"878\" data-end=\"924\">m\u00fasicos, t\u00e9cnicos e profissionais de \u00e1udio<\/strong> que exigem <strong data-start=\"936\" data-end=\"976\">confiabilidade e desempenho superior<\/strong>.<\/p>\n","protected":false},"excerpt":{"rendered":"<p>Cabo 1 P2 ST \/ 2 P10 Mono 3 Metros SA2X \u2013 Santo Angelo O Cabo SA2X da Santo Angelo \u00e9 ideal para quem busca qualidade sonora profissional e versatilidade nas conex\u00f5es de \u00e1udio. Com 3 metros de comprimento, ele garante alcance e liberdade de movimento, sendo perfeito para uso em est\u00fadios, palcos e setups [&hellip;]<\/p>\n","protected":false},"featured_media":821,"comment_status":"open","ping_status":"closed","template":"","meta":[],"pwb-brand":[],"product_brand":[],"product_cat":[27],"product_tag":[],"class_list":{"0":"post-820","1":"product","2":"type-product","3":"status-publish","4":"has-post-thumbnail","6":"product_cat-cabos","8":"first","9":"instock","10":"shipping-taxable","11":"purchasable","12":"product-type-simple"},"yoast_head":"<!-- This site is optimized with the Yoast SEO plugin v26.5 - https:\/\/yoast.com\/wordpress\/plugins\/seo\/ -->\n<title>Cabo 1 P2 ST\/2 P10 Mono 3 Metros SA2X \u2013 Santo Angelo - LojaVirtual<\/title>\n<meta name=\"robots\" content=\"index, follow, max-snippet:-1, max-image-preview:large, max-video-preview:-1\" \/>\n<link rel=\"canonical\" href=\"https:\/\/techcode4u.com\/lojavirtual\/produto\/cabo-1-p2-st-2-p10-mono-3-metros-sa2x-santo-angelo\/\" \/>\n<meta property=\"og:locale\" content=\"pt_BR\" \/>\n<meta property=\"og:type\" content=\"article\" \/>\n<meta property=\"og:title\" content=\"Cabo 1 P2 ST\/2 P10 Mono 3 Metros SA2X \u2013 Santo Angelo - LojaVirtual\" \/>\n<meta property=\"og:description\" content=\"Cabo 1 P2 ST \/ 2 P10 Mono 3 Metros SA2X \u2013 Santo Angelo O Cabo SA2X da Santo Angelo \u00e9 ideal para quem busca qualidade sonora profissional e versatilidade nas conex\u00f5es de \u00e1udio. Com 3 metros de comprimento, ele garante alcance e liberdade de movimento, sendo perfeito para uso em est\u00fadios, palcos e setups [&hellip;]\" \/>\n<meta property=\"og:url\" content=\"https:\/\/techcode4u.com\/lojavirtual\/produto\/cabo-1-p2-st-2-p10-mono-3-metros-sa2x-santo-angelo\/\" \/>\n<meta property=\"og:site_name\" content=\"LojaVirtual\" \/>\n<meta property=\"og:image\" content=\"https:\/\/techcode4u.com\/lojavirtual\/wp-content\/uploads\/2025\/10\/SA2X-P2ST-2-P10M-1-600x400-1.webp\" \/>\n\t<meta property=\"og:image:width\" content=\"600\" \/>\n\t<meta property=\"og:image:height\" content=\"400\" \/>\n\t<meta property=\"og:image:type\" content=\"image\/webp\" \/>\n<meta name=\"twitter:card\" content=\"summary_large_image\" \/>\n<meta name=\"twitter:label1\" content=\"Est. tempo de leitura\" \/>\n\t<meta name=\"twitter:data1\" content=\"1 minuto\" \/>\n<script type=\"application\/ld+json\" class=\"yoast-schema-graph\">{\"@context\":\"https:\/\/schema.org\",\"@graph\":[{\"@type\":\"WebPage\",\"@id\":\"https:\/\/techcode4u.com\/lojavirtual\/produto\/cabo-1-p2-st-2-p10-mono-3-metros-sa2x-santo-angelo\/\",\"url\":\"https:\/\/techcode4u.com\/lojavirtual\/produto\/cabo-1-p2-st-2-p10-mono-3-metros-sa2x-santo-angelo\/\",\"name\":\"Cabo 1 P2 ST\/2 P10 Mono 3 Metros SA2X \u2013 Santo Angelo - LojaVirtual\",\"isPartOf\":{\"@id\":\"https:\/\/techcode4u.com\/lojavirtual\/#website\"},\"primaryImageOfPage\":{\"@id\":\"https:\/\/techcode4u.com\/lojavirtual\/produto\/cabo-1-p2-st-2-p10-mono-3-metros-sa2x-santo-angelo\/#primaryimage\"},\"image\":{\"@id\":\"https:\/\/techcode4u.com\/lojavirtual\/produto\/cabo-1-p2-st-2-p10-mono-3-metros-sa2x-santo-angelo\/#primaryimage\"},\"thumbnailUrl\":\"https:\/\/techcode4u.com\/lojavirtual\/wp-content\/uploads\/2025\/10\/SA2X-P2ST-2-P10M-1-600x400-1.webp\",\"datePublished\":\"2025-10-29T02:49:19+00:00\",\"breadcrumb\":{\"@id\":\"https:\/\/techcode4u.com\/lojavirtual\/produto\/cabo-1-p2-st-2-p10-mono-3-metros-sa2x-santo-angelo\/#breadcrumb\"},\"inLanguage\":\"pt-BR\",\"potentialAction\":[{\"@type\":\"ReadAction\",\"target\":[\"https:\/\/techcode4u.com\/lojavirtual\/produto\/cabo-1-p2-st-2-p10-mono-3-metros-sa2x-santo-angelo\/\"]}]},{\"@type\":\"ImageObject\",\"inLanguage\":\"pt-BR\",\"@id\":\"https:\/\/techcode4u.com\/lojavirtual\/produto\/cabo-1-p2-st-2-p10-mono-3-metros-sa2x-santo-angelo\/#primaryimage\",\"url\":\"https:\/\/techcode4u.com\/lojavirtual\/wp-content\/uploads\/2025\/10\/SA2X-P2ST-2-P10M-1-600x400-1.webp\",\"contentUrl\":\"https:\/\/techcode4u.com\/lojavirtual\/wp-content\/uploads\/2025\/10\/SA2X-P2ST-2-P10M-1-600x400-1.webp\",\"width\":600,\"height\":400},{\"@type\":\"BreadcrumbList\",\"@id\":\"https:\/\/techcode4u.com\/lojavirtual\/produto\/cabo-1-p2-st-2-p10-mono-3-metros-sa2x-santo-angelo\/#breadcrumb\",\"itemListElement\":[{\"@type\":\"ListItem\",\"position\":1,\"name\":\"In\u00edcio\",\"item\":\"https:\/\/techcode4u.com\/lojavirtual\/\"},{\"@type\":\"ListItem\",\"position\":2,\"name\":\"Loja\",\"item\":\"https:\/\/techcode4u.com\/lojavirtual\/loja\/\"},{\"@type\":\"ListItem\",\"position\":3,\"name\":\"Cabo 1 P2 ST\/2 P10 Mono 3 Metros SA2X \u2013 Santo Angelo\"}]},{\"@type\":\"WebSite\",\"@id\":\"https:\/\/techcode4u.com\/lojavirtual\/#website\",\"url\":\"https:\/\/techcode4u.com\/lojavirtual\/\",\"name\":\"Loja Virtual\",\"description\":\"LojaVirtual\",\"publisher\":{\"@id\":\"https:\/\/techcode4u.com\/lojavirtual\/#organization\"},\"potentialAction\":[{\"@type\":\"SearchAction\",\"target\":{\"@type\":\"EntryPoint\",\"urlTemplate\":\"https:\/\/techcode4u.com\/lojavirtual\/?s={search_term_string}\"},\"query-input\":{\"@type\":\"PropertyValueSpecification\",\"valueRequired\":true,\"valueName\":\"search_term_string\"}}],\"inLanguage\":\"pt-BR\"},{\"@type\":\"Organization\",\"@id\":\"https:\/\/techcode4u.com\/lojavirtual\/#organization\",\"name\":\"Bruno Eletr\u00f4nica\",\"url\":\"https:\/\/techcode4u.com\/lojavirtual\/\",\"logo\":{\"@type\":\"ImageObject\",\"inLanguage\":\"pt-BR\",\"@id\":\"https:\/\/techcode4u.com\/lojavirtual\/#\/schema\/logo\/image\/\",\"url\":\"https:\/\/techcode4u.com\/lojavirtual\/wp-content\/uploads\/2025\/10\/cropped-logomarca.png\",\"contentUrl\":\"https:\/\/techcode4u.com\/lojavirtual\/wp-content\/uploads\/2025\/10\/cropped-logomarca.png\",\"width\":595,\"height\":129,\"caption\":\"Bruno Eletr\u00f4nica\"},\"image\":{\"@id\":\"https:\/\/techcode4u.com\/lojavirtual\/#\/schema\/logo\/image\/\"}}]}<\/script>\n<!-- \/ Yoast SEO plugin. -->","yoast_head_json":{"title":"Cabo 1 P2 ST\/2 P10 Mono 3 Metros SA2X \u2013 Santo Angelo - LojaVirtual","robots":{"index":"index","follow":"follow","max-snippet":"max-snippet:-1","max-image-preview":"max-image-preview:large","max-video-preview":"max-video-preview:-1"},"canonical":"https:\/\/techcode4u.com\/lojavirtual\/produto\/cabo-1-p2-st-2-p10-mono-3-metros-sa2x-santo-angelo\/","og_locale":"pt_BR","og_type":"article","og_title":"Cabo 1 P2 ST\/2 P10 Mono 3 Metros SA2X \u2013 Santo Angelo - LojaVirtual","og_description":"Cabo 1 P2 ST \/ 2 P10 Mono 3 Metros SA2X \u2013 Santo Angelo O Cabo SA2X da Santo Angelo \u00e9 ideal para quem busca qualidade sonora profissional e versatilidade nas conex\u00f5es de \u00e1udio. Com 3 metros de comprimento, ele garante alcance e liberdade de movimento, sendo perfeito para uso em est\u00fadios, palcos e setups [&hellip;]","og_url":"https:\/\/techcode4u.com\/lojavirtual\/produto\/cabo-1-p2-st-2-p10-mono-3-metros-sa2x-santo-angelo\/","og_site_name":"LojaVirtual","og_image":[{"width":600,"height":400,"url":"https:\/\/techcode4u.com\/lojavirtual\/wp-content\/uploads\/2025\/10\/SA2X-P2ST-2-P10M-1-600x400-1.webp","type":"image\/webp"}],"twitter_card":"summary_large_image","twitter_misc":{"Est. tempo de leitura":"1 minuto"},"schema":{"@context":"https:\/\/schema.org","@graph":[{"@type":"WebPage","@id":"https:\/\/techcode4u.com\/lojavirtual\/produto\/cabo-1-p2-st-2-p10-mono-3-metros-sa2x-santo-angelo\/","url":"https:\/\/techcode4u.com\/lojavirtual\/produto\/cabo-1-p2-st-2-p10-mono-3-metros-sa2x-santo-angelo\/","name":"Cabo 1 P2 ST\/2 P10 Mono 3 Metros SA2X \u2013 Santo Angelo - LojaVirtual","isPartOf":{"@id":"https:\/\/techcode4u.com\/lojavirtual\/#website"},"primaryImageOfPage":{"@id":"https:\/\/techcode4u.com\/lojavirtual\/produto\/cabo-1-p2-st-2-p10-mono-3-metros-sa2x-santo-angelo\/#primaryimage"},"image":{"@id":"https:\/\/techcode4u.com\/lojavirtual\/produto\/cabo-1-p2-st-2-p10-mono-3-metros-sa2x-santo-angelo\/#primaryimage"},"thumbnailUrl":"https:\/\/techcode4u.com\/lojavirtual\/wp-content\/uploads\/2025\/10\/SA2X-P2ST-2-P10M-1-600x400-1.webp","datePublished":"2025-10-29T02:49:19+00:00","breadcrumb":{"@id":"https:\/\/techcode4u.com\/lojavirtual\/produto\/cabo-1-p2-st-2-p10-mono-3-metros-sa2x-santo-angelo\/#breadcrumb"},"inLanguage":"pt-BR","potentialAction":[{"@type":"ReadAction","target":["https:\/\/techcode4u.com\/lojavirtual\/produto\/cabo-1-p2-st-2-p10-mono-3-metros-sa2x-santo-angelo\/"]}]},{"@type":"ImageObject","inLanguage":"pt-BR","@id":"https:\/\/techcode4u.com\/lojavirtual\/produto\/cabo-1-p2-st-2-p10-mono-3-metros-sa2x-santo-angelo\/#primaryimage","url":"https:\/\/techcode4u.com\/lojavirtual\/wp-content\/uploads\/2025\/10\/SA2X-P2ST-2-P10M-1-600x400-1.webp","contentUrl":"https:\/\/techcode4u.com\/lojavirtual\/wp-content\/uploads\/2025\/10\/SA2X-P2ST-2-P10M-1-600x400-1.webp","width":600,"height":400},{"@type":"BreadcrumbList","@id":"https:\/\/techcode4u.com\/lojavirtual\/produto\/cabo-1-p2-st-2-p10-mono-3-metros-sa2x-santo-angelo\/#breadcrumb","itemListElement":[{"@type":"ListItem","position":1,"name":"In\u00edcio","item":"https:\/\/techcode4u.com\/lojavirtual\/"},{"@type":"ListItem","position":2,"name":"Loja","item":"https:\/\/techcode4u.com\/lojavirtual\/loja\/"},{"@type":"ListItem","position":3,"name":"Cabo 1 P2 ST\/2 P10 Mono 3 Metros SA2X \u2013 Santo Angelo"}]},{"@type":"WebSite","@id":"https:\/\/techcode4u.com\/lojavirtual\/#website","url":"https:\/\/techcode4u.com\/lojavirtual\/","name":"Loja Virtual","description":"LojaVirtual","publisher":{"@id":"https:\/\/techcode4u.com\/lojavirtual\/#organization"},"potentialAction":[{"@type":"SearchAction","target":{"@type":"EntryPoint","urlTemplate":"https:\/\/techcode4u.com\/lojavirtual\/?s={search_term_string}"},"query-input":{"@type":"PropertyValueSpecification","valueRequired":true,"valueName":"search_term_string"}}],"inLanguage":"pt-BR"},{"@type":"Organization","@id":"https:\/\/techcode4u.com\/lojavirtual\/#organization","name":"Bruno Eletr\u00f4nica","url":"https:\/\/techcode4u.com\/lojavirtual\/","logo":{"@type":"ImageObject","inLanguage":"pt-BR","@id":"https:\/\/techcode4u.com\/lojavirtual\/#\/schema\/logo\/image\/","url":"https:\/\/techcode4u.com\/lojavirtual\/wp-content\/uploads\/2025\/10\/cropped-logomarca.png","contentUrl":"https:\/\/techcode4u.com\/lojavirtual\/wp-content\/uploads\/2025\/10\/cropped-logomarca.png","width":595,"height":129,"caption":"Bruno Eletr\u00f4nica"},"image":{"@id":"https:\/\/techcode4u.com\/lojavirtual\/#\/schema\/logo\/image\/"}}]}},"brands":[],"_links":{"self":[{"href":"https:\/\/techcode4u.com\/lojavirtual\/wp-json\/wp\/v2\/product\/820","targetHints":{"allow":["GET"]}}],"collection":[{"href":"https:\/\/techcode4u.com\/lojavirtual\/wp-json\/wp\/v2\/product"}],"about":[{"href":"https:\/\/techcode4u.com\/lojavirtual\/wp-json\/wp\/v2\/types\/product"}],"replies":[{"embeddable":true,"href":"https:\/\/techcode4u.com\/lojavirtual\/wp-json\/wp\/v2\/comments?post=820"}],"wp:featuredmedia":[{"embeddable":true,"href":"https:\/\/techcode4u.com\/lojavirtual\/wp-json\/wp\/v2\/media\/821"}],"wp:attachment":[{"href":"https:\/\/techcode4u.com\/lojavirtual\/wp-json\/wp\/v2\/media?parent=820"}],"wp:term":[{"taxonomy":"pwb-brand","embeddable":true,"href":"https:\/\/techcode4u.com\/lojavirtual\/wp-json\/wp\/v2\/pwb-brand?post=820"},{"taxonomy":"product_brand","embeddable":true,"href":"https:\/\/techcode4u.com\/lojavirtual\/wp-json\/wp\/v2\/product_brand?post=820"},{"taxonomy":"product_cat","embeddable":true,"href":"https:\/\/techcode4u.com\/lojavirtual\/wp-json\/wp\/v2\/product_cat?post=820"},{"taxonomy":"product_tag","embeddable":true,"href":"https:\/\/techcode4u.com\/lojavirtual\/wp-json\/wp\/v2\/product_tag?post=820"}],"curies":[{"name":"wp","href":"https:\/\/api.w.org\/{rel}","templated":true}]}}