{"id":752,"date":"2025-10-28T16:40:41","date_gmt":"2025-10-28T19:40:41","guid":{"rendered":"https:\/\/techcode4u.com\/lojavirtual\/?post_type=product&#038;p=752"},"modified":"2025-10-28T16:40:41","modified_gmt":"2025-10-28T19:40:41","slug":"kit-teclado-e-mouse-c-fio-cf300-12-teclas-preto-multimidia-c","status":"publish","type":"product","link":"https:\/\/techcode4u.com\/lojavirtual\/produto\/kit-teclado-e-mouse-c-fio-cf300-12-teclas-preto-multimidia-c\/","title":{"rendered":"Kit Teclado E Mouse C\/fio Cf300 12 Teclas Preto Multimidia C"},"content":{"rendered":"<p data-start=\"0\" data-end=\"76\"><strong data-start=\"0\" data-end=\"74\">Kit Teclado e Mouse com Fio CF300 Multim\u00eddia 12 Teclas \u2013 Preto \u2013 Multi<\/strong><\/p>\n<p data-start=\"78\" data-end=\"420\">O <strong data-start=\"80\" data-end=\"126\">Kit Teclado e Mouse com Fio CF300 da Multi<\/strong> oferece <strong data-start=\"135\" data-end=\"173\">desempenho, conforto e praticidade<\/strong> para o seu dia a dia. Com design moderno e resistente, o teclado conta com <strong data-start=\"249\" data-end=\"273\">12 teclas multim\u00eddia<\/strong>, que facilitam o acesso r\u00e1pido a fun\u00e7\u00f5es como controle de volume, player de m\u00eddia, e-mail e navegador de internet \u2014 tudo ao alcance de um toque.<\/p>\n<p data-start=\"422\" data-end=\"658\">O <strong data-start=\"424\" data-end=\"444\">mouse ergon\u00f4mico<\/strong> possui alta precis\u00e3o e resposta r\u00e1pida, ideal para uso cont\u00ednuo em tarefas profissionais, estudos ou entretenimento. A conex\u00e3o <strong data-start=\"572\" data-end=\"591\">USB plug &amp; play<\/strong> garante instala\u00e7\u00e3o f\u00e1cil e imediata, sem necessidade de drivers.<\/p>\n<p data-start=\"660\" data-end=\"926\" data-is-last-node=\"\" data-is-only-node=\"\">Com <strong data-start=\"664\" data-end=\"696\">digita\u00e7\u00e3o macia e silenciosa<\/strong>, o <strong data-start=\"700\" data-end=\"713\">Kit CF300<\/strong> \u00e9 perfeito para quem busca um conjunto confi\u00e1vel e dur\u00e1vel para o escrit\u00f3rio, casa ou escola. <strong data-start=\"808\" data-end=\"862\">Simples, eficiente e com excelente custo-benef\u00edcio<\/strong>, ele \u00e9 a escolha certa para o seu setup de trabalho ou estudos.<\/p>\n","protected":false},"excerpt":{"rendered":"<p>Kit Teclado e Mouse com Fio CF300 Multim\u00eddia 12 Teclas \u2013 Preto \u2013 Multi O Kit Teclado e Mouse com Fio CF300 da Multi oferece desempenho, conforto e praticidade para o seu dia a dia. Com design moderno e resistente, o teclado conta com 12 teclas multim\u00eddia, que facilitam o acesso r\u00e1pido a fun\u00e7\u00f5es como [&hellip;]<\/p>\n","protected":false},"featured_media":753,"comment_status":"open","ping_status":"closed","template":"","meta":[],"pwb-brand":[],"product_brand":[],"product_cat":[40],"product_tag":[],"class_list":{"0":"post-752","1":"product","2":"type-product","3":"status-publish","4":"has-post-thumbnail","6":"product_cat-kits","8":"first","9":"instock","10":"shipping-taxable","11":"purchasable","12":"product-type-simple"},"yoast_head":"<!-- This site is optimized with the Yoast SEO plugin v26.5 - https:\/\/yoast.com\/wordpress\/plugins\/seo\/ -->\n<title>Kit Teclado E Mouse C\/fio Cf300 12 Teclas Preto Multimidia C - LojaVirtual<\/title>\n<meta name=\"robots\" content=\"index, follow, max-snippet:-1, max-image-preview:large, max-video-preview:-1\" \/>\n<link rel=\"canonical\" href=\"https:\/\/techcode4u.com\/lojavirtual\/produto\/kit-teclado-e-mouse-c-fio-cf300-12-teclas-preto-multimidia-c\/\" \/>\n<meta property=\"og:locale\" content=\"pt_BR\" \/>\n<meta property=\"og:type\" content=\"article\" \/>\n<meta property=\"og:title\" content=\"Kit Teclado E Mouse C\/fio Cf300 12 Teclas Preto Multimidia C - LojaVirtual\" \/>\n<meta property=\"og:description\" content=\"Kit Teclado e Mouse com Fio CF300 Multim\u00eddia 12 Teclas \u2013 Preto \u2013 Multi O Kit Teclado e Mouse com Fio CF300 da Multi oferece desempenho, conforto e praticidade para o seu dia a dia. Com design moderno e resistente, o teclado conta com 12 teclas multim\u00eddia, que facilitam o acesso r\u00e1pido a fun\u00e7\u00f5es como [&hellip;]\" \/>\n<meta property=\"og:url\" content=\"https:\/\/techcode4u.com\/lojavirtual\/produto\/kit-teclado-e-mouse-c-fio-cf300-12-teclas-preto-multimidia-c\/\" \/>\n<meta property=\"og:site_name\" content=\"LojaVirtual\" \/>\n<meta property=\"og:image\" content=\"https:\/\/techcode4u.com\/lojavirtual\/wp-content\/uploads\/2025\/10\/217846-1200-1200.webp\" \/>\n\t<meta property=\"og:image:width\" content=\"1200\" \/>\n\t<meta property=\"og:image:height\" content=\"1200\" \/>\n\t<meta property=\"og:image:type\" content=\"image\/webp\" \/>\n<meta name=\"twitter:card\" content=\"summary_large_image\" \/>\n<meta name=\"twitter:label1\" content=\"Est. tempo de leitura\" \/>\n\t<meta name=\"twitter:data1\" content=\"1 minuto\" \/>\n<script type=\"application\/ld+json\" class=\"yoast-schema-graph\">{\"@context\":\"https:\/\/schema.org\",\"@graph\":[{\"@type\":\"WebPage\",\"@id\":\"https:\/\/techcode4u.com\/lojavirtual\/produto\/kit-teclado-e-mouse-c-fio-cf300-12-teclas-preto-multimidia-c\/\",\"url\":\"https:\/\/techcode4u.com\/lojavirtual\/produto\/kit-teclado-e-mouse-c-fio-cf300-12-teclas-preto-multimidia-c\/\",\"name\":\"Kit Teclado E Mouse C\/fio Cf300 12 Teclas Preto Multimidia C - LojaVirtual\",\"isPartOf\":{\"@id\":\"https:\/\/techcode4u.com\/lojavirtual\/#website\"},\"primaryImageOfPage\":{\"@id\":\"https:\/\/techcode4u.com\/lojavirtual\/produto\/kit-teclado-e-mouse-c-fio-cf300-12-teclas-preto-multimidia-c\/#primaryimage\"},\"image\":{\"@id\":\"https:\/\/techcode4u.com\/lojavirtual\/produto\/kit-teclado-e-mouse-c-fio-cf300-12-teclas-preto-multimidia-c\/#primaryimage\"},\"thumbnailUrl\":\"https:\/\/techcode4u.com\/lojavirtual\/wp-content\/uploads\/2025\/10\/217846-1200-1200.webp\",\"datePublished\":\"2025-10-28T19:40:41+00:00\",\"breadcrumb\":{\"@id\":\"https:\/\/techcode4u.com\/lojavirtual\/produto\/kit-teclado-e-mouse-c-fio-cf300-12-teclas-preto-multimidia-c\/#breadcrumb\"},\"inLanguage\":\"pt-BR\",\"potentialAction\":[{\"@type\":\"ReadAction\",\"target\":[\"https:\/\/techcode4u.com\/lojavirtual\/produto\/kit-teclado-e-mouse-c-fio-cf300-12-teclas-preto-multimidia-c\/\"]}]},{\"@type\":\"ImageObject\",\"inLanguage\":\"pt-BR\",\"@id\":\"https:\/\/techcode4u.com\/lojavirtual\/produto\/kit-teclado-e-mouse-c-fio-cf300-12-teclas-preto-multimidia-c\/#primaryimage\",\"url\":\"https:\/\/techcode4u.com\/lojavirtual\/wp-content\/uploads\/2025\/10\/217846-1200-1200.webp\",\"contentUrl\":\"https:\/\/techcode4u.com\/lojavirtual\/wp-content\/uploads\/2025\/10\/217846-1200-1200.webp\",\"width\":1200,\"height\":1200},{\"@type\":\"BreadcrumbList\",\"@id\":\"https:\/\/techcode4u.com\/lojavirtual\/produto\/kit-teclado-e-mouse-c-fio-cf300-12-teclas-preto-multimidia-c\/#breadcrumb\",\"itemListElement\":[{\"@type\":\"ListItem\",\"position\":1,\"name\":\"In\u00edcio\",\"item\":\"https:\/\/techcode4u.com\/lojavirtual\/\"},{\"@type\":\"ListItem\",\"position\":2,\"name\":\"Loja\",\"item\":\"https:\/\/techcode4u.com\/lojavirtual\/loja\/\"},{\"@type\":\"ListItem\",\"position\":3,\"name\":\"Kit Teclado E Mouse C\/fio Cf300 12 Teclas Preto Multimidia C\"}]},{\"@type\":\"WebSite\",\"@id\":\"https:\/\/techcode4u.com\/lojavirtual\/#website\",\"url\":\"https:\/\/techcode4u.com\/lojavirtual\/\",\"name\":\"Loja Virtual\",\"description\":\"LojaVirtual\",\"publisher\":{\"@id\":\"https:\/\/techcode4u.com\/lojavirtual\/#organization\"},\"potentialAction\":[{\"@type\":\"SearchAction\",\"target\":{\"@type\":\"EntryPoint\",\"urlTemplate\":\"https:\/\/techcode4u.com\/lojavirtual\/?s={search_term_string}\"},\"query-input\":{\"@type\":\"PropertyValueSpecification\",\"valueRequired\":true,\"valueName\":\"search_term_string\"}}],\"inLanguage\":\"pt-BR\"},{\"@type\":\"Organization\",\"@id\":\"https:\/\/techcode4u.com\/lojavirtual\/#organization\",\"name\":\"Bruno Eletr\u00f4nica\",\"url\":\"https:\/\/techcode4u.com\/lojavirtual\/\",\"logo\":{\"@type\":\"ImageObject\",\"inLanguage\":\"pt-BR\",\"@id\":\"https:\/\/techcode4u.com\/lojavirtual\/#\/schema\/logo\/image\/\",\"url\":\"https:\/\/techcode4u.com\/lojavirtual\/wp-content\/uploads\/2025\/10\/cropped-logomarca.png\",\"contentUrl\":\"https:\/\/techcode4u.com\/lojavirtual\/wp-content\/uploads\/2025\/10\/cropped-logomarca.png\",\"width\":595,\"height\":129,\"caption\":\"Bruno Eletr\u00f4nica\"},\"image\":{\"@id\":\"https:\/\/techcode4u.com\/lojavirtual\/#\/schema\/logo\/image\/\"}}]}<\/script>\n<!-- \/ Yoast SEO plugin. -->","yoast_head_json":{"title":"Kit Teclado E Mouse C\/fio Cf300 12 Teclas Preto Multimidia C - LojaVirtual","robots":{"index":"index","follow":"follow","max-snippet":"max-snippet:-1","max-image-preview":"max-image-preview:large","max-video-preview":"max-video-preview:-1"},"canonical":"https:\/\/techcode4u.com\/lojavirtual\/produto\/kit-teclado-e-mouse-c-fio-cf300-12-teclas-preto-multimidia-c\/","og_locale":"pt_BR","og_type":"article","og_title":"Kit Teclado E Mouse C\/fio Cf300 12 Teclas Preto Multimidia C - LojaVirtual","og_description":"Kit Teclado e Mouse com Fio CF300 Multim\u00eddia 12 Teclas \u2013 Preto \u2013 Multi O Kit Teclado e Mouse com Fio CF300 da Multi oferece desempenho, conforto e praticidade para o seu dia a dia. Com design moderno e resistente, o teclado conta com 12 teclas multim\u00eddia, que facilitam o acesso r\u00e1pido a fun\u00e7\u00f5es como [&hellip;]","og_url":"https:\/\/techcode4u.com\/lojavirtual\/produto\/kit-teclado-e-mouse-c-fio-cf300-12-teclas-preto-multimidia-c\/","og_site_name":"LojaVirtual","og_image":[{"width":1200,"height":1200,"url":"https:\/\/techcode4u.com\/lojavirtual\/wp-content\/uploads\/2025\/10\/217846-1200-1200.webp","type":"image\/webp"}],"twitter_card":"summary_large_image","twitter_misc":{"Est. tempo de leitura":"1 minuto"},"schema":{"@context":"https:\/\/schema.org","@graph":[{"@type":"WebPage","@id":"https:\/\/techcode4u.com\/lojavirtual\/produto\/kit-teclado-e-mouse-c-fio-cf300-12-teclas-preto-multimidia-c\/","url":"https:\/\/techcode4u.com\/lojavirtual\/produto\/kit-teclado-e-mouse-c-fio-cf300-12-teclas-preto-multimidia-c\/","name":"Kit Teclado E Mouse C\/fio Cf300 12 Teclas Preto Multimidia C - LojaVirtual","isPartOf":{"@id":"https:\/\/techcode4u.com\/lojavirtual\/#website"},"primaryImageOfPage":{"@id":"https:\/\/techcode4u.com\/lojavirtual\/produto\/kit-teclado-e-mouse-c-fio-cf300-12-teclas-preto-multimidia-c\/#primaryimage"},"image":{"@id":"https:\/\/techcode4u.com\/lojavirtual\/produto\/kit-teclado-e-mouse-c-fio-cf300-12-teclas-preto-multimidia-c\/#primaryimage"},"thumbnailUrl":"https:\/\/techcode4u.com\/lojavirtual\/wp-content\/uploads\/2025\/10\/217846-1200-1200.webp","datePublished":"2025-10-28T19:40:41+00:00","breadcrumb":{"@id":"https:\/\/techcode4u.com\/lojavirtual\/produto\/kit-teclado-e-mouse-c-fio-cf300-12-teclas-preto-multimidia-c\/#breadcrumb"},"inLanguage":"pt-BR","potentialAction":[{"@type":"ReadAction","target":["https:\/\/techcode4u.com\/lojavirtual\/produto\/kit-teclado-e-mouse-c-fio-cf300-12-teclas-preto-multimidia-c\/"]}]},{"@type":"ImageObject","inLanguage":"pt-BR","@id":"https:\/\/techcode4u.com\/lojavirtual\/produto\/kit-teclado-e-mouse-c-fio-cf300-12-teclas-preto-multimidia-c\/#primaryimage","url":"https:\/\/techcode4u.com\/lojavirtual\/wp-content\/uploads\/2025\/10\/217846-1200-1200.webp","contentUrl":"https:\/\/techcode4u.com\/lojavirtual\/wp-content\/uploads\/2025\/10\/217846-1200-1200.webp","width":1200,"height":1200},{"@type":"BreadcrumbList","@id":"https:\/\/techcode4u.com\/lojavirtual\/produto\/kit-teclado-e-mouse-c-fio-cf300-12-teclas-preto-multimidia-c\/#breadcrumb","itemListElement":[{"@type":"ListItem","position":1,"name":"In\u00edcio","item":"https:\/\/techcode4u.com\/lojavirtual\/"},{"@type":"ListItem","position":2,"name":"Loja","item":"https:\/\/techcode4u.com\/lojavirtual\/loja\/"},{"@type":"ListItem","position":3,"name":"Kit Teclado E Mouse C\/fio Cf300 12 Teclas Preto Multimidia C"}]},{"@type":"WebSite","@id":"https:\/\/techcode4u.com\/lojavirtual\/#website","url":"https:\/\/techcode4u.com\/lojavirtual\/","name":"Loja Virtual","description":"LojaVirtual","publisher":{"@id":"https:\/\/techcode4u.com\/lojavirtual\/#organization"},"potentialAction":[{"@type":"SearchAction","target":{"@type":"EntryPoint","urlTemplate":"https:\/\/techcode4u.com\/lojavirtual\/?s={search_term_string}"},"query-input":{"@type":"PropertyValueSpecification","valueRequired":true,"valueName":"search_term_string"}}],"inLanguage":"pt-BR"},{"@type":"Organization","@id":"https:\/\/techcode4u.com\/lojavirtual\/#organization","name":"Bruno Eletr\u00f4nica","url":"https:\/\/techcode4u.com\/lojavirtual\/","logo":{"@type":"ImageObject","inLanguage":"pt-BR","@id":"https:\/\/techcode4u.com\/lojavirtual\/#\/schema\/logo\/image\/","url":"https:\/\/techcode4u.com\/lojavirtual\/wp-content\/uploads\/2025\/10\/cropped-logomarca.png","contentUrl":"https:\/\/techcode4u.com\/lojavirtual\/wp-content\/uploads\/2025\/10\/cropped-logomarca.png","width":595,"height":129,"caption":"Bruno Eletr\u00f4nica"},"image":{"@id":"https:\/\/techcode4u.com\/lojavirtual\/#\/schema\/logo\/image\/"}}]}},"brands":[],"_links":{"self":[{"href":"https:\/\/techcode4u.com\/lojavirtual\/wp-json\/wp\/v2\/product\/752","targetHints":{"allow":["GET"]}}],"collection":[{"href":"https:\/\/techcode4u.com\/lojavirtual\/wp-json\/wp\/v2\/product"}],"about":[{"href":"https:\/\/techcode4u.com\/lojavirtual\/wp-json\/wp\/v2\/types\/product"}],"replies":[{"embeddable":true,"href":"https:\/\/techcode4u.com\/lojavirtual\/wp-json\/wp\/v2\/comments?post=752"}],"wp:featuredmedia":[{"embeddable":true,"href":"https:\/\/techcode4u.com\/lojavirtual\/wp-json\/wp\/v2\/media\/753"}],"wp:attachment":[{"href":"https:\/\/techcode4u.com\/lojavirtual\/wp-json\/wp\/v2\/media?parent=752"}],"wp:term":[{"taxonomy":"pwb-brand","embeddable":true,"href":"https:\/\/techcode4u.com\/lojavirtual\/wp-json\/wp\/v2\/pwb-brand?post=752"},{"taxonomy":"product_brand","embeddable":true,"href":"https:\/\/techcode4u.com\/lojavirtual\/wp-json\/wp\/v2\/product_brand?post=752"},{"taxonomy":"product_cat","embeddable":true,"href":"https:\/\/techcode4u.com\/lojavirtual\/wp-json\/wp\/v2\/product_cat?post=752"},{"taxonomy":"product_tag","embeddable":true,"href":"https:\/\/techcode4u.com\/lojavirtual\/wp-json\/wp\/v2\/product_tag?post=752"}],"curies":[{"name":"wp","href":"https:\/\/api.w.org\/{rel}","templated":true}]}}