{"id":747,"date":"2025-10-28T16:34:30","date_gmt":"2025-10-28T19:34:30","guid":{"rendered":"https:\/\/techcode4u.com\/lojavirtual\/?post_type=product&#038;p=747"},"modified":"2025-10-28T16:34:31","modified_gmt":"2025-10-28T19:34:31","slug":"kit-teclado-e-mouse-sem-fio-cs100-desegn-slim-sem-logo-emb-p","status":"publish","type":"product","link":"https:\/\/techcode4u.com\/lojavirtual\/produto\/kit-teclado-e-mouse-sem-fio-cs100-desegn-slim-sem-logo-emb-p\/","title":{"rendered":"Kit Teclado E Mouse Sem Fio Cs100 Desegn Slim Sem Logo Emb P"},"content":{"rendered":"<p data-start=\"0\" data-end=\"59\"><strong data-start=\"0\" data-end=\"57\">Kit Teclado e Mouse Sem Fio CS100 Design Slim \u2013 Multi<\/strong><\/p>\n<p data-start=\"61\" data-end=\"315\">O <strong data-start=\"63\" data-end=\"100\">Kit Teclado e Mouse Sem Fio CS100<\/strong> combina <strong data-start=\"109\" data-end=\"143\">estilo, conforto e praticidade<\/strong> para o seu dia a dia. Com design <strong data-start=\"177\" data-end=\"195\">slim e moderno<\/strong>, ele proporciona uma experi\u00eancia de digita\u00e7\u00e3o suave e silenciosa, ideal para escrit\u00f3rios, home office ou uso pessoal.<\/p>\n<p data-start=\"317\" data-end=\"602\">A tecnologia <strong data-start=\"330\" data-end=\"352\">wireless de 2,4GHz<\/strong> garante conex\u00e3o est\u00e1vel e r\u00e1pida, sem a necessidade de fios, oferecendo mais liberdade e organiza\u00e7\u00e3o na sua mesa de trabalho. O <strong data-start=\"481\" data-end=\"501\">teclado compacto<\/strong> ocupa menos espa\u00e7o, enquanto o <strong data-start=\"533\" data-end=\"553\">mouse ergon\u00f4mico<\/strong> oferece conforto e precis\u00e3o em cada movimento.<\/p>\n<p data-start=\"604\" data-end=\"908\" data-is-last-node=\"\" data-is-only-node=\"\">Com <strong data-start=\"608\" data-end=\"642\">instala\u00e7\u00e3o simples plug &amp; play<\/strong> e <strong data-start=\"645\" data-end=\"667\">receptor USB \u00fanico<\/strong> para ambos os dispositivos, o Kit CS100 \u00e9 compat\u00edvel com Windows, macOS e Linux. Elegante e funcional, \u00e9 a escolha certa para quem busca <strong data-start=\"805\" data-end=\"843\">produtividade e design minimalista<\/strong> em um conjunto sem logomarca e de <strong data-start=\"878\" data-end=\"907\">excelente custo-benef\u00edcio<\/strong>.<\/p>\n","protected":false},"excerpt":{"rendered":"<p>Kit Teclado e Mouse Sem Fio CS100 Design Slim \u2013 Multi O Kit Teclado e Mouse Sem Fio CS100 combina estilo, conforto e praticidade para o seu dia a dia. Com design slim e moderno, ele proporciona uma experi\u00eancia de digita\u00e7\u00e3o suave e silenciosa, ideal para escrit\u00f3rios, home office ou uso pessoal. A tecnologia wireless [&hellip;]<\/p>\n","protected":false},"featured_media":748,"comment_status":"open","ping_status":"closed","template":"","meta":[],"pwb-brand":[],"product_brand":[],"product_cat":[40],"product_tag":[],"class_list":{"0":"post-747","1":"product","2":"type-product","3":"status-publish","4":"has-post-thumbnail","6":"product_cat-kits","8":"first","9":"instock","10":"shipping-taxable","11":"purchasable","12":"product-type-simple"},"yoast_head":"<!-- This site is optimized with the Yoast SEO plugin v26.5 - https:\/\/yoast.com\/wordpress\/plugins\/seo\/ -->\n<title>Kit Teclado E Mouse Sem Fio Cs100 Desegn Slim Sem Logo Emb P - LojaVirtual<\/title>\n<meta name=\"robots\" content=\"index, follow, max-snippet:-1, max-image-preview:large, max-video-preview:-1\" \/>\n<link rel=\"canonical\" href=\"https:\/\/techcode4u.com\/lojavirtual\/produto\/kit-teclado-e-mouse-sem-fio-cs100-desegn-slim-sem-logo-emb-p\/\" \/>\n<meta property=\"og:locale\" content=\"pt_BR\" \/>\n<meta property=\"og:type\" content=\"article\" \/>\n<meta property=\"og:title\" content=\"Kit Teclado E Mouse Sem Fio Cs100 Desegn Slim Sem Logo Emb P - LojaVirtual\" \/>\n<meta property=\"og:description\" content=\"Kit Teclado e Mouse Sem Fio CS100 Design Slim \u2013 Multi O Kit Teclado e Mouse Sem Fio CS100 combina estilo, conforto e praticidade para o seu dia a dia. Com design slim e moderno, ele proporciona uma experi\u00eancia de digita\u00e7\u00e3o suave e silenciosa, ideal para escrit\u00f3rios, home office ou uso pessoal. A tecnologia wireless [&hellip;]\" \/>\n<meta property=\"og:url\" content=\"https:\/\/techcode4u.com\/lojavirtual\/produto\/kit-teclado-e-mouse-sem-fio-cs100-desegn-slim-sem-logo-emb-p\/\" \/>\n<meta property=\"og:site_name\" content=\"LojaVirtual\" \/>\n<meta property=\"article:modified_time\" content=\"2025-10-28T19:34:31+00:00\" \/>\n<meta property=\"og:image\" content=\"https:\/\/techcode4u.com\/lojavirtual\/wp-content\/uploads\/2025\/10\/19655-2-17wl1bfw62.webp\" \/>\n\t<meta property=\"og:image:width\" content=\"599\" \/>\n\t<meta property=\"og:image:height\" content=\"324\" \/>\n\t<meta property=\"og:image:type\" content=\"image\/webp\" \/>\n<meta name=\"twitter:card\" content=\"summary_large_image\" \/>\n<meta name=\"twitter:label1\" content=\"Est. tempo de leitura\" \/>\n\t<meta name=\"twitter:data1\" content=\"1 minuto\" \/>\n<script type=\"application\/ld+json\" class=\"yoast-schema-graph\">{\"@context\":\"https:\/\/schema.org\",\"@graph\":[{\"@type\":\"WebPage\",\"@id\":\"https:\/\/techcode4u.com\/lojavirtual\/produto\/kit-teclado-e-mouse-sem-fio-cs100-desegn-slim-sem-logo-emb-p\/\",\"url\":\"https:\/\/techcode4u.com\/lojavirtual\/produto\/kit-teclado-e-mouse-sem-fio-cs100-desegn-slim-sem-logo-emb-p\/\",\"name\":\"Kit Teclado E Mouse Sem Fio Cs100 Desegn Slim Sem Logo Emb P - LojaVirtual\",\"isPartOf\":{\"@id\":\"https:\/\/techcode4u.com\/lojavirtual\/#website\"},\"primaryImageOfPage\":{\"@id\":\"https:\/\/techcode4u.com\/lojavirtual\/produto\/kit-teclado-e-mouse-sem-fio-cs100-desegn-slim-sem-logo-emb-p\/#primaryimage\"},\"image\":{\"@id\":\"https:\/\/techcode4u.com\/lojavirtual\/produto\/kit-teclado-e-mouse-sem-fio-cs100-desegn-slim-sem-logo-emb-p\/#primaryimage\"},\"thumbnailUrl\":\"https:\/\/techcode4u.com\/lojavirtual\/wp-content\/uploads\/2025\/10\/19655-2-17wl1bfw62.webp\",\"datePublished\":\"2025-10-28T19:34:30+00:00\",\"dateModified\":\"2025-10-28T19:34:31+00:00\",\"breadcrumb\":{\"@id\":\"https:\/\/techcode4u.com\/lojavirtual\/produto\/kit-teclado-e-mouse-sem-fio-cs100-desegn-slim-sem-logo-emb-p\/#breadcrumb\"},\"inLanguage\":\"pt-BR\",\"potentialAction\":[{\"@type\":\"ReadAction\",\"target\":[\"https:\/\/techcode4u.com\/lojavirtual\/produto\/kit-teclado-e-mouse-sem-fio-cs100-desegn-slim-sem-logo-emb-p\/\"]}]},{\"@type\":\"ImageObject\",\"inLanguage\":\"pt-BR\",\"@id\":\"https:\/\/techcode4u.com\/lojavirtual\/produto\/kit-teclado-e-mouse-sem-fio-cs100-desegn-slim-sem-logo-emb-p\/#primaryimage\",\"url\":\"https:\/\/techcode4u.com\/lojavirtual\/wp-content\/uploads\/2025\/10\/19655-2-17wl1bfw62.webp\",\"contentUrl\":\"https:\/\/techcode4u.com\/lojavirtual\/wp-content\/uploads\/2025\/10\/19655-2-17wl1bfw62.webp\",\"width\":599,\"height\":324},{\"@type\":\"BreadcrumbList\",\"@id\":\"https:\/\/techcode4u.com\/lojavirtual\/produto\/kit-teclado-e-mouse-sem-fio-cs100-desegn-slim-sem-logo-emb-p\/#breadcrumb\",\"itemListElement\":[{\"@type\":\"ListItem\",\"position\":1,\"name\":\"In\u00edcio\",\"item\":\"https:\/\/techcode4u.com\/lojavirtual\/\"},{\"@type\":\"ListItem\",\"position\":2,\"name\":\"Loja\",\"item\":\"https:\/\/techcode4u.com\/lojavirtual\/loja\/\"},{\"@type\":\"ListItem\",\"position\":3,\"name\":\"Kit Teclado E Mouse Sem Fio Cs100 Desegn Slim Sem Logo Emb P\"}]},{\"@type\":\"WebSite\",\"@id\":\"https:\/\/techcode4u.com\/lojavirtual\/#website\",\"url\":\"https:\/\/techcode4u.com\/lojavirtual\/\",\"name\":\"Loja Virtual\",\"description\":\"LojaVirtual\",\"publisher\":{\"@id\":\"https:\/\/techcode4u.com\/lojavirtual\/#organization\"},\"potentialAction\":[{\"@type\":\"SearchAction\",\"target\":{\"@type\":\"EntryPoint\",\"urlTemplate\":\"https:\/\/techcode4u.com\/lojavirtual\/?s={search_term_string}\"},\"query-input\":{\"@type\":\"PropertyValueSpecification\",\"valueRequired\":true,\"valueName\":\"search_term_string\"}}],\"inLanguage\":\"pt-BR\"},{\"@type\":\"Organization\",\"@id\":\"https:\/\/techcode4u.com\/lojavirtual\/#organization\",\"name\":\"Bruno Eletr\u00f4nica\",\"url\":\"https:\/\/techcode4u.com\/lojavirtual\/\",\"logo\":{\"@type\":\"ImageObject\",\"inLanguage\":\"pt-BR\",\"@id\":\"https:\/\/techcode4u.com\/lojavirtual\/#\/schema\/logo\/image\/\",\"url\":\"https:\/\/techcode4u.com\/lojavirtual\/wp-content\/uploads\/2025\/10\/cropped-logomarca.png\",\"contentUrl\":\"https:\/\/techcode4u.com\/lojavirtual\/wp-content\/uploads\/2025\/10\/cropped-logomarca.png\",\"width\":595,\"height\":129,\"caption\":\"Bruno Eletr\u00f4nica\"},\"image\":{\"@id\":\"https:\/\/techcode4u.com\/lojavirtual\/#\/schema\/logo\/image\/\"}}]}<\/script>\n<!-- \/ Yoast SEO plugin. -->","yoast_head_json":{"title":"Kit Teclado E Mouse Sem Fio Cs100 Desegn Slim Sem Logo Emb P - LojaVirtual","robots":{"index":"index","follow":"follow","max-snippet":"max-snippet:-1","max-image-preview":"max-image-preview:large","max-video-preview":"max-video-preview:-1"},"canonical":"https:\/\/techcode4u.com\/lojavirtual\/produto\/kit-teclado-e-mouse-sem-fio-cs100-desegn-slim-sem-logo-emb-p\/","og_locale":"pt_BR","og_type":"article","og_title":"Kit Teclado E Mouse Sem Fio Cs100 Desegn Slim Sem Logo Emb P - LojaVirtual","og_description":"Kit Teclado e Mouse Sem Fio CS100 Design Slim \u2013 Multi O Kit Teclado e Mouse Sem Fio CS100 combina estilo, conforto e praticidade para o seu dia a dia. Com design slim e moderno, ele proporciona uma experi\u00eancia de digita\u00e7\u00e3o suave e silenciosa, ideal para escrit\u00f3rios, home office ou uso pessoal. A tecnologia wireless [&hellip;]","og_url":"https:\/\/techcode4u.com\/lojavirtual\/produto\/kit-teclado-e-mouse-sem-fio-cs100-desegn-slim-sem-logo-emb-p\/","og_site_name":"LojaVirtual","article_modified_time":"2025-10-28T19:34:31+00:00","og_image":[{"width":599,"height":324,"url":"https:\/\/techcode4u.com\/lojavirtual\/wp-content\/uploads\/2025\/10\/19655-2-17wl1bfw62.webp","type":"image\/webp"}],"twitter_card":"summary_large_image","twitter_misc":{"Est. tempo de leitura":"1 minuto"},"schema":{"@context":"https:\/\/schema.org","@graph":[{"@type":"WebPage","@id":"https:\/\/techcode4u.com\/lojavirtual\/produto\/kit-teclado-e-mouse-sem-fio-cs100-desegn-slim-sem-logo-emb-p\/","url":"https:\/\/techcode4u.com\/lojavirtual\/produto\/kit-teclado-e-mouse-sem-fio-cs100-desegn-slim-sem-logo-emb-p\/","name":"Kit Teclado E Mouse Sem Fio Cs100 Desegn Slim Sem Logo Emb P - LojaVirtual","isPartOf":{"@id":"https:\/\/techcode4u.com\/lojavirtual\/#website"},"primaryImageOfPage":{"@id":"https:\/\/techcode4u.com\/lojavirtual\/produto\/kit-teclado-e-mouse-sem-fio-cs100-desegn-slim-sem-logo-emb-p\/#primaryimage"},"image":{"@id":"https:\/\/techcode4u.com\/lojavirtual\/produto\/kit-teclado-e-mouse-sem-fio-cs100-desegn-slim-sem-logo-emb-p\/#primaryimage"},"thumbnailUrl":"https:\/\/techcode4u.com\/lojavirtual\/wp-content\/uploads\/2025\/10\/19655-2-17wl1bfw62.webp","datePublished":"2025-10-28T19:34:30+00:00","dateModified":"2025-10-28T19:34:31+00:00","breadcrumb":{"@id":"https:\/\/techcode4u.com\/lojavirtual\/produto\/kit-teclado-e-mouse-sem-fio-cs100-desegn-slim-sem-logo-emb-p\/#breadcrumb"},"inLanguage":"pt-BR","potentialAction":[{"@type":"ReadAction","target":["https:\/\/techcode4u.com\/lojavirtual\/produto\/kit-teclado-e-mouse-sem-fio-cs100-desegn-slim-sem-logo-emb-p\/"]}]},{"@type":"ImageObject","inLanguage":"pt-BR","@id":"https:\/\/techcode4u.com\/lojavirtual\/produto\/kit-teclado-e-mouse-sem-fio-cs100-desegn-slim-sem-logo-emb-p\/#primaryimage","url":"https:\/\/techcode4u.com\/lojavirtual\/wp-content\/uploads\/2025\/10\/19655-2-17wl1bfw62.webp","contentUrl":"https:\/\/techcode4u.com\/lojavirtual\/wp-content\/uploads\/2025\/10\/19655-2-17wl1bfw62.webp","width":599,"height":324},{"@type":"BreadcrumbList","@id":"https:\/\/techcode4u.com\/lojavirtual\/produto\/kit-teclado-e-mouse-sem-fio-cs100-desegn-slim-sem-logo-emb-p\/#breadcrumb","itemListElement":[{"@type":"ListItem","position":1,"name":"In\u00edcio","item":"https:\/\/techcode4u.com\/lojavirtual\/"},{"@type":"ListItem","position":2,"name":"Loja","item":"https:\/\/techcode4u.com\/lojavirtual\/loja\/"},{"@type":"ListItem","position":3,"name":"Kit Teclado E Mouse Sem Fio Cs100 Desegn Slim Sem Logo Emb P"}]},{"@type":"WebSite","@id":"https:\/\/techcode4u.com\/lojavirtual\/#website","url":"https:\/\/techcode4u.com\/lojavirtual\/","name":"Loja Virtual","description":"LojaVirtual","publisher":{"@id":"https:\/\/techcode4u.com\/lojavirtual\/#organization"},"potentialAction":[{"@type":"SearchAction","target":{"@type":"EntryPoint","urlTemplate":"https:\/\/techcode4u.com\/lojavirtual\/?s={search_term_string}"},"query-input":{"@type":"PropertyValueSpecification","valueRequired":true,"valueName":"search_term_string"}}],"inLanguage":"pt-BR"},{"@type":"Organization","@id":"https:\/\/techcode4u.com\/lojavirtual\/#organization","name":"Bruno Eletr\u00f4nica","url":"https:\/\/techcode4u.com\/lojavirtual\/","logo":{"@type":"ImageObject","inLanguage":"pt-BR","@id":"https:\/\/techcode4u.com\/lojavirtual\/#\/schema\/logo\/image\/","url":"https:\/\/techcode4u.com\/lojavirtual\/wp-content\/uploads\/2025\/10\/cropped-logomarca.png","contentUrl":"https:\/\/techcode4u.com\/lojavirtual\/wp-content\/uploads\/2025\/10\/cropped-logomarca.png","width":595,"height":129,"caption":"Bruno Eletr\u00f4nica"},"image":{"@id":"https:\/\/techcode4u.com\/lojavirtual\/#\/schema\/logo\/image\/"}}]}},"brands":[],"_links":{"self":[{"href":"https:\/\/techcode4u.com\/lojavirtual\/wp-json\/wp\/v2\/product\/747","targetHints":{"allow":["GET"]}}],"collection":[{"href":"https:\/\/techcode4u.com\/lojavirtual\/wp-json\/wp\/v2\/product"}],"about":[{"href":"https:\/\/techcode4u.com\/lojavirtual\/wp-json\/wp\/v2\/types\/product"}],"replies":[{"embeddable":true,"href":"https:\/\/techcode4u.com\/lojavirtual\/wp-json\/wp\/v2\/comments?post=747"}],"wp:featuredmedia":[{"embeddable":true,"href":"https:\/\/techcode4u.com\/lojavirtual\/wp-json\/wp\/v2\/media\/748"}],"wp:attachment":[{"href":"https:\/\/techcode4u.com\/lojavirtual\/wp-json\/wp\/v2\/media?parent=747"}],"wp:term":[{"taxonomy":"pwb-brand","embeddable":true,"href":"https:\/\/techcode4u.com\/lojavirtual\/wp-json\/wp\/v2\/pwb-brand?post=747"},{"taxonomy":"product_brand","embeddable":true,"href":"https:\/\/techcode4u.com\/lojavirtual\/wp-json\/wp\/v2\/product_brand?post=747"},{"taxonomy":"product_cat","embeddable":true,"href":"https:\/\/techcode4u.com\/lojavirtual\/wp-json\/wp\/v2\/product_cat?post=747"},{"taxonomy":"product_tag","embeddable":true,"href":"https:\/\/techcode4u.com\/lojavirtual\/wp-json\/wp\/v2\/product_tag?post=747"}],"curies":[{"name":"wp","href":"https:\/\/api.w.org\/{rel}","templated":true}]}}