{"id":719,"date":"2025-10-28T00:21:35","date_gmt":"2025-10-28T03:21:35","guid":{"rendered":"https:\/\/techcode4u.com\/lojavirtual\/?post_type=product&#038;p=719"},"modified":"2025-10-28T00:21:36","modified_gmt":"2025-10-28T03:21:36","slug":"camera-ip-de-video-vipw-1300-mini-sd-3mp-ir-full-color-intelbras","status":"publish","type":"product","link":"https:\/\/techcode4u.com\/lojavirtual\/produto\/camera-ip-de-video-vipw-1300-mini-sd-3mp-ir-full-color-intelbras\/","title":{"rendered":"C\u00e2mera IP de V\u00eddeo VIPW 1300 Mini SD, 3MP, IR, Full Color \u2013 Intelbras"},"content":{"rendered":"<p data-start=\"0\" data-end=\"75\"><strong data-start=\"0\" data-end=\"73\">C\u00e2mera IP de V\u00eddeo VIPW 1300 Mini SD, 3MP, IR, Full Color \u2013 Intelbras<\/strong><\/p>\n<p data-start=\"77\" data-end=\"493\">A <strong data-start=\"79\" data-end=\"110\">C\u00e2mera IP VIPW 1300 Mini SD<\/strong> oferece <strong data-start=\"119\" data-end=\"157\">alta performance e imagens n\u00edtidas<\/strong> em qualquer ambiente. Com <strong data-start=\"184\" data-end=\"213\">resolu\u00e7\u00e3o de 3 megapixels<\/strong>, captura detalhes com excelente qualidade, garantindo seguran\u00e7a e monitoramento profissional. Seu sistema <strong data-start=\"320\" data-end=\"334\">Full Color<\/strong> proporciona imagens coloridas mesmo em baixa luminosidade, e o <strong data-start=\"398\" data-end=\"420\">infravermelho (IR)<\/strong> garante visibilidade clara durante a noite ou em locais com pouca luz.<\/p>\n<p data-start=\"495\" data-end=\"771\">Compacta e discreta, \u00e9 ideal para instala\u00e7\u00e3o em resid\u00eancias, escrit\u00f3rios, com\u00e9rcios e ambientes corporativos. Possui <strong data-start=\"612\" data-end=\"647\">armazenamento em cart\u00e3o microSD<\/strong>, dispensando gravadores externos, al\u00e9m de <strong data-start=\"690\" data-end=\"704\">conex\u00e3o IP<\/strong>, que permite acesso remoto via smartphone, tablet ou computador.<\/p>\n<p data-start=\"773\" data-end=\"952\" data-is-last-node=\"\" data-is-only-node=\"\">Resistente, pr\u00e1tica e de f\u00e1cil configura\u00e7\u00e3o, a <strong data-start=\"820\" data-end=\"841\">VIPW 1300 Mini SD<\/strong> \u00e9 a escolha perfeita para quem busca <strong data-start=\"879\" data-end=\"927\">seguran\u00e7a, praticidade e tecnologia de ponta<\/strong> em um \u00fanico equipamento.<\/p>\n","protected":false},"excerpt":{"rendered":"<p>C\u00e2mera IP de V\u00eddeo VIPW 1300 Mini SD, 3MP, IR, Full Color \u2013 Intelbras A C\u00e2mera IP VIPW 1300 Mini SD oferece alta performance e imagens n\u00edtidas em qualquer ambiente. Com resolu\u00e7\u00e3o de 3 megapixels, captura detalhes com excelente qualidade, garantindo seguran\u00e7a e monitoramento profissional. Seu sistema Full Color proporciona imagens coloridas mesmo em baixa [&hellip;]<\/p>\n","protected":false},"featured_media":720,"comment_status":"open","ping_status":"closed","template":"","meta":[],"pwb-brand":[],"product_brand":[],"product_cat":[16],"product_tag":[],"class_list":{"0":"post-719","1":"product","2":"type-product","3":"status-publish","4":"has-post-thumbnail","6":"product_cat-informatica","8":"first","9":"instock","10":"shipping-taxable","11":"purchasable","12":"product-type-simple"},"yoast_head":"<!-- This site is optimized with the Yoast SEO plugin v26.5 - https:\/\/yoast.com\/wordpress\/plugins\/seo\/ -->\n<title>C\u00e2mera IP de V\u00eddeo VIPW 1300 Mini SD, 3MP, IR, Full Color \u2013 Intelbras - LojaVirtual<\/title>\n<meta name=\"robots\" content=\"index, follow, max-snippet:-1, max-image-preview:large, max-video-preview:-1\" \/>\n<link rel=\"canonical\" href=\"https:\/\/techcode4u.com\/lojavirtual\/produto\/camera-ip-de-video-vipw-1300-mini-sd-3mp-ir-full-color-intelbras\/\" \/>\n<meta property=\"og:locale\" content=\"pt_BR\" \/>\n<meta property=\"og:type\" content=\"article\" \/>\n<meta property=\"og:title\" content=\"C\u00e2mera IP de V\u00eddeo VIPW 1300 Mini SD, 3MP, IR, Full Color \u2013 Intelbras - LojaVirtual\" \/>\n<meta property=\"og:description\" content=\"C\u00e2mera IP de V\u00eddeo VIPW 1300 Mini SD, 3MP, IR, Full Color \u2013 Intelbras A C\u00e2mera IP VIPW 1300 Mini SD oferece alta performance e imagens n\u00edtidas em qualquer ambiente. Com resolu\u00e7\u00e3o de 3 megapixels, captura detalhes com excelente qualidade, garantindo seguran\u00e7a e monitoramento profissional. Seu sistema Full Color proporciona imagens coloridas mesmo em baixa [&hellip;]\" \/>\n<meta property=\"og:url\" content=\"https:\/\/techcode4u.com\/lojavirtual\/produto\/camera-ip-de-video-vipw-1300-mini-sd-3mp-ir-full-color-intelbras\/\" \/>\n<meta property=\"og:site_name\" content=\"LojaVirtual\" \/>\n<meta property=\"article:modified_time\" content=\"2025-10-28T03:21:36+00:00\" \/>\n<meta property=\"og:image\" content=\"https:\/\/techcode4u.com\/lojavirtual\/wp-content\/uploads\/2025\/10\/C-mera-Seguran-a-Ip-Wifi-Intelbras-Vipw-1300-Mini-Sd_1746410432.webp\" \/>\n\t<meta property=\"og:image:width\" content=\"1000\" \/>\n\t<meta property=\"og:image:height\" content=\"1000\" \/>\n\t<meta property=\"og:image:type\" content=\"image\/webp\" \/>\n<meta name=\"twitter:card\" content=\"summary_large_image\" \/>\n<meta name=\"twitter:label1\" content=\"Est. tempo de leitura\" \/>\n\t<meta name=\"twitter:data1\" content=\"1 minuto\" \/>\n<script type=\"application\/ld+json\" class=\"yoast-schema-graph\">{\"@context\":\"https:\/\/schema.org\",\"@graph\":[{\"@type\":\"WebPage\",\"@id\":\"https:\/\/techcode4u.com\/lojavirtual\/produto\/camera-ip-de-video-vipw-1300-mini-sd-3mp-ir-full-color-intelbras\/\",\"url\":\"https:\/\/techcode4u.com\/lojavirtual\/produto\/camera-ip-de-video-vipw-1300-mini-sd-3mp-ir-full-color-intelbras\/\",\"name\":\"C\u00e2mera IP de V\u00eddeo VIPW 1300 Mini SD, 3MP, IR, Full Color \u2013 Intelbras - LojaVirtual\",\"isPartOf\":{\"@id\":\"https:\/\/techcode4u.com\/lojavirtual\/#website\"},\"primaryImageOfPage\":{\"@id\":\"https:\/\/techcode4u.com\/lojavirtual\/produto\/camera-ip-de-video-vipw-1300-mini-sd-3mp-ir-full-color-intelbras\/#primaryimage\"},\"image\":{\"@id\":\"https:\/\/techcode4u.com\/lojavirtual\/produto\/camera-ip-de-video-vipw-1300-mini-sd-3mp-ir-full-color-intelbras\/#primaryimage\"},\"thumbnailUrl\":\"https:\/\/techcode4u.com\/lojavirtual\/wp-content\/uploads\/2025\/10\/C-mera-Seguran-a-Ip-Wifi-Intelbras-Vipw-1300-Mini-Sd_1746410432.webp\",\"datePublished\":\"2025-10-28T03:21:35+00:00\",\"dateModified\":\"2025-10-28T03:21:36+00:00\",\"breadcrumb\":{\"@id\":\"https:\/\/techcode4u.com\/lojavirtual\/produto\/camera-ip-de-video-vipw-1300-mini-sd-3mp-ir-full-color-intelbras\/#breadcrumb\"},\"inLanguage\":\"pt-BR\",\"potentialAction\":[{\"@type\":\"ReadAction\",\"target\":[\"https:\/\/techcode4u.com\/lojavirtual\/produto\/camera-ip-de-video-vipw-1300-mini-sd-3mp-ir-full-color-intelbras\/\"]}]},{\"@type\":\"ImageObject\",\"inLanguage\":\"pt-BR\",\"@id\":\"https:\/\/techcode4u.com\/lojavirtual\/produto\/camera-ip-de-video-vipw-1300-mini-sd-3mp-ir-full-color-intelbras\/#primaryimage\",\"url\":\"https:\/\/techcode4u.com\/lojavirtual\/wp-content\/uploads\/2025\/10\/C-mera-Seguran-a-Ip-Wifi-Intelbras-Vipw-1300-Mini-Sd_1746410432.webp\",\"contentUrl\":\"https:\/\/techcode4u.com\/lojavirtual\/wp-content\/uploads\/2025\/10\/C-mera-Seguran-a-Ip-Wifi-Intelbras-Vipw-1300-Mini-Sd_1746410432.webp\",\"width\":1000,\"height\":1000},{\"@type\":\"BreadcrumbList\",\"@id\":\"https:\/\/techcode4u.com\/lojavirtual\/produto\/camera-ip-de-video-vipw-1300-mini-sd-3mp-ir-full-color-intelbras\/#breadcrumb\",\"itemListElement\":[{\"@type\":\"ListItem\",\"position\":1,\"name\":\"In\u00edcio\",\"item\":\"https:\/\/techcode4u.com\/lojavirtual\/\"},{\"@type\":\"ListItem\",\"position\":2,\"name\":\"Loja\",\"item\":\"https:\/\/techcode4u.com\/lojavirtual\/loja\/\"},{\"@type\":\"ListItem\",\"position\":3,\"name\":\"C\u00e2mera IP de V\u00eddeo VIPW 1300 Mini SD, 3MP, IR, Full Color \u2013 Intelbras\"}]},{\"@type\":\"WebSite\",\"@id\":\"https:\/\/techcode4u.com\/lojavirtual\/#website\",\"url\":\"https:\/\/techcode4u.com\/lojavirtual\/\",\"name\":\"Loja Virtual\",\"description\":\"LojaVirtual\",\"publisher\":{\"@id\":\"https:\/\/techcode4u.com\/lojavirtual\/#organization\"},\"potentialAction\":[{\"@type\":\"SearchAction\",\"target\":{\"@type\":\"EntryPoint\",\"urlTemplate\":\"https:\/\/techcode4u.com\/lojavirtual\/?s={search_term_string}\"},\"query-input\":{\"@type\":\"PropertyValueSpecification\",\"valueRequired\":true,\"valueName\":\"search_term_string\"}}],\"inLanguage\":\"pt-BR\"},{\"@type\":\"Organization\",\"@id\":\"https:\/\/techcode4u.com\/lojavirtual\/#organization\",\"name\":\"Bruno Eletr\u00f4nica\",\"url\":\"https:\/\/techcode4u.com\/lojavirtual\/\",\"logo\":{\"@type\":\"ImageObject\",\"inLanguage\":\"pt-BR\",\"@id\":\"https:\/\/techcode4u.com\/lojavirtual\/#\/schema\/logo\/image\/\",\"url\":\"https:\/\/techcode4u.com\/lojavirtual\/wp-content\/uploads\/2025\/10\/cropped-logomarca.png\",\"contentUrl\":\"https:\/\/techcode4u.com\/lojavirtual\/wp-content\/uploads\/2025\/10\/cropped-logomarca.png\",\"width\":595,\"height\":129,\"caption\":\"Bruno Eletr\u00f4nica\"},\"image\":{\"@id\":\"https:\/\/techcode4u.com\/lojavirtual\/#\/schema\/logo\/image\/\"}}]}<\/script>\n<!-- \/ Yoast SEO plugin. -->","yoast_head_json":{"title":"C\u00e2mera IP de V\u00eddeo VIPW 1300 Mini SD, 3MP, IR, Full Color \u2013 Intelbras - LojaVirtual","robots":{"index":"index","follow":"follow","max-snippet":"max-snippet:-1","max-image-preview":"max-image-preview:large","max-video-preview":"max-video-preview:-1"},"canonical":"https:\/\/techcode4u.com\/lojavirtual\/produto\/camera-ip-de-video-vipw-1300-mini-sd-3mp-ir-full-color-intelbras\/","og_locale":"pt_BR","og_type":"article","og_title":"C\u00e2mera IP de V\u00eddeo VIPW 1300 Mini SD, 3MP, IR, Full Color \u2013 Intelbras - LojaVirtual","og_description":"C\u00e2mera IP de V\u00eddeo VIPW 1300 Mini SD, 3MP, IR, Full Color \u2013 Intelbras A C\u00e2mera IP VIPW 1300 Mini SD oferece alta performance e imagens n\u00edtidas em qualquer ambiente. Com resolu\u00e7\u00e3o de 3 megapixels, captura detalhes com excelente qualidade, garantindo seguran\u00e7a e monitoramento profissional. Seu sistema Full Color proporciona imagens coloridas mesmo em baixa [&hellip;]","og_url":"https:\/\/techcode4u.com\/lojavirtual\/produto\/camera-ip-de-video-vipw-1300-mini-sd-3mp-ir-full-color-intelbras\/","og_site_name":"LojaVirtual","article_modified_time":"2025-10-28T03:21:36+00:00","og_image":[{"width":1000,"height":1000,"url":"https:\/\/techcode4u.com\/lojavirtual\/wp-content\/uploads\/2025\/10\/C-mera-Seguran-a-Ip-Wifi-Intelbras-Vipw-1300-Mini-Sd_1746410432.webp","type":"image\/webp"}],"twitter_card":"summary_large_image","twitter_misc":{"Est. tempo de leitura":"1 minuto"},"schema":{"@context":"https:\/\/schema.org","@graph":[{"@type":"WebPage","@id":"https:\/\/techcode4u.com\/lojavirtual\/produto\/camera-ip-de-video-vipw-1300-mini-sd-3mp-ir-full-color-intelbras\/","url":"https:\/\/techcode4u.com\/lojavirtual\/produto\/camera-ip-de-video-vipw-1300-mini-sd-3mp-ir-full-color-intelbras\/","name":"C\u00e2mera IP de V\u00eddeo VIPW 1300 Mini SD, 3MP, IR, Full Color \u2013 Intelbras - LojaVirtual","isPartOf":{"@id":"https:\/\/techcode4u.com\/lojavirtual\/#website"},"primaryImageOfPage":{"@id":"https:\/\/techcode4u.com\/lojavirtual\/produto\/camera-ip-de-video-vipw-1300-mini-sd-3mp-ir-full-color-intelbras\/#primaryimage"},"image":{"@id":"https:\/\/techcode4u.com\/lojavirtual\/produto\/camera-ip-de-video-vipw-1300-mini-sd-3mp-ir-full-color-intelbras\/#primaryimage"},"thumbnailUrl":"https:\/\/techcode4u.com\/lojavirtual\/wp-content\/uploads\/2025\/10\/C-mera-Seguran-a-Ip-Wifi-Intelbras-Vipw-1300-Mini-Sd_1746410432.webp","datePublished":"2025-10-28T03:21:35+00:00","dateModified":"2025-10-28T03:21:36+00:00","breadcrumb":{"@id":"https:\/\/techcode4u.com\/lojavirtual\/produto\/camera-ip-de-video-vipw-1300-mini-sd-3mp-ir-full-color-intelbras\/#breadcrumb"},"inLanguage":"pt-BR","potentialAction":[{"@type":"ReadAction","target":["https:\/\/techcode4u.com\/lojavirtual\/produto\/camera-ip-de-video-vipw-1300-mini-sd-3mp-ir-full-color-intelbras\/"]}]},{"@type":"ImageObject","inLanguage":"pt-BR","@id":"https:\/\/techcode4u.com\/lojavirtual\/produto\/camera-ip-de-video-vipw-1300-mini-sd-3mp-ir-full-color-intelbras\/#primaryimage","url":"https:\/\/techcode4u.com\/lojavirtual\/wp-content\/uploads\/2025\/10\/C-mera-Seguran-a-Ip-Wifi-Intelbras-Vipw-1300-Mini-Sd_1746410432.webp","contentUrl":"https:\/\/techcode4u.com\/lojavirtual\/wp-content\/uploads\/2025\/10\/C-mera-Seguran-a-Ip-Wifi-Intelbras-Vipw-1300-Mini-Sd_1746410432.webp","width":1000,"height":1000},{"@type":"BreadcrumbList","@id":"https:\/\/techcode4u.com\/lojavirtual\/produto\/camera-ip-de-video-vipw-1300-mini-sd-3mp-ir-full-color-intelbras\/#breadcrumb","itemListElement":[{"@type":"ListItem","position":1,"name":"In\u00edcio","item":"https:\/\/techcode4u.com\/lojavirtual\/"},{"@type":"ListItem","position":2,"name":"Loja","item":"https:\/\/techcode4u.com\/lojavirtual\/loja\/"},{"@type":"ListItem","position":3,"name":"C\u00e2mera IP de V\u00eddeo VIPW 1300 Mini SD, 3MP, IR, Full Color \u2013 Intelbras"}]},{"@type":"WebSite","@id":"https:\/\/techcode4u.com\/lojavirtual\/#website","url":"https:\/\/techcode4u.com\/lojavirtual\/","name":"Loja Virtual","description":"LojaVirtual","publisher":{"@id":"https:\/\/techcode4u.com\/lojavirtual\/#organization"},"potentialAction":[{"@type":"SearchAction","target":{"@type":"EntryPoint","urlTemplate":"https:\/\/techcode4u.com\/lojavirtual\/?s={search_term_string}"},"query-input":{"@type":"PropertyValueSpecification","valueRequired":true,"valueName":"search_term_string"}}],"inLanguage":"pt-BR"},{"@type":"Organization","@id":"https:\/\/techcode4u.com\/lojavirtual\/#organization","name":"Bruno Eletr\u00f4nica","url":"https:\/\/techcode4u.com\/lojavirtual\/","logo":{"@type":"ImageObject","inLanguage":"pt-BR","@id":"https:\/\/techcode4u.com\/lojavirtual\/#\/schema\/logo\/image\/","url":"https:\/\/techcode4u.com\/lojavirtual\/wp-content\/uploads\/2025\/10\/cropped-logomarca.png","contentUrl":"https:\/\/techcode4u.com\/lojavirtual\/wp-content\/uploads\/2025\/10\/cropped-logomarca.png","width":595,"height":129,"caption":"Bruno Eletr\u00f4nica"},"image":{"@id":"https:\/\/techcode4u.com\/lojavirtual\/#\/schema\/logo\/image\/"}}]}},"brands":[],"_links":{"self":[{"href":"https:\/\/techcode4u.com\/lojavirtual\/wp-json\/wp\/v2\/product\/719","targetHints":{"allow":["GET"]}}],"collection":[{"href":"https:\/\/techcode4u.com\/lojavirtual\/wp-json\/wp\/v2\/product"}],"about":[{"href":"https:\/\/techcode4u.com\/lojavirtual\/wp-json\/wp\/v2\/types\/product"}],"replies":[{"embeddable":true,"href":"https:\/\/techcode4u.com\/lojavirtual\/wp-json\/wp\/v2\/comments?post=719"}],"wp:featuredmedia":[{"embeddable":true,"href":"https:\/\/techcode4u.com\/lojavirtual\/wp-json\/wp\/v2\/media\/720"}],"wp:attachment":[{"href":"https:\/\/techcode4u.com\/lojavirtual\/wp-json\/wp\/v2\/media?parent=719"}],"wp:term":[{"taxonomy":"pwb-brand","embeddable":true,"href":"https:\/\/techcode4u.com\/lojavirtual\/wp-json\/wp\/v2\/pwb-brand?post=719"},{"taxonomy":"product_brand","embeddable":true,"href":"https:\/\/techcode4u.com\/lojavirtual\/wp-json\/wp\/v2\/product_brand?post=719"},{"taxonomy":"product_cat","embeddable":true,"href":"https:\/\/techcode4u.com\/lojavirtual\/wp-json\/wp\/v2\/product_cat?post=719"},{"taxonomy":"product_tag","embeddable":true,"href":"https:\/\/techcode4u.com\/lojavirtual\/wp-json\/wp\/v2\/product_tag?post=719"}],"curies":[{"name":"wp","href":"https:\/\/api.w.org\/{rel}","templated":true}]}}