{"id":3,"date":"2025-10-15T19:50:22","date_gmt":"2025-10-15T22:50:22","guid":{"rendered":"https:\/\/techcode4u.com\/lojavirtual\/?page_id=3"},"modified":"2025-10-19T22:56:36","modified_gmt":"2025-10-20T01:56:36","slug":"politica-de-privacidade","status":"publish","type":"page","link":"https:\/\/techcode4u.com\/lojavirtual\/politica-de-privacidade\/","title":{"rendered":"Pol\u00edtica de privacidade"},"content":{"rendered":"\t\t<div data-elementor-type=\"wp-page\" data-elementor-id=\"3\" class=\"elementor elementor-3\" data-elementor-post-type=\"page\">\n\t\t\t\t<div class=\"elementor-element elementor-element-1e791048 e-flex e-con-boxed e-con e-parent\" data-id=\"1e791048\" data-element_type=\"container\">\n\t\t\t\t\t<div class=\"e-con-inner\">\n\t\t\t\t<div class=\"elementor-element elementor-element-34e1dc48 elementor-widget elementor-widget-text-editor\" data-id=\"34e1dc48\" data-element_type=\"widget\" data-widget_type=\"text-editor.default\">\n\t\t\t\t\t\t\t\t\t\n<h2 class=\"resize-observable wp-block-heading\"><span style=\"color: #050a30;\">Pol\u00edtica de Privacidade da Tech Code4U<\/span><\/h2>\n<p data-sourcepos=\"3:1-3:395\">A Tech Code4U\u00a0 leva a s\u00e9rio a privacidade de seus clientes e se compromete a proteger seus dados pessoais. Esta Pol\u00edtica de Privacidade (\u201cPol\u00edtica\u201d) descreve como coletamos, usamos e divulgamos seus dados pessoais quando voc\u00ea visita nosso site,<a href=\"https:\/\/techcode4u.com\/lojavirtual\/\"> https:\/\/techcode4u.com\/lojavirtual\/<\/a>, usa nossos servi\u00e7os ou interage conosco de qualquer outra forma.<\/p>\n<p data-sourcepos=\"5:1-5:31\"><strong>1. Coleta de Dados Pessoais<\/strong><\/p>\n<p data-sourcepos=\"7:1-7:65\">Coletamos dados pessoais de voc\u00ea de diversas maneiras, incluindo:<\/p>\n<ul data-sourcepos=\"9:1-12:0\">\n<li data-sourcepos=\"9:1-9:261\"><strong>Informa\u00e7\u00f5es que voc\u00ea fornece:<\/strong>\u00a0Quando voc\u00ea cria uma conta, faz uma compra, entra em contato conosco ou se inscreve em nossa newsletter, coletamos informa\u00e7\u00f5es como seu nome, endere\u00e7o de e-mail, n\u00famero de telefone, endere\u00e7o f\u00edsico e informa\u00e7\u00f5es de pagamento.<\/li>\n<li data-sourcepos=\"10:1-10:326\"><strong>Informa\u00e7\u00f5es de uso:<\/strong>\u00a0Quando voc\u00ea usa nosso site ou servi\u00e7os, coletamos informa\u00e7\u00f5es sobre sua atividade, como as p\u00e1ginas que voc\u00ea visita, os produtos que voc\u00ea visualiza e as compras que voc\u00ea faz. Tamb\u00e9m coletamos informa\u00e7\u00f5es sobre seu dispositivo e navegador, como seu endere\u00e7o IP, tipo de navegador e sistema operacional.<\/li>\n<li data-sourcepos=\"11:1-12:0\"><strong>Informa\u00e7\u00f5es de terceiros:<\/strong>\u00a0Podemos receber informa\u00e7\u00f5es sobre voc\u00ea de terceiros, como parceiros de marketing ou plataformas de m\u00eddia social.<\/li>\n<\/ul>\n<p data-sourcepos=\"13:1-13:28\"><strong>2. Uso de Dados Pessoais<\/strong><\/p>\n<p data-sourcepos=\"15:1-15:56\">Usamos seus dados pessoais para os seguintes prop\u00f3sitos:<\/p>\n<ul data-sourcepos=\"17:1-21:0\">\n<li data-sourcepos=\"17:1-17:208\"><strong>Fornecer e melhorar nossos servi\u00e7os:<\/strong>\u00a0Usamos seus dados pessoais para fornecer a voc\u00ea os produtos e servi\u00e7os que voc\u00ea solicita, para melhorar nossos servi\u00e7os e para desenvolver novos produtos e servi\u00e7os.<\/li>\n<li data-sourcepos=\"18:1-18:199\"><strong>Comunicar-nos com voc\u00ea:<\/strong>\u00a0Usamos seus dados pessoais para comunicar-nos com voc\u00ea sobre sua conta, seus pedidos, promo\u00e7\u00f5es e ofertas especiais e outras informa\u00e7\u00f5es que possam ser do seu interesse.<\/li>\n<li data-sourcepos=\"19:1-19:145\"><strong>Analisar e entender nossos clientes:<\/strong>\u00a0Usamos seus dados pessoais para analisar e entender nossos clientes, suas necessidades e prefer\u00eancias.<\/li>\n<li data-sourcepos=\"20:1-21:0\"><strong>Prevenir fraudes e proteger nossa seguran\u00e7a:<\/strong>\u00a0Usamos seus dados pessoais para prevenir fraudes, proteger nossa seguran\u00e7a e cumprir a lei.<\/li>\n<\/ul>\n<p data-sourcepos=\"22:1-22:41\"><strong>3. Compartilhamento de Dados Pessoais<\/strong><\/p>\n<p data-sourcepos=\"24:1-24:68\">Podemos compartilhar seus dados pessoais com os seguintes terceiros:<\/p>\n<ul data-sourcepos=\"26:1-29:0\">\n<li data-sourcepos=\"26:1-26:221\"><strong>Fornecedores de servi\u00e7os:<\/strong>\u00a0Compartilhamos seus dados pessoais com fornecedores de servi\u00e7os que nos ajudam a operar nosso neg\u00f3cio, como processadores de pagamento, empresas de log\u00edstica e provedores de servi\u00e7os de TI.<\/li>\n<li data-sourcepos=\"27:1-27:178\"><strong>Parceiros de marketing:<\/strong>\u00a0Podemos compartilhar seus dados pessoais com parceiros de marketing para que voc\u00ea possa receber ofertas e promo\u00e7\u00f5es que possam ser do seu interesse.<\/li>\n<li data-sourcepos=\"28:1-29:0\"><strong>Autoridades governamentais:<\/strong>\u00a0Podemos compartilhar seus dados pessoais com autoridades governamentais se formos obrigados a faz\u00ea-lo por lei ou se acreditarmos que \u00e9 necess\u00e1rio para proteger nossos direitos ou os direitos de terceiros.<\/li>\n<\/ul>\n<p data-sourcepos=\"30:1-30:20\"><strong>4. Seus Direitos<\/strong><\/p>\n<p data-sourcepos=\"32:1-32:66\">Voc\u00ea tem os seguintes direitos em rela\u00e7\u00e3o aos seus dados pessoais:<\/p>\n<ul data-sourcepos=\"34:1-40:0\">\n<li data-sourcepos=\"34:1-34:78\"><strong>Acesso:<\/strong>\u00a0Voc\u00ea tem o direito de acessar seus dados pessoais que coletamos.<\/li>\n<li data-sourcepos=\"35:1-35:127\"><strong>Retifica\u00e7\u00e3o:<\/strong>\u00a0Voc\u00ea tem o direito de solicitar a retifica\u00e7\u00e3o de seus dados pessoais se estiverem incorretos ou incompletos.<\/li>\n<li data-sourcepos=\"36:1-36:80\"><strong>Apagar:<\/strong>\u00a0Voc\u00ea tem o direito de solicitar que excluamos seus dados pessoais.<\/li>\n<li data-sourcepos=\"37:1-37:122\"><strong>Restri\u00e7\u00e3o de processamento:<\/strong>\u00a0Voc\u00ea tem o direito de solicitar que restrinjamos o processamento de seus dados pessoais.<\/li>\n<li data-sourcepos=\"38:1-38:103\"><strong>Oposi\u00e7\u00e3o ao processamento:<\/strong>\u00a0Voc\u00ea tem o direito de se opor ao processamento de seus dados pessoais.<\/li>\n<li data-sourcepos=\"39:1-40:0\"><strong>Portabilidade de dados:<\/strong>\u00a0Voc\u00ea tem o direito de receber seus dados pessoais em um formato estruturado, de uso comum e leg\u00edvel por m\u00e1quina e de transferi-los para outro controlador.<\/li>\n<\/ul>\n<p data-sourcepos=\"41:1-41:34\"><strong>5. Seguran\u00e7a de Dados Pessoais<\/strong><\/p>\n<p data-sourcepos=\"43:1-43:194\">Tomamos medidas de seguran\u00e7a t\u00e9cnicas e organizacionais adequadas para proteger seus dados pessoais contra perda, roubo, uso indevido, acesso n\u00e3o autorizado, divulga\u00e7\u00e3o, altera\u00e7\u00e3o ou destrui\u00e7\u00e3o.<\/p>\n<p data-sourcepos=\"45:1-45:33\"><strong>6. Reten\u00e7\u00e3o de Dados Pessoais<\/strong><\/p>\n<p data-sourcepos=\"47:1-47:175\">Retemos seus dados pessoais pelo tempo necess\u00e1rio para cumprir os prop\u00f3sitos para os quais foram coletados, a menos que um per\u00edodo de reten\u00e7\u00e3o mais longo seja exigido por lei.<\/p>\n<p data-sourcepos=\"49:1-49:32\"><strong>7. Altera\u00e7\u00f5es nesta Pol\u00edtica<\/strong><\/p>\n<p data-sourcepos=\"51:1-51:174\">Podemos atualizar esta Pol\u00edtica de tempos em tempos. Notificaremos voc\u00ea sobre qualquer altera\u00e7\u00e3o significativa nesta Pol\u00edtica por e-mail ou publicando um aviso em nosso site.<\/p>\n<p data-sourcepos=\"53:1-53:14\"><strong>8. Contato<\/strong><\/p>\n<p data-sourcepos=\"55:1-55:148\">Se voc\u00ea tiver alguma d\u00favida sobre esta Pol\u00edtica ou sobre o tratamento de seus dados pessoais, entre em contato conosco pelo e-mail [email protected]<\/p>\n<p data-sourcepos=\"57:1-57:37\"><strong>9. Outras Informa\u00e7\u00f5es Importantes<\/strong><\/p>\n<p data-sourcepos=\"59:1-59:100\">Esta Pol\u00edtica n\u00e3o se aplica a pr\u00e1ticas de terceiros que n\u00e3o sejam de nossa propriedade ou controle.<\/p>\n<p data-sourcepos=\"61:1-61:75\">Ao usar nosso site ou servi\u00e7os, voc\u00ea concorda com os termos desta Pol\u00edtica.<\/p>\n<p data-sourcepos=\"63:1-63:51\"><strong>Obrigado por ler nossa Pol\u00edtica de Privacidade!<\/strong><\/p>\t\t\t\t\t\t\t\t<\/div>\n\t\t\t\t\t<\/div>\n\t\t\t\t<\/div>\n\t\t\t\t<\/div>\n\t\t","protected":false},"excerpt":{"rendered":"<p>Pol\u00edtica de Privacidade da Tech Code4U A Tech Code4U\u00a0 leva a s\u00e9rio a privacidade de seus clientes e se compromete a proteger seus dados pessoais. Esta Pol\u00edtica de Privacidade (\u201cPol\u00edtica\u201d) descreve como coletamos, usamos e divulgamos seus dados pessoais quando voc\u00ea visita nosso site, https:\/\/techcode4u.com\/lojavirtual\/, usa nossos servi\u00e7os ou interage conosco de qualquer outra forma. [&hellip;]<\/p>\n","protected":false},"author":1,"featured_media":0,"parent":0,"menu_order":0,"comment_status":"closed","ping_status":"open","template":"elementor_header_footer","meta":{"footnotes":""},"class_list":["post-3","page","type-page","status-publish","hentry"],"yoast_head":"<!-- This site is optimized with the Yoast SEO plugin v26.5 - https:\/\/yoast.com\/wordpress\/plugins\/seo\/ -->\n<title>Pol\u00edtica de privacidade - LojaVirtual<\/title>\n<meta name=\"robots\" content=\"index, follow, max-snippet:-1, max-image-preview:large, max-video-preview:-1\" \/>\n<link rel=\"canonical\" href=\"https:\/\/techcode4u.com\/lojavirtual\/politica-de-privacidade\/\" \/>\n<meta property=\"og:locale\" content=\"pt_BR\" \/>\n<meta property=\"og:type\" content=\"article\" \/>\n<meta property=\"og:title\" content=\"Pol\u00edtica de privacidade - LojaVirtual\" \/>\n<meta property=\"og:description\" content=\"Pol\u00edtica de Privacidade da Tech Code4U A Tech Code4U\u00a0 leva a s\u00e9rio a privacidade de seus clientes e se compromete a proteger seus dados pessoais. Esta Pol\u00edtica de Privacidade (\u201cPol\u00edtica\u201d) descreve como coletamos, usamos e divulgamos seus dados pessoais quando voc\u00ea visita nosso site, https:\/\/techcode4u.com\/lojavirtual\/, usa nossos servi\u00e7os ou interage conosco de qualquer outra forma. [&hellip;]\" \/>\n<meta property=\"og:url\" content=\"https:\/\/techcode4u.com\/lojavirtual\/politica-de-privacidade\/\" \/>\n<meta property=\"og:site_name\" content=\"LojaVirtual\" \/>\n<meta property=\"article:modified_time\" content=\"2025-10-20T01:56:36+00:00\" \/>\n<meta name=\"twitter:card\" content=\"summary_large_image\" \/>\n<meta name=\"twitter:label1\" content=\"Est. tempo de leitura\" \/>\n\t<meta name=\"twitter:data1\" content=\"4 minutos\" \/>\n<script type=\"application\/ld+json\" class=\"yoast-schema-graph\">{\"@context\":\"https:\/\/schema.org\",\"@graph\":[{\"@type\":\"WebPage\",\"@id\":\"https:\/\/techcode4u.com\/lojavirtual\/politica-de-privacidade\/\",\"url\":\"https:\/\/techcode4u.com\/lojavirtual\/politica-de-privacidade\/\",\"name\":\"Pol\u00edtica de privacidade - LojaVirtual\",\"isPartOf\":{\"@id\":\"https:\/\/techcode4u.com\/lojavirtual\/#website\"},\"datePublished\":\"2025-10-15T22:50:22+00:00\",\"dateModified\":\"2025-10-20T01:56:36+00:00\",\"breadcrumb\":{\"@id\":\"https:\/\/techcode4u.com\/lojavirtual\/politica-de-privacidade\/#breadcrumb\"},\"inLanguage\":\"pt-BR\",\"potentialAction\":[{\"@type\":\"ReadAction\",\"target\":[\"https:\/\/techcode4u.com\/lojavirtual\/politica-de-privacidade\/\"]}]},{\"@type\":\"BreadcrumbList\",\"@id\":\"https:\/\/techcode4u.com\/lojavirtual\/politica-de-privacidade\/#breadcrumb\",\"itemListElement\":[{\"@type\":\"ListItem\",\"position\":1,\"name\":\"In\u00edcio\",\"item\":\"https:\/\/techcode4u.com\/lojavirtual\/\"},{\"@type\":\"ListItem\",\"position\":2,\"name\":\"Pol\u00edtica de privacidade\"}]},{\"@type\":\"WebSite\",\"@id\":\"https:\/\/techcode4u.com\/lojavirtual\/#website\",\"url\":\"https:\/\/techcode4u.com\/lojavirtual\/\",\"name\":\"Loja Virtual\",\"description\":\"LojaVirtual\",\"publisher\":{\"@id\":\"https:\/\/techcode4u.com\/lojavirtual\/#organization\"},\"potentialAction\":[{\"@type\":\"SearchAction\",\"target\":{\"@type\":\"EntryPoint\",\"urlTemplate\":\"https:\/\/techcode4u.com\/lojavirtual\/?s={search_term_string}\"},\"query-input\":{\"@type\":\"PropertyValueSpecification\",\"valueRequired\":true,\"valueName\":\"search_term_string\"}}],\"inLanguage\":\"pt-BR\"},{\"@type\":\"Organization\",\"@id\":\"https:\/\/techcode4u.com\/lojavirtual\/#organization\",\"name\":\"Bruno Eletr\u00f4nica\",\"url\":\"https:\/\/techcode4u.com\/lojavirtual\/\",\"logo\":{\"@type\":\"ImageObject\",\"inLanguage\":\"pt-BR\",\"@id\":\"https:\/\/techcode4u.com\/lojavirtual\/#\/schema\/logo\/image\/\",\"url\":\"https:\/\/techcode4u.com\/lojavirtual\/wp-content\/uploads\/2025\/10\/cropped-logomarca.png\",\"contentUrl\":\"https:\/\/techcode4u.com\/lojavirtual\/wp-content\/uploads\/2025\/10\/cropped-logomarca.png\",\"width\":595,\"height\":129,\"caption\":\"Bruno Eletr\u00f4nica\"},\"image\":{\"@id\":\"https:\/\/techcode4u.com\/lojavirtual\/#\/schema\/logo\/image\/\"}}]}<\/script>\n<!-- \/ Yoast SEO plugin. -->","yoast_head_json":{"title":"Pol\u00edtica de privacidade - LojaVirtual","robots":{"index":"index","follow":"follow","max-snippet":"max-snippet:-1","max-image-preview":"max-image-preview:large","max-video-preview":"max-video-preview:-1"},"canonical":"https:\/\/techcode4u.com\/lojavirtual\/politica-de-privacidade\/","og_locale":"pt_BR","og_type":"article","og_title":"Pol\u00edtica de privacidade - LojaVirtual","og_description":"Pol\u00edtica de Privacidade da Tech Code4U A Tech Code4U\u00a0 leva a s\u00e9rio a privacidade de seus clientes e se compromete a proteger seus dados pessoais. Esta Pol\u00edtica de Privacidade (\u201cPol\u00edtica\u201d) descreve como coletamos, usamos e divulgamos seus dados pessoais quando voc\u00ea visita nosso site, https:\/\/techcode4u.com\/lojavirtual\/, usa nossos servi\u00e7os ou interage conosco de qualquer outra forma. [&hellip;]","og_url":"https:\/\/techcode4u.com\/lojavirtual\/politica-de-privacidade\/","og_site_name":"LojaVirtual","article_modified_time":"2025-10-20T01:56:36+00:00","twitter_card":"summary_large_image","twitter_misc":{"Est. tempo de leitura":"4 minutos"},"schema":{"@context":"https:\/\/schema.org","@graph":[{"@type":"WebPage","@id":"https:\/\/techcode4u.com\/lojavirtual\/politica-de-privacidade\/","url":"https:\/\/techcode4u.com\/lojavirtual\/politica-de-privacidade\/","name":"Pol\u00edtica de privacidade - LojaVirtual","isPartOf":{"@id":"https:\/\/techcode4u.com\/lojavirtual\/#website"},"datePublished":"2025-10-15T22:50:22+00:00","dateModified":"2025-10-20T01:56:36+00:00","breadcrumb":{"@id":"https:\/\/techcode4u.com\/lojavirtual\/politica-de-privacidade\/#breadcrumb"},"inLanguage":"pt-BR","potentialAction":[{"@type":"ReadAction","target":["https:\/\/techcode4u.com\/lojavirtual\/politica-de-privacidade\/"]}]},{"@type":"BreadcrumbList","@id":"https:\/\/techcode4u.com\/lojavirtual\/politica-de-privacidade\/#breadcrumb","itemListElement":[{"@type":"ListItem","position":1,"name":"In\u00edcio","item":"https:\/\/techcode4u.com\/lojavirtual\/"},{"@type":"ListItem","position":2,"name":"Pol\u00edtica de privacidade"}]},{"@type":"WebSite","@id":"https:\/\/techcode4u.com\/lojavirtual\/#website","url":"https:\/\/techcode4u.com\/lojavirtual\/","name":"Loja Virtual","description":"LojaVirtual","publisher":{"@id":"https:\/\/techcode4u.com\/lojavirtual\/#organization"},"potentialAction":[{"@type":"SearchAction","target":{"@type":"EntryPoint","urlTemplate":"https:\/\/techcode4u.com\/lojavirtual\/?s={search_term_string}"},"query-input":{"@type":"PropertyValueSpecification","valueRequired":true,"valueName":"search_term_string"}}],"inLanguage":"pt-BR"},{"@type":"Organization","@id":"https:\/\/techcode4u.com\/lojavirtual\/#organization","name":"Bruno Eletr\u00f4nica","url":"https:\/\/techcode4u.com\/lojavirtual\/","logo":{"@type":"ImageObject","inLanguage":"pt-BR","@id":"https:\/\/techcode4u.com\/lojavirtual\/#\/schema\/logo\/image\/","url":"https:\/\/techcode4u.com\/lojavirtual\/wp-content\/uploads\/2025\/10\/cropped-logomarca.png","contentUrl":"https:\/\/techcode4u.com\/lojavirtual\/wp-content\/uploads\/2025\/10\/cropped-logomarca.png","width":595,"height":129,"caption":"Bruno Eletr\u00f4nica"},"image":{"@id":"https:\/\/techcode4u.com\/lojavirtual\/#\/schema\/logo\/image\/"}}]}},"_links":{"self":[{"href":"https:\/\/techcode4u.com\/lojavirtual\/wp-json\/wp\/v2\/pages\/3","targetHints":{"allow":["GET"]}}],"collection":[{"href":"https:\/\/techcode4u.com\/lojavirtual\/wp-json\/wp\/v2\/pages"}],"about":[{"href":"https:\/\/techcode4u.com\/lojavirtual\/wp-json\/wp\/v2\/types\/page"}],"author":[{"embeddable":true,"href":"https:\/\/techcode4u.com\/lojavirtual\/wp-json\/wp\/v2\/users\/1"}],"replies":[{"embeddable":true,"href":"https:\/\/techcode4u.com\/lojavirtual\/wp-json\/wp\/v2\/comments?post=3"}],"version-history":[{"count":7,"href":"https:\/\/techcode4u.com\/lojavirtual\/wp-json\/wp\/v2\/pages\/3\/revisions"}],"predecessor-version":[{"id":605,"href":"https:\/\/techcode4u.com\/lojavirtual\/wp-json\/wp\/v2\/pages\/3\/revisions\/605"}],"wp:attachment":[{"href":"https:\/\/techcode4u.com\/lojavirtual\/wp-json\/wp\/v2\/media?parent=3"}],"curies":[{"name":"wp","href":"https:\/\/api.w.org\/{rel}","templated":true}]}}